{"id":60367,"date":"2023-05-26T10:05:51","date_gmt":"2023-05-26T09:05:51","guid":{"rendered":"https:\/\/easyscreen.tv\/contact\/"},"modified":"2026-01-27T17:21:05","modified_gmt":"2026-01-27T16:21:05","slug":"kontakt","status":"publish","type":"page","link":"https:\/\/easyscreen.tv\/de\/kontakt\/","title":{"rendered":"Kontakt"},"content":{"rendered":"\t\t<div data-elementor-type=\"wp-page\" data-elementor-id=\"60367\" class=\"elementor elementor-60367 elementor-38433\" data-elementor-post-type=\"page\">\n\t\t\t\t\t\t<section class=\"elementor-section elementor-top-section elementor-element elementor-element-9b86724 elementor-section-boxed elementor-section-height-default elementor-section-height-default\" data-id=\"9b86724\" data-element_type=\"section\" data-e-type=\"section\">\n\t\t\t\t\t\t<div class=\"elementor-container elementor-column-gap-default\">\n\t\t\t\t\t<div class=\"elementor-column elementor-col-50 elementor-top-column elementor-element elementor-element-c387bc8\" data-id=\"c387bc8\" data-element_type=\"column\" data-e-type=\"column\">\n\t\t\t<div class=\"elementor-widget-wrap elementor-element-populated\">\n\t\t\t\t\t\t<div class=\"elementor-element elementor-element-9acc0da elementor-widget elementor-widget-heading\" data-id=\"9acc0da\" data-element_type=\"widget\" data-e-type=\"widget\" data-widget_type=\"heading.default\">\n\t\t\t\t<div class=\"elementor-widget-container\">\n\t\t\t\t\t<h1 class=\"elementor-heading-title elementor-size-default\">Haben Sie eine Frage oder wie k\u00f6nnen wir Ihnen helfen?<\/h1>\t\t\t\t<\/div>\n\t\t\t\t<\/div>\n\t\t\t\t<div class=\"elementor-element elementor-element-aae1ef2 elementor-widget elementor-widget-text-editor\" data-id=\"aae1ef2\" data-element_type=\"widget\" data-e-type=\"widget\" data-widget_type=\"text-editor.default\">\n\t\t\t\t<div class=\"elementor-widget-container\">\n\t\t\t\t\t\t\t\t\t<p>Schicken Sie uns Ihre Nachricht und wir werden Ihnen so schnell wie m\u00f6glich antworten.<\/p><p>Sie bevorzugen einen pers\u00f6nlichen Kontakt? Unser B\u00fcro ist w\u00e4hrend der Gesch\u00e4ftszeiten ge\u00f6ffnet.<\/p><p>Vertrieb:<\/p><p><a href=\"mailto:Salesgermany@mcubedigital.com\">Sales.germany@mcubedigital.com<\/a><\/p><p>Tel.: <a href=\"tel:+49069698677620\">+49 (0)69 &#8211; 6986776 20<\/a><\/p><p>\u00a0<\/p><p>Support:<\/p><p><a href=\"mailto:Supportgermany@mcubedigital.com\">Support.germany@mcubedigital.com<\/a><\/p><p>Tel.: <a href=\"tel:+49069698677600\">+49 (0)69 &#8211; 6986776 00<\/a><\/p><p>Besuchsadresse (nach vorheriger Terminabstimmung):<\/p><p>M-Cube Deutschland GmbH<\/p><p>Hanauer Landstra\u00dfe 291<\/p><p>60314 Frankfurt am Main<\/p><p><strong style=\"font-style: inherit; color: var( --e-global-color-text ); background-color: var(--ast-global-color-5);\">\u00a0<\/strong><\/p>\t\t\t\t\t\t\t\t<\/div>\n\t\t\t\t<\/div>\n\t\t\t\t<div class=\"elementor-element elementor-element-5cbcebc elementor-widget elementor-widget-image\" data-id=\"5cbcebc\" data-element_type=\"widget\" data-e-type=\"widget\" data-widget_type=\"image.default\">\n\t\t\t\t<div class=\"elementor-widget-container\">\n\t\t\t\t\t\t\t\t\t\t\t\t\t\t\t<img fetchpriority=\"high\" decoding=\"async\" width=\"800\" height=\"800\" src=\"https:\/\/easyscreen.tv\/wp-content\/uploads\/2024\/08\/M-Cube.jpg\" class=\"attachment-large size-large wp-image-67174\" alt=\"\" srcset=\"https:\/\/easyscreen.tv\/wp-content\/uploads\/2024\/08\/M-Cube.jpg 800w, https:\/\/easyscreen.tv\/wp-content\/uploads\/2024\/08\/M-Cube-768x768.jpg 768w\" sizes=\"(max-width: 800px) 100vw, 800px\" \/>\t\t\t\t\t\t\t\t\t\t\t\t\t\t\t<\/div>\n\t\t\t\t<\/div>\n\t\t\t\t\t<\/div>\n\t\t<\/div>\n\t\t\t\t<div class=\"elementor-column elementor-col-50 elementor-top-column elementor-element elementor-element-0c9f8c9\" data-id=\"0c9f8c9\" data-element_type=\"column\" data-e-type=\"column\">\n\t\t\t<div class=\"elementor-widget-wrap elementor-element-populated\">\n\t\t\t\t\t\t<div class=\"elementor-element elementor-element-e4d9592 elementor-widget elementor-widget-text-editor\" data-id=\"e4d9592\" data-element_type=\"widget\" data-e-type=\"widget\" data-widget_type=\"text-editor.default\">\n\t\t\t\t<div class=\"elementor-widget-container\">\n\t\t\t\t\t\t\t\t\t<script charset=\"utf-8\" type=\"text\/javascript\" src=\"\/\/js.hsforms.net\/forms\/embed\/v2.js\"><span data-mce-type=\"bookmark\" style=\"display: inline-block; width: 0px; overflow: hidden; line-height: 0;\" class=\"mce_SELRES_start\">\ufeff<\/span><\/script>\n<script>\n  hbspt.forms.create({\n    region: \"na1\",\n    portalId: \"3841819\",\n    formId: \"2699f055-d1e7-460d-95c5-6e5c3e8a3390\"\n  });\n<\/script>\t\t\t\t\t\t\t\t<\/div>\n\t\t\t\t<\/div>\n\t\t\t\t\t<\/div>\n\t\t<\/div>\n\t\t\t\t\t<\/div>\n\t\t<\/section>\n\t\t\t\t<\/div>\n\t\t","protected":false},"excerpt":{"rendered":"<p>Haben Sie eine Frage oder wie k\u00f6nnen wir Ihnen helfen? Schicken Sie uns Ihre Nachricht und wir werden Ihnen so schnell wie m\u00f6glich antworten. Sie bevorzugen einen pers\u00f6nlichen Kontakt? Unser B\u00fcro ist w\u00e4hrend der Gesch\u00e4ftszeiten ge\u00f6ffnet. Vertrieb: Sales.germany@mcubedigital.com Tel.: +49 (0)69 &#8211; 6986776 20 \u00a0 Support: Support.germany@mcubedigital.com Tel.: +49 (0)69 &#8211; 6986776 00 Besuchsadresse (nach [&hellip;]<\/p>\n","protected":false},"author":28,"featured_media":0,"parent":0,"menu_order":0,"comment_status":"closed","ping_status":"closed","template":"","meta":{"_acf_changed":false,"content-type":"","site-sidebar-layout":"no-sidebar","site-content-layout":"page-builder","ast-site-content-layout":"full-width-container","site-content-style":"unboxed","site-sidebar-style":"unboxed","ast-global-header-display":"","ast-banner-title-visibility":"","ast-main-header-display":"","ast-hfb-above-header-display":"","ast-hfb-below-header-display":"","ast-hfb-mobile-header-display":"","site-post-title":"disabled","ast-breadcrumbs-content":"","ast-featured-img":"disabled","footer-sml-layout":"","ast-disable-related-posts":"","theme-transparent-header-meta":"","adv-header-id-meta":"","stick-header-meta":"","header-above-stick-meta":"","header-main-stick-meta":"","header-below-stick-meta":"","astra-migrate-meta-layouts":"set","ast-page-background-enabled":"default","ast-page-background-meta":{"desktop":{"background-color":"var(--ast-global-color-4)","background-image":"","background-repeat":"repeat","background-position":"center center","background-size":"auto","background-attachment":"scroll","background-type":"","background-media":"","overlay-type":"","overlay-color":"","overlay-opacity":"","overlay-gradient":""},"tablet":{"background-color":"","background-image":"","background-repeat":"repeat","background-position":"center center","background-size":"auto","background-attachment":"scroll","background-type":"","background-media":"","overlay-type":"","overlay-color":"","overlay-opacity":"","overlay-gradient":""},"mobile":{"background-color":"","background-image":"","background-repeat":"repeat","background-position":"center center","background-size":"auto","background-attachment":"scroll","background-type":"","background-media":"","overlay-type":"","overlay-color":"","overlay-opacity":"","overlay-gradient":""}},"ast-content-background-meta":{"desktop":{"background-color":"var(--ast-global-color-5)","background-image":"","background-repeat":"repeat","background-position":"center center","background-size":"auto","background-attachment":"scroll","background-type":"","background-media":"","overlay-type":"","overlay-color":"","overlay-opacity":"","overlay-gradient":""},"tablet":{"background-color":"var(--ast-global-color-5)","background-image":"","background-repeat":"repeat","background-position":"center center","background-size":"auto","background-attachment":"scroll","background-type":"","background-media":"","overlay-type":"","overlay-color":"","overlay-opacity":"","overlay-gradient":""},"mobile":{"background-color":"var(--ast-global-color-5)","background-image":"","background-repeat":"repeat","background-position":"center center","background-size":"auto","background-attachment":"scroll","background-type":"","background-media":"","overlay-type":"","overlay-color":"","overlay-opacity":"","overlay-gradient":""}},"footnotes":""},"class_list":["post-60367","page","type-page","status-publish","hentry"],"acf":[],"yoast_head":"<!-- This site is optimized with the Yoast SEO plugin v27.2 - https:\/\/yoast.com\/product\/yoast-seo-wordpress\/ -->\n<title>Haben Sie eine Frage oder k\u00f6nnen wir Ihnen helfen? Kontaktiere uns<\/title>\n<meta name=\"description\" content=\"Haben Sie eine Frage oder k\u00f6nnen wir Ihnen helfen? support@easyscreen.tv\" \/>\n<meta name=\"robots\" content=\"index, follow, max-snippet:-1, max-image-preview:large, max-video-preview:-1\" \/>\n<link rel=\"canonical\" href=\"https:\/\/easyscreen.tv\/de\/kontakt\/\" \/>\n<meta property=\"og:locale\" content=\"de_DE\" \/>\n<meta property=\"og:type\" content=\"article\" \/>\n<meta property=\"og:title\" content=\"Haben Sie eine Frage oder k\u00f6nnen wir Ihnen helfen? Kontaktiere uns\" \/>\n<meta property=\"og:description\" content=\"Haben Sie eine Frage oder k\u00f6nnen wir Ihnen helfen? support@easyscreen.tv\" \/>\n<meta property=\"og:url\" content=\"https:\/\/easyscreen.tv\/de\/kontakt\/\" \/>\n<meta property=\"og:site_name\" content=\"Easyscreen.tv\" \/>\n<meta property=\"article:publisher\" content=\"https:\/\/nl-nl.facebook.com\/easyscreentv\/\" \/>\n<meta property=\"article:modified_time\" content=\"2026-01-27T16:21:05+00:00\" \/>\n<meta property=\"og:image\" content=\"https:\/\/easyscreen.tv\/wp-content\/uploads\/2024\/08\/M-Cube.jpg\" \/>\n\t<meta property=\"og:image:width\" content=\"800\" \/>\n\t<meta property=\"og:image:height\" content=\"800\" \/>\n\t<meta property=\"og:image:type\" content=\"image\/jpeg\" \/>\n<meta name=\"twitter:card\" content=\"summary_large_image\" \/>\n<meta name=\"twitter:site\" content=\"@easyscreen_tv\" \/>\n<script type=\"application\/ld+json\" class=\"yoast-schema-graph\">{\"@context\":\"https:\/\/schema.org\",\"@graph\":[{\"@type\":\"WebPage\",\"@id\":\"https:\/\/easyscreen.tv\/de\/kontakt\/\",\"url\":\"https:\/\/easyscreen.tv\/de\/kontakt\/\",\"name\":\"Haben Sie eine Frage oder k\u00f6nnen wir Ihnen helfen? Kontaktiere uns\",\"isPartOf\":{\"@id\":\"https:\/\/easyscreen.tv\/#website\"},\"primaryImageOfPage\":{\"@id\":\"https:\/\/easyscreen.tv\/de\/kontakt\/#primaryimage\"},\"image\":{\"@id\":\"https:\/\/easyscreen.tv\/de\/kontakt\/#primaryimage\"},\"thumbnailUrl\":\"https:\/\/easyscreen.tv\/wp-content\/uploads\/2024\/08\/M-Cube.jpg\",\"datePublished\":\"2023-05-26T09:05:51+00:00\",\"dateModified\":\"2026-01-27T16:21:05+00:00\",\"description\":\"Haben Sie eine Frage oder k\u00f6nnen wir Ihnen helfen? support@easyscreen.tv\",\"breadcrumb\":{\"@id\":\"https:\/\/easyscreen.tv\/de\/kontakt\/#breadcrumb\"},\"inLanguage\":\"de\",\"potentialAction\":[{\"@type\":\"ReadAction\",\"target\":[\"https:\/\/easyscreen.tv\/de\/kontakt\/\"]}]},{\"@type\":\"ImageObject\",\"inLanguage\":\"de\",\"@id\":\"https:\/\/easyscreen.tv\/de\/kontakt\/#primaryimage\",\"url\":\"https:\/\/easyscreen.tv\/wp-content\/uploads\/2024\/08\/M-Cube.jpg\",\"contentUrl\":\"https:\/\/easyscreen.tv\/wp-content\/uploads\/2024\/08\/M-Cube.jpg\"},{\"@type\":\"BreadcrumbList\",\"@id\":\"https:\/\/easyscreen.tv\/de\/kontakt\/#breadcrumb\",\"itemListElement\":[{\"@type\":\"ListItem\",\"position\":1,\"name\":\"Portada\",\"item\":\"https:\/\/easyscreen.tv\/de\/homepage\/\"},{\"@type\":\"ListItem\",\"position\":2,\"name\":\"Kontakt\"}]},{\"@type\":\"WebSite\",\"@id\":\"https:\/\/easyscreen.tv\/#website\",\"url\":\"https:\/\/easyscreen.tv\/\",\"name\":\"Easyscreen.tv\",\"description\":\"Narrowcasting &amp; Digital Signage\",\"publisher\":{\"@id\":\"https:\/\/easyscreen.tv\/#organization\"},\"potentialAction\":[{\"@type\":\"SearchAction\",\"target\":{\"@type\":\"EntryPoint\",\"urlTemplate\":\"https:\/\/easyscreen.tv\/?s={search_term_string}\"},\"query-input\":{\"@type\":\"PropertyValueSpecification\",\"valueRequired\":true,\"valueName\":\"search_term_string\"}}],\"inLanguage\":\"de\"},{\"@type\":\"Organization\",\"@id\":\"https:\/\/easyscreen.tv\/#organization\",\"name\":\"Easyscreen\",\"url\":\"https:\/\/easyscreen.tv\/\",\"logo\":{\"@type\":\"ImageObject\",\"inLanguage\":\"de\",\"@id\":\"https:\/\/easyscreen.tv\/#\/schema\/logo\/image\/\",\"url\":\"https:\/\/easyscreen.tv\/wp-content\/uploads\/2019\/08\/Logo-Easyscreen.png\",\"contentUrl\":\"https:\/\/easyscreen.tv\/wp-content\/uploads\/2019\/08\/Logo-Easyscreen.png\",\"width\":192,\"height\":43,\"caption\":\"Easyscreen\"},\"image\":{\"@id\":\"https:\/\/easyscreen.tv\/#\/schema\/logo\/image\/\"},\"sameAs\":[\"https:\/\/nl-nl.facebook.com\/easyscreentv\/\",\"https:\/\/x.com\/easyscreen_tv\",\"https:\/\/www.instagram.com\/easyscreen_narrowcasting\/\",\"https:\/\/www.linkedin.com\/company\/easyscreentv\/\",\"https:\/\/nl.pinterest.com\/easyscreentv\/\",\"https:\/\/www.youtube.com\/channel\/UC6tdp4wsQyyKsqqP1_WtVUw\"]}]}<\/script>\n<!-- \/ Yoast SEO plugin. -->","yoast_head_json":{"title":"Haben Sie eine Frage oder k\u00f6nnen wir Ihnen helfen? Kontaktiere uns","description":"Haben Sie eine Frage oder k\u00f6nnen wir Ihnen helfen? support@easyscreen.tv","robots":{"index":"index","follow":"follow","max-snippet":"max-snippet:-1","max-image-preview":"max-image-preview:large","max-video-preview":"max-video-preview:-1"},"canonical":"https:\/\/easyscreen.tv\/de\/kontakt\/","og_locale":"de_DE","og_type":"article","og_title":"Haben Sie eine Frage oder k\u00f6nnen wir Ihnen helfen? Kontaktiere uns","og_description":"Haben Sie eine Frage oder k\u00f6nnen wir Ihnen helfen? support@easyscreen.tv","og_url":"https:\/\/easyscreen.tv\/de\/kontakt\/","og_site_name":"Easyscreen.tv","article_publisher":"https:\/\/nl-nl.facebook.com\/easyscreentv\/","article_modified_time":"2026-01-27T16:21:05+00:00","og_image":[{"width":800,"height":800,"url":"https:\/\/easyscreen.tv\/wp-content\/uploads\/2024\/08\/M-Cube.jpg","type":"image\/jpeg"}],"twitter_card":"summary_large_image","twitter_site":"@easyscreen_tv","schema":{"@context":"https:\/\/schema.org","@graph":[{"@type":"WebPage","@id":"https:\/\/easyscreen.tv\/de\/kontakt\/","url":"https:\/\/easyscreen.tv\/de\/kontakt\/","name":"Haben Sie eine Frage oder k\u00f6nnen wir Ihnen helfen? Kontaktiere uns","isPartOf":{"@id":"https:\/\/easyscreen.tv\/#website"},"primaryImageOfPage":{"@id":"https:\/\/easyscreen.tv\/de\/kontakt\/#primaryimage"},"image":{"@id":"https:\/\/easyscreen.tv\/de\/kontakt\/#primaryimage"},"thumbnailUrl":"https:\/\/easyscreen.tv\/wp-content\/uploads\/2024\/08\/M-Cube.jpg","datePublished":"2023-05-26T09:05:51+00:00","dateModified":"2026-01-27T16:21:05+00:00","description":"Haben Sie eine Frage oder k\u00f6nnen wir Ihnen helfen? support@easyscreen.tv","breadcrumb":{"@id":"https:\/\/easyscreen.tv\/de\/kontakt\/#breadcrumb"},"inLanguage":"de","potentialAction":[{"@type":"ReadAction","target":["https:\/\/easyscreen.tv\/de\/kontakt\/"]}]},{"@type":"ImageObject","inLanguage":"de","@id":"https:\/\/easyscreen.tv\/de\/kontakt\/#primaryimage","url":"https:\/\/easyscreen.tv\/wp-content\/uploads\/2024\/08\/M-Cube.jpg","contentUrl":"https:\/\/easyscreen.tv\/wp-content\/uploads\/2024\/08\/M-Cube.jpg"},{"@type":"BreadcrumbList","@id":"https:\/\/easyscreen.tv\/de\/kontakt\/#breadcrumb","itemListElement":[{"@type":"ListItem","position":1,"name":"Portada","item":"https:\/\/easyscreen.tv\/de\/homepage\/"},{"@type":"ListItem","position":2,"name":"Kontakt"}]},{"@type":"WebSite","@id":"https:\/\/easyscreen.tv\/#website","url":"https:\/\/easyscreen.tv\/","name":"Easyscreen.tv","description":"Narrowcasting &amp; Digital Signage","publisher":{"@id":"https:\/\/easyscreen.tv\/#organization"},"potentialAction":[{"@type":"SearchAction","target":{"@type":"EntryPoint","urlTemplate":"https:\/\/easyscreen.tv\/?s={search_term_string}"},"query-input":{"@type":"PropertyValueSpecification","valueRequired":true,"valueName":"search_term_string"}}],"inLanguage":"de"},{"@type":"Organization","@id":"https:\/\/easyscreen.tv\/#organization","name":"Easyscreen","url":"https:\/\/easyscreen.tv\/","logo":{"@type":"ImageObject","inLanguage":"de","@id":"https:\/\/easyscreen.tv\/#\/schema\/logo\/image\/","url":"https:\/\/easyscreen.tv\/wp-content\/uploads\/2019\/08\/Logo-Easyscreen.png","contentUrl":"https:\/\/easyscreen.tv\/wp-content\/uploads\/2019\/08\/Logo-Easyscreen.png","width":192,"height":43,"caption":"Easyscreen"},"image":{"@id":"https:\/\/easyscreen.tv\/#\/schema\/logo\/image\/"},"sameAs":["https:\/\/nl-nl.facebook.com\/easyscreentv\/","https:\/\/x.com\/easyscreen_tv","https:\/\/www.instagram.com\/easyscreen_narrowcasting\/","https:\/\/www.linkedin.com\/company\/easyscreentv\/","https:\/\/nl.pinterest.com\/easyscreentv\/","https:\/\/www.youtube.com\/channel\/UC6tdp4wsQyyKsqqP1_WtVUw"]}]}},"_links":{"self":[{"href":"https:\/\/easyscreen.tv\/de\/wp-json\/wp\/v2\/pages\/60367","targetHints":{"allow":["GET"]}}],"collection":[{"href":"https:\/\/easyscreen.tv\/de\/wp-json\/wp\/v2\/pages"}],"about":[{"href":"https:\/\/easyscreen.tv\/de\/wp-json\/wp\/v2\/types\/page"}],"author":[{"embeddable":true,"href":"https:\/\/easyscreen.tv\/de\/wp-json\/wp\/v2\/users\/28"}],"replies":[{"embeddable":true,"href":"https:\/\/easyscreen.tv\/de\/wp-json\/wp\/v2\/comments?post=60367"}],"version-history":[{"count":31,"href":"https:\/\/easyscreen.tv\/de\/wp-json\/wp\/v2\/pages\/60367\/revisions"}],"predecessor-version":[{"id":86954,"href":"https:\/\/easyscreen.tv\/de\/wp-json\/wp\/v2\/pages\/60367\/revisions\/86954"}],"wp:attachment":[{"href":"https:\/\/easyscreen.tv\/de\/wp-json\/wp\/v2\/media?parent=60367"}],"curies":[{"name":"wp","href":"https:\/\/api.w.org\/{rel}","templated":true}]}}