{"id":60376,"date":"2023-05-26T11:52:55","date_gmt":"2023-05-26T10:52:55","guid":{"rendered":"https:\/\/easyscreen.tv\/klantverhalen\/"},"modified":"2026-02-06T17:05:59","modified_gmt":"2026-02-06T16:05:59","slug":"fallstudie","status":"publish","type":"page","link":"https:\/\/easyscreen.tv\/de\/fallstudie\/","title":{"rendered":"Fallstudie"},"content":{"rendered":"\t\t<div data-elementor-type=\"wp-page\" data-elementor-id=\"60376\" class=\"elementor elementor-60376 elementor-38518\" data-elementor-post-type=\"page\">\n\t\t\t\t\t\t<section class=\"elementor-section elementor-top-section elementor-element elementor-element-79b36ce elementor-section-stretched elementor-section-boxed elementor-section-height-default elementor-section-height-default\" data-id=\"79b36ce\" data-element_type=\"section\" data-e-type=\"section\" data-settings=\"{&quot;stretch_section&quot;:&quot;section-stretched&quot;,&quot;background_background&quot;:&quot;classic&quot;}\">\n\t\t\t\t\t\t<div class=\"elementor-container elementor-column-gap-default\">\n\t\t\t\t\t<div class=\"elementor-column elementor-col-100 elementor-top-column elementor-element elementor-element-00936b5\" data-id=\"00936b5\" data-element_type=\"column\" data-e-type=\"column\">\n\t\t\t<div class=\"elementor-widget-wrap elementor-element-populated\">\n\t\t\t\t<div class=\"elementor-element elementor-element-d2da9cf e-flex e-con-boxed e-con e-parent\" data-id=\"d2da9cf\" data-element_type=\"container\" data-e-type=\"container\">\n\t\t\t\t\t<div class=\"e-con-inner\">\n\t\t\t\t<div class=\"elementor-element elementor-element-af5c23c elementor-widget elementor-widget-heading\" data-id=\"af5c23c\" data-element_type=\"widget\" data-e-type=\"widget\" data-widget_type=\"heading.default\">\n\t\t\t\t<div class=\"elementor-widget-container\">\n\t\t\t\t\t<h1 class=\"elementor-heading-title elementor-size-default\">Easyscreen Fallstudien<\/h1>\t\t\t\t<\/div>\n\t\t\t\t<\/div>\n\t\t\t\t<div class=\"elementor-element elementor-element-a1750c7 elementor-widget elementor-widget-text-editor\" data-id=\"a1750c7\" data-element_type=\"widget\" data-e-type=\"widget\" data-widget_type=\"text-editor.default\">\n\t\t\t\t<div class=\"elementor-widget-container\">\n\t\t\t\t\t\t\t\t\t<p>Lesen und lernen Sie wie unsere Kunden mit Easyscreen arbeiten<\/p>\t\t\t\t\t\t\t\t<\/div>\n\t\t\t\t<\/div>\n\t\t\t\t\t<\/div>\n\t\t\t\t<\/div>\n\t\t\t\t\t<\/div>\n\t\t<\/div>\n\t\t\t\t\t<\/div>\n\t\t<\/section>\n\t\t\t\t<section class=\"elementor-section elementor-top-section elementor-element elementor-element-e617128 elementor-section-stretched elementor-section-boxed elementor-section-height-default elementor-section-height-default\" data-id=\"e617128\" data-element_type=\"section\" data-e-type=\"section\" data-settings=\"{&quot;stretch_section&quot;:&quot;section-stretched&quot;}\">\n\t\t\t\t\t\t<div class=\"elementor-container elementor-column-gap-default\">\n\t\t\t\t\t<div class=\"elementor-column elementor-col-100 elementor-top-column elementor-element elementor-element-b98edfe\" data-id=\"b98edfe\" data-element_type=\"column\" data-e-type=\"column\">\n\t\t\t<div class=\"elementor-widget-wrap elementor-element-populated\">\n\t\t\t\t\t\t<div class=\"elementor-element elementor-element-0eed3e4 elementor-grid-3 elementor-grid-tablet-2 elementor-grid-mobile-1 elementor-posts--thumbnail-top elementor-widget elementor-widget-posts\" data-id=\"0eed3e4\" data-element_type=\"widget\" data-e-type=\"widget\" data-settings=\"{&quot;pagination_type&quot;:&quot;load_more_infinite_scroll&quot;,&quot;classic_columns&quot;:&quot;3&quot;,&quot;classic_columns_tablet&quot;:&quot;2&quot;,&quot;classic_columns_mobile&quot;:&quot;1&quot;,&quot;classic_row_gap&quot;:{&quot;unit&quot;:&quot;px&quot;,&quot;size&quot;:35,&quot;sizes&quot;:[]},&quot;classic_row_gap_widescreen&quot;:{&quot;unit&quot;:&quot;px&quot;,&quot;size&quot;:&quot;&quot;,&quot;sizes&quot;:[]},&quot;classic_row_gap_laptop&quot;:{&quot;unit&quot;:&quot;px&quot;,&quot;size&quot;:&quot;&quot;,&quot;sizes&quot;:[]},&quot;classic_row_gap_tablet&quot;:{&quot;unit&quot;:&quot;px&quot;,&quot;size&quot;:&quot;&quot;,&quot;sizes&quot;:[]},&quot;classic_row_gap_mobile&quot;:{&quot;unit&quot;:&quot;px&quot;,&quot;size&quot;:&quot;&quot;,&quot;sizes&quot;:[]},&quot;load_more_spinner&quot;:{&quot;value&quot;:&quot;fas fa-spinner&quot;,&quot;library&quot;:&quot;fa-solid&quot;}}\" data-widget_type=\"posts.classic\">\n\t\t\t\t<div class=\"elementor-widget-container\">\n\t\t\t\t\t\t\t<div class=\"elementor-posts-container elementor-posts elementor-posts--skin-classic elementor-grid\" role=\"list\">\n\t\t\t\t<article class=\"elementor-post elementor-grid-item post-60682 post type-post status-publish format-standard has-post-thumbnail hentry category-fallstudie\" role=\"listitem\">\n\t\t\t\t<a class=\"elementor-post__thumbnail__link\" href=\"https:\/\/easyscreen.tv\/de\/fallstudie\/bike-totaal\/\" tabindex=\"-1\" >\n\t\t\t<div class=\"elementor-post__thumbnail\"><img fetchpriority=\"high\" decoding=\"async\" width=\"350\" height=\"225\" src=\"https:\/\/easyscreen.tv\/wp-content\/uploads\/2025\/07\/Bike-totaal.webp\" class=\"attachment-medium size-medium wp-image-73451\" alt=\"Klantverhaal Easyscreen; Bike Totaal\" \/><\/div>\n\t\t<\/a>\n\t\t\t\t<div class=\"elementor-post__text\">\n\t\t\t\t<h3 class=\"elementor-post__title\">\n\t\t\t<a href=\"https:\/\/easyscreen.tv\/de\/fallstudie\/bike-totaal\/\" >\n\t\t\t\tBike Totaal\t\t\t<\/a>\n\t\t<\/h3>\n\t\t\t\t<div class=\"elementor-post__meta-data\">\n\t\t\t\t\t<span class=\"elementor-post-author\">\n\t\t\tHau Nguyen\t\t<\/span>\n\t\t\t\t<span class=\"elementor-post-date\">\n\t\t\t26. Juli 2023\t\t<\/span>\n\t\t\t\t<\/div>\n\t\t\t\t<div class=\"elementor-post__excerpt\">\n\t\t\t<p>EASYSCREEN F\u00dcR FAHRRADLADEN Bike Totaal &#8222;Wir verwenden Easyscreen f\u00fcr unser Digital Signage in 136 Gesch\u00e4ften in den Niederlanden und Deutschland. Wir k\u00f6nnen unser TV-Programm in<\/p>\n\t\t<\/div>\n\t\t\t\t\t<div class=\"elementor-post__read-more-wrapper\">\n\t\t\n\t\t<a class=\"elementor-post__read-more\" href=\"https:\/\/easyscreen.tv\/de\/fallstudie\/bike-totaal\/\" aria-label=\"Mehr \u00fcber Bike Totaal\" tabindex=\"-1\" >\n\t\t\tWEITERLESEN\t\t<\/a>\n\n\t\t\t\t\t<\/div>\n\t\t\t\t<\/div>\n\t\t\t\t<\/article>\n\t\t\t\t<article class=\"elementor-post elementor-grid-item post-60672 post type-post status-publish format-standard has-post-thumbnail hentry category-fallstudie\" role=\"listitem\">\n\t\t\t\t<a class=\"elementor-post__thumbnail__link\" href=\"https:\/\/easyscreen.tv\/de\/fallstudie\/mediamarkt\/\" tabindex=\"-1\" >\n\t\t\t<div class=\"elementor-post__thumbnail\"><img decoding=\"async\" width=\"350\" height=\"225\" src=\"https:\/\/easyscreen.tv\/wp-content\/uploads\/2025\/07\/media-markt-1.webp\" class=\"attachment-medium size-medium wp-image-75988\" alt=\"\" \/><\/div>\n\t\t<\/a>\n\t\t\t\t<div class=\"elementor-post__text\">\n\t\t\t\t<h3 class=\"elementor-post__title\">\n\t\t\t<a href=\"https:\/\/easyscreen.tv\/de\/fallstudie\/mediamarkt\/\" >\n\t\t\t\tMedia Markt\t\t\t<\/a>\n\t\t<\/h3>\n\t\t\t\t<div class=\"elementor-post__meta-data\">\n\t\t\t\t\t<span class=\"elementor-post-author\">\n\t\t\tHau Nguyen\t\t<\/span>\n\t\t\t\t<span class=\"elementor-post-date\">\n\t\t\t26. Juli 2023\t\t<\/span>\n\t\t\t\t<\/div>\n\t\t\t\t<div class=\"elementor-post__excerpt\">\n\t\t\t<p>EASYSCREEN: VERWALTUNG VON LED-W\u00c4NDEN BEI MEDIAMARKT\u00a0 Media Markt Media Markt beauftragte Easyscreen mit der Installation von Hardware und Software f\u00fcr 2 verschiedene LED-W\u00e4nde. Die vorhandenen<\/p>\n\t\t<\/div>\n\t\t\t\t\t<div class=\"elementor-post__read-more-wrapper\">\n\t\t\n\t\t<a class=\"elementor-post__read-more\" href=\"https:\/\/easyscreen.tv\/de\/fallstudie\/mediamarkt\/\" aria-label=\"Mehr \u00fcber Media Markt\" tabindex=\"-1\" >\n\t\t\tWEITERLESEN\t\t<\/a>\n\n\t\t\t\t\t<\/div>\n\t\t\t\t<\/div>\n\t\t\t\t<\/article>\n\t\t\t\t<article class=\"elementor-post elementor-grid-item post-60641 post type-post status-publish format-standard has-post-thumbnail hentry category-fallstudie\" role=\"listitem\">\n\t\t\t\t<a class=\"elementor-post__thumbnail__link\" href=\"https:\/\/easyscreen.tv\/de\/fallstudie\/toyota\/\" tabindex=\"-1\" >\n\t\t\t<div class=\"elementor-post__thumbnail\"><img decoding=\"async\" width=\"350\" height=\"225\" src=\"https:\/\/easyscreen.tv\/wp-content\/uploads\/2025\/07\/toyota-1.webp\" class=\"attachment-medium size-medium wp-image-82516\" alt=\"\" \/><\/div>\n\t\t<\/a>\n\t\t\t\t<div class=\"elementor-post__text\">\n\t\t\t\t<h3 class=\"elementor-post__title\">\n\t\t\t<a href=\"https:\/\/easyscreen.tv\/de\/fallstudie\/toyota\/\" >\n\t\t\t\tToyota\t\t\t<\/a>\n\t\t<\/h3>\n\t\t\t\t<div class=\"elementor-post__meta-data\">\n\t\t\t\t\t<span class=\"elementor-post-author\">\n\t\t\tHau Nguyen\t\t<\/span>\n\t\t\t\t<span class=\"elementor-post-date\">\n\t\t\t25. Juli 2023\t\t<\/span>\n\t\t\t\t<\/div>\n\t\t\t\t<div class=\"elementor-post__excerpt\">\n\t\t\t<p>EASYSCREEN: KOMMUNIKATION BEI TOYOTA\u00a0 Toyota &#8222;Wir verwenden Easyscreen bei 116 H\u00e4ndlern und 20 Servicestellen von Toyota Niederlande. Das After-Sales-Programm wird am Serviceschalter in allen Verkaufs-<\/p>\n\t\t<\/div>\n\t\t\t\t\t<div class=\"elementor-post__read-more-wrapper\">\n\t\t\n\t\t<a class=\"elementor-post__read-more\" href=\"https:\/\/easyscreen.tv\/de\/fallstudie\/toyota\/\" aria-label=\"Mehr \u00fcber Toyota\" tabindex=\"-1\" >\n\t\t\tWEITERLESEN\t\t<\/a>\n\n\t\t\t\t\t<\/div>\n\t\t\t\t<\/div>\n\t\t\t\t<\/article>\n\t\t\t\t<article class=\"elementor-post elementor-grid-item post-60635 post type-post status-publish format-standard has-post-thumbnail hentry category-fallstudie\" role=\"listitem\">\n\t\t\t\t<a class=\"elementor-post__thumbnail__link\" href=\"https:\/\/easyscreen.tv\/de\/fallstudie\/crown-business-centers\/\" tabindex=\"-1\" >\n\t\t\t<div class=\"elementor-post__thumbnail\"><img loading=\"lazy\" decoding=\"async\" width=\"350\" height=\"225\" src=\"https:\/\/easyscreen.tv\/wp-content\/uploads\/2025\/07\/Crown-1.webp\" class=\"attachment-medium size-medium wp-image-83781\" alt=\"\" \/><\/div>\n\t\t<\/a>\n\t\t\t\t<div class=\"elementor-post__text\">\n\t\t\t\t<h3 class=\"elementor-post__title\">\n\t\t\t<a href=\"https:\/\/easyscreen.tv\/de\/fallstudie\/crown-business-centers\/\" >\n\t\t\t\tCrown Business Centers\t\t\t<\/a>\n\t\t<\/h3>\n\t\t\t\t<div class=\"elementor-post__meta-data\">\n\t\t\t\t\t<span class=\"elementor-post-author\">\n\t\t\tHau Nguyen\t\t<\/span>\n\t\t\t\t<span class=\"elementor-post-date\">\n\t\t\t25. Juli 2023\t\t<\/span>\n\t\t\t\t<\/div>\n\t\t\t\t<div class=\"elementor-post__excerpt\">\n\t\t\t<p>EASYSCREEN F\u00dcR CROWN BUSINESS CENTERS Crown Business Centers &#8222;Easyscreen sorgt daf\u00fcr, dass die Steuerung mehrerer Standorte \u00fcber ein stabiles Digital Signage System funktioniert.&#8220; Crown Business<\/p>\n\t\t<\/div>\n\t\t\t\t\t<div class=\"elementor-post__read-more-wrapper\">\n\t\t\n\t\t<a class=\"elementor-post__read-more\" href=\"https:\/\/easyscreen.tv\/de\/fallstudie\/crown-business-centers\/\" aria-label=\"Mehr \u00fcber Crown Business Centers\" tabindex=\"-1\" >\n\t\t\tWEITERLESEN\t\t<\/a>\n\n\t\t\t\t\t<\/div>\n\t\t\t\t<\/div>\n\t\t\t\t<\/article>\n\t\t\t\t<article class=\"elementor-post elementor-grid-item post-60632 post type-post status-publish format-standard has-post-thumbnail hentry category-fallstudie\" role=\"listitem\">\n\t\t\t\t<a class=\"elementor-post__thumbnail__link\" href=\"https:\/\/easyscreen.tv\/de\/fallstudie\/sportcity\/\" tabindex=\"-1\" >\n\t\t\t<div class=\"elementor-post__thumbnail\"><img loading=\"lazy\" decoding=\"async\" width=\"350\" height=\"225\" src=\"https:\/\/easyscreen.tv\/wp-content\/uploads\/2023\/07\/sportcity.webp\" class=\"attachment-medium size-medium wp-image-74012\" alt=\"Klantverhaal Easyscreen; Sport City\" \/><\/div>\n\t\t<\/a>\n\t\t\t\t<div class=\"elementor-post__text\">\n\t\t\t\t<h3 class=\"elementor-post__title\">\n\t\t\t<a href=\"https:\/\/easyscreen.tv\/de\/fallstudie\/sportcity\/\" >\n\t\t\t\tSportCity\t\t\t<\/a>\n\t\t<\/h3>\n\t\t\t\t<div class=\"elementor-post__meta-data\">\n\t\t\t\t\t<span class=\"elementor-post-author\">\n\t\t\tHau Nguyen\t\t<\/span>\n\t\t\t\t<span class=\"elementor-post-date\">\n\t\t\t25. Juli 2023\t\t<\/span>\n\t\t\t\t<\/div>\n\t\t\t\t<div class=\"elementor-post__excerpt\">\n\t\t\t<p>EASYSCREEN F\u00dcR SPORTCITY SportCity SportCity betreibt mit Easyscreen seinen Digital Signage Kanal f\u00fcr alle seine Fitnessstudios. Das System bietet seinen Service an 80 Standorten mit<\/p>\n\t\t<\/div>\n\t\t\t\t\t<div class=\"elementor-post__read-more-wrapper\">\n\t\t\n\t\t<a class=\"elementor-post__read-more\" href=\"https:\/\/easyscreen.tv\/de\/fallstudie\/sportcity\/\" aria-label=\"Mehr \u00fcber SportCity\" tabindex=\"-1\" >\n\t\t\tWEITERLESEN\t\t<\/a>\n\n\t\t\t\t\t<\/div>\n\t\t\t\t<\/div>\n\t\t\t\t<\/article>\n\t\t\t\t<article class=\"elementor-post elementor-grid-item post-60626 post type-post status-publish format-standard has-post-thumbnail hentry category-fallstudie tag-bergman-clinics-de\" role=\"listitem\">\n\t\t\t\t<a class=\"elementor-post__thumbnail__link\" href=\"https:\/\/easyscreen.tv\/de\/fallstudie\/bergman-clinics\/\" tabindex=\"-1\" >\n\t\t\t<div class=\"elementor-post__thumbnail\"><img loading=\"lazy\" decoding=\"async\" width=\"350\" height=\"225\" src=\"https:\/\/easyscreen.tv\/wp-content\/uploads\/2025\/07\/bergman-clinics-1.webp\" class=\"attachment-medium size-medium wp-image-83813\" alt=\"\" \/><\/div>\n\t\t<\/a>\n\t\t\t\t<div class=\"elementor-post__text\">\n\t\t\t\t<h3 class=\"elementor-post__title\">\n\t\t\t<a href=\"https:\/\/easyscreen.tv\/de\/fallstudie\/bergman-clinics\/\" >\n\t\t\t\tBergman Clinics\t\t\t<\/a>\n\t\t<\/h3>\n\t\t\t\t<div class=\"elementor-post__meta-data\">\n\t\t\t\t\t<span class=\"elementor-post-author\">\n\t\t\tHau Nguyen\t\t<\/span>\n\t\t\t\t<span class=\"elementor-post-date\">\n\t\t\t25. Juli 2023\t\t<\/span>\n\t\t\t\t<\/div>\n\t\t\t\t<div class=\"elementor-post__excerpt\">\n\t\t\t<p>EASYSCREEN: DIE KOMMUNIKATION VON BERGMAN CLINICS Bergman Clinics &#8222;Durch den Einsatz von Easyscreen f\u00fchlen sich die Patienten wohler.&#8220; Clinics hat sich in 30 Jahren mit<\/p>\n\t\t<\/div>\n\t\t\t\t\t<div class=\"elementor-post__read-more-wrapper\">\n\t\t\n\t\t<a class=\"elementor-post__read-more\" href=\"https:\/\/easyscreen.tv\/de\/fallstudie\/bergman-clinics\/\" aria-label=\"Mehr \u00fcber Bergman Clinics\" tabindex=\"-1\" >\n\t\t\tWEITERLESEN\t\t<\/a>\n\n\t\t\t\t\t<\/div>\n\t\t\t\t<\/div>\n\t\t\t\t<\/article>\n\t\t\t\t<\/div>\n\t\t\t\t\t<span class=\"e-load-more-spinner\">\n\t\t\t\t<svg aria-hidden=\"true\" class=\"e-font-icon-svg e-fas-spinner\" viewBox=\"0 0 512 512\" xmlns=\"http:\/\/www.w3.org\/2000\/svg\"><path d=\"M304 48c0 26.51-21.49 48-48 48s-48-21.49-48-48 21.49-48 48-48 48 21.49 48 48zm-48 368c-26.51 0-48 21.49-48 48s21.49 48 48 48 48-21.49 48-48-21.49-48-48-48zm208-208c-26.51 0-48 21.49-48 48s21.49 48 48 48 48-21.49 48-48-21.49-48-48-48zM96 256c0-26.51-21.49-48-48-48S0 229.49 0 256s21.49 48 48 48 48-21.49 48-48zm12.922 99.078c-26.51 0-48 21.49-48 48s21.49 48 48 48 48-21.49 48-48c0-26.509-21.491-48-48-48zm294.156 0c-26.51 0-48 21.49-48 48s21.49 48 48 48 48-21.49 48-48c0-26.509-21.49-48-48-48zM108.922 60.922c-26.51 0-48 21.49-48 48s21.49 48 48 48 48-21.49 48-48-21.491-48-48-48z\"><\/path><\/svg>\t\t\t<\/span>\n\t\t\n\t\t\t\t\t\t<\/div>\n\t\t\t\t<\/div>\n\t\t\t\t\t<\/div>\n\t\t<\/div>\n\t\t\t\t\t<\/div>\n\t\t<\/section>\n\t\t\t\t<\/div>\n\t\t","protected":false},"excerpt":{"rendered":"<p>Easyscreen Fallstudien Lesen und lernen Sie wie unsere Kunden mit Easyscreen arbeiten<\/p>\n","protected":false},"author":28,"featured_media":0,"parent":0,"menu_order":0,"comment_status":"closed","ping_status":"closed","template":"","meta":{"_acf_changed":false,"content-type":"","site-sidebar-layout":"no-sidebar","site-content-layout":"page-builder","ast-site-content-layout":"default","site-content-style":"default","site-sidebar-style":"default","ast-global-header-display":"","ast-banner-title-visibility":"","ast-main-header-display":"","ast-hfb-above-header-display":"","ast-hfb-below-header-display":"","ast-hfb-mobile-header-display":"","site-post-title":"disabled","ast-breadcrumbs-content":"","ast-featured-img":"disabled","footer-sml-layout":"","ast-disable-related-posts":"","theme-transparent-header-meta":"","adv-header-id-meta":"","stick-header-meta":"","header-above-stick-meta":"","header-main-stick-meta":"","header-below-stick-meta":"","astra-migrate-meta-layouts":"set","ast-page-background-enabled":"default","ast-page-background-meta":{"desktop":{"background-color":"var(--ast-global-color-4)","background-image":"","background-repeat":"repeat","background-position":"center center","background-size":"auto","background-attachment":"scroll","background-type":"","background-media":"","overlay-type":"","overlay-color":"","overlay-opacity":"","overlay-gradient":""},"tablet":{"background-color":"","background-image":"","background-repeat":"repeat","background-position":"center center","background-size":"auto","background-attachment":"scroll","background-type":"","background-media":"","overlay-type":"","overlay-color":"","overlay-opacity":"","overlay-gradient":""},"mobile":{"background-color":"","background-image":"","background-repeat":"repeat","background-position":"center center","background-size":"auto","background-attachment":"scroll","background-type":"","background-media":"","overlay-type":"","overlay-color":"","overlay-opacity":"","overlay-gradient":""}},"ast-content-background-meta":{"desktop":{"background-color":"var(--ast-global-color-5)","background-image":"","background-repeat":"repeat","background-position":"center center","background-size":"auto","background-attachment":"scroll","background-type":"","background-media":"","overlay-type":"","overlay-color":"","overlay-opacity":"","overlay-gradient":""},"tablet":{"background-color":"var(--ast-global-color-5)","background-image":"","background-repeat":"repeat","background-position":"center center","background-size":"auto","background-attachment":"scroll","background-type":"","background-media":"","overlay-type":"","overlay-color":"","overlay-opacity":"","overlay-gradient":""},"mobile":{"background-color":"var(--ast-global-color-5)","background-image":"","background-repeat":"repeat","background-position":"center center","background-size":"auto","background-attachment":"scroll","background-type":"","background-media":"","overlay-type":"","overlay-color":"","overlay-opacity":"","overlay-gradient":""}},"footnotes":""},"class_list":["post-60376","page","type-page","status-publish","hentry"],"acf":[],"yoast_head":"<!-- This site is optimized with the Yoast SEO plugin v27.2 - https:\/\/yoast.com\/product\/yoast-seo-wordpress\/ -->\n<title>Fallstudie: Lesen und erfahren Sie, wie andere Easyscreen verwenden<\/title>\n<meta name=\"description\" content=\"Fallstudie: Digital Signage f\u00fcr Gesundheitswesen, B\u00fcro und Fertigung, Einzelhandelsketten und Marken, Sport und Fitness, Catering, Bildung, Transport und Logistik.\" \/>\n<meta name=\"robots\" content=\"index, follow, max-snippet:-1, max-image-preview:large, max-video-preview:-1\" \/>\n<link rel=\"canonical\" href=\"https:\/\/easyscreen.tv\/de\/fallstudie\/\" \/>\n<meta property=\"og:locale\" content=\"de_DE\" \/>\n<meta property=\"og:type\" content=\"article\" \/>\n<meta property=\"og:title\" content=\"Fallstudie: Lesen und erfahren Sie, wie andere Easyscreen verwenden\" \/>\n<meta property=\"og:description\" content=\"Fallstudie: Digital Signage f\u00fcr Gesundheitswesen, B\u00fcro und Fertigung, Einzelhandelsketten und Marken, Sport und Fitness, Catering, Bildung, Transport und Logistik.\" \/>\n<meta property=\"og:url\" content=\"https:\/\/easyscreen.tv\/de\/fallstudie\/\" \/>\n<meta property=\"og:site_name\" content=\"Easyscreen.tv\" \/>\n<meta property=\"article:publisher\" content=\"https:\/\/nl-nl.facebook.com\/easyscreentv\/\" \/>\n<meta property=\"article:modified_time\" content=\"2026-02-06T16:05:59+00:00\" \/>\n<meta name=\"twitter:card\" content=\"summary_large_image\" \/>\n<meta name=\"twitter:site\" content=\"@easyscreen_tv\" \/>\n<script type=\"application\/ld+json\" class=\"yoast-schema-graph\">{\"@context\":\"https:\/\/schema.org\",\"@graph\":[{\"@type\":\"WebPage\",\"@id\":\"https:\/\/easyscreen.tv\/de\/fallstudie\/\",\"url\":\"https:\/\/easyscreen.tv\/de\/fallstudie\/\",\"name\":\"Fallstudie: Lesen und erfahren Sie, wie andere Easyscreen verwenden\",\"isPartOf\":{\"@id\":\"https:\/\/easyscreen.tv\/#website\"},\"datePublished\":\"2023-05-26T10:52:55+00:00\",\"dateModified\":\"2026-02-06T16:05:59+00:00\",\"description\":\"Fallstudie: Digital Signage f\u00fcr Gesundheitswesen, B\u00fcro und Fertigung, Einzelhandelsketten und Marken, Sport und Fitness, Catering, Bildung, Transport und Logistik.\",\"breadcrumb\":{\"@id\":\"https:\/\/easyscreen.tv\/de\/fallstudie\/#breadcrumb\"},\"inLanguage\":\"de\",\"potentialAction\":[{\"@type\":\"ReadAction\",\"target\":[\"https:\/\/easyscreen.tv\/de\/fallstudie\/\"]}]},{\"@type\":\"BreadcrumbList\",\"@id\":\"https:\/\/easyscreen.tv\/de\/fallstudie\/#breadcrumb\",\"itemListElement\":[{\"@type\":\"ListItem\",\"position\":1,\"name\":\"Portada\",\"item\":\"https:\/\/easyscreen.tv\/de\/homepage\/\"},{\"@type\":\"ListItem\",\"position\":2,\"name\":\"Fallstudie\"}]},{\"@type\":\"WebSite\",\"@id\":\"https:\/\/easyscreen.tv\/#website\",\"url\":\"https:\/\/easyscreen.tv\/\",\"name\":\"Easyscreen.tv\",\"description\":\"Narrowcasting &amp; Digital Signage\",\"publisher\":{\"@id\":\"https:\/\/easyscreen.tv\/#organization\"},\"potentialAction\":[{\"@type\":\"SearchAction\",\"target\":{\"@type\":\"EntryPoint\",\"urlTemplate\":\"https:\/\/easyscreen.tv\/?s={search_term_string}\"},\"query-input\":{\"@type\":\"PropertyValueSpecification\",\"valueRequired\":true,\"valueName\":\"search_term_string\"}}],\"inLanguage\":\"de\"},{\"@type\":\"Organization\",\"@id\":\"https:\/\/easyscreen.tv\/#organization\",\"name\":\"Easyscreen\",\"url\":\"https:\/\/easyscreen.tv\/\",\"logo\":{\"@type\":\"ImageObject\",\"inLanguage\":\"de\",\"@id\":\"https:\/\/easyscreen.tv\/#\/schema\/logo\/image\/\",\"url\":\"https:\/\/easyscreen.tv\/wp-content\/uploads\/2019\/08\/Logo-Easyscreen.png\",\"contentUrl\":\"https:\/\/easyscreen.tv\/wp-content\/uploads\/2019\/08\/Logo-Easyscreen.png\",\"width\":192,\"height\":43,\"caption\":\"Easyscreen\"},\"image\":{\"@id\":\"https:\/\/easyscreen.tv\/#\/schema\/logo\/image\/\"},\"sameAs\":[\"https:\/\/nl-nl.facebook.com\/easyscreentv\/\",\"https:\/\/x.com\/easyscreen_tv\",\"https:\/\/www.instagram.com\/easyscreen_narrowcasting\/\",\"https:\/\/www.linkedin.com\/company\/easyscreentv\/\",\"https:\/\/nl.pinterest.com\/easyscreentv\/\",\"https:\/\/www.youtube.com\/channel\/UC6tdp4wsQyyKsqqP1_WtVUw\"]}]}<\/script>\n<!-- \/ Yoast SEO plugin. -->","yoast_head_json":{"title":"Fallstudie: Lesen und erfahren Sie, wie andere Easyscreen verwenden","description":"Fallstudie: Digital Signage f\u00fcr Gesundheitswesen, B\u00fcro und Fertigung, Einzelhandelsketten und Marken, Sport und Fitness, Catering, Bildung, Transport und Logistik.","robots":{"index":"index","follow":"follow","max-snippet":"max-snippet:-1","max-image-preview":"max-image-preview:large","max-video-preview":"max-video-preview:-1"},"canonical":"https:\/\/easyscreen.tv\/de\/fallstudie\/","og_locale":"de_DE","og_type":"article","og_title":"Fallstudie: Lesen und erfahren Sie, wie andere Easyscreen verwenden","og_description":"Fallstudie: Digital Signage f\u00fcr Gesundheitswesen, B\u00fcro und Fertigung, Einzelhandelsketten und Marken, Sport und Fitness, Catering, Bildung, Transport und Logistik.","og_url":"https:\/\/easyscreen.tv\/de\/fallstudie\/","og_site_name":"Easyscreen.tv","article_publisher":"https:\/\/nl-nl.facebook.com\/easyscreentv\/","article_modified_time":"2026-02-06T16:05:59+00:00","twitter_card":"summary_large_image","twitter_site":"@easyscreen_tv","schema":{"@context":"https:\/\/schema.org","@graph":[{"@type":"WebPage","@id":"https:\/\/easyscreen.tv\/de\/fallstudie\/","url":"https:\/\/easyscreen.tv\/de\/fallstudie\/","name":"Fallstudie: Lesen und erfahren Sie, wie andere Easyscreen verwenden","isPartOf":{"@id":"https:\/\/easyscreen.tv\/#website"},"datePublished":"2023-05-26T10:52:55+00:00","dateModified":"2026-02-06T16:05:59+00:00","description":"Fallstudie: Digital Signage f\u00fcr Gesundheitswesen, B\u00fcro und Fertigung, Einzelhandelsketten und Marken, Sport und Fitness, Catering, Bildung, Transport und Logistik.","breadcrumb":{"@id":"https:\/\/easyscreen.tv\/de\/fallstudie\/#breadcrumb"},"inLanguage":"de","potentialAction":[{"@type":"ReadAction","target":["https:\/\/easyscreen.tv\/de\/fallstudie\/"]}]},{"@type":"BreadcrumbList","@id":"https:\/\/easyscreen.tv\/de\/fallstudie\/#breadcrumb","itemListElement":[{"@type":"ListItem","position":1,"name":"Portada","item":"https:\/\/easyscreen.tv\/de\/homepage\/"},{"@type":"ListItem","position":2,"name":"Fallstudie"}]},{"@type":"WebSite","@id":"https:\/\/easyscreen.tv\/#website","url":"https:\/\/easyscreen.tv\/","name":"Easyscreen.tv","description":"Narrowcasting &amp; Digital Signage","publisher":{"@id":"https:\/\/easyscreen.tv\/#organization"},"potentialAction":[{"@type":"SearchAction","target":{"@type":"EntryPoint","urlTemplate":"https:\/\/easyscreen.tv\/?s={search_term_string}"},"query-input":{"@type":"PropertyValueSpecification","valueRequired":true,"valueName":"search_term_string"}}],"inLanguage":"de"},{"@type":"Organization","@id":"https:\/\/easyscreen.tv\/#organization","name":"Easyscreen","url":"https:\/\/easyscreen.tv\/","logo":{"@type":"ImageObject","inLanguage":"de","@id":"https:\/\/easyscreen.tv\/#\/schema\/logo\/image\/","url":"https:\/\/easyscreen.tv\/wp-content\/uploads\/2019\/08\/Logo-Easyscreen.png","contentUrl":"https:\/\/easyscreen.tv\/wp-content\/uploads\/2019\/08\/Logo-Easyscreen.png","width":192,"height":43,"caption":"Easyscreen"},"image":{"@id":"https:\/\/easyscreen.tv\/#\/schema\/logo\/image\/"},"sameAs":["https:\/\/nl-nl.facebook.com\/easyscreentv\/","https:\/\/x.com\/easyscreen_tv","https:\/\/www.instagram.com\/easyscreen_narrowcasting\/","https:\/\/www.linkedin.com\/company\/easyscreentv\/","https:\/\/nl.pinterest.com\/easyscreentv\/","https:\/\/www.youtube.com\/channel\/UC6tdp4wsQyyKsqqP1_WtVUw"]}]}},"_links":{"self":[{"href":"https:\/\/easyscreen.tv\/de\/wp-json\/wp\/v2\/pages\/60376","targetHints":{"allow":["GET"]}}],"collection":[{"href":"https:\/\/easyscreen.tv\/de\/wp-json\/wp\/v2\/pages"}],"about":[{"href":"https:\/\/easyscreen.tv\/de\/wp-json\/wp\/v2\/types\/page"}],"author":[{"embeddable":true,"href":"https:\/\/easyscreen.tv\/de\/wp-json\/wp\/v2\/users\/28"}],"replies":[{"embeddable":true,"href":"https:\/\/easyscreen.tv\/de\/wp-json\/wp\/v2\/comments?post=60376"}],"version-history":[{"count":22,"href":"https:\/\/easyscreen.tv\/de\/wp-json\/wp\/v2\/pages\/60376\/revisions"}],"predecessor-version":[{"id":88689,"href":"https:\/\/easyscreen.tv\/de\/wp-json\/wp\/v2\/pages\/60376\/revisions\/88689"}],"wp:attachment":[{"href":"https:\/\/easyscreen.tv\/de\/wp-json\/wp\/v2\/media?parent=60376"}],"curies":[{"name":"wp","href":"https:\/\/api.w.org\/{rel}","templated":true}]}}