{"id":60385,"date":"2023-06-09T15:23:15","date_gmt":"2023-06-09T14:23:15","guid":{"rendered":"https:\/\/easyscreen.tv\/demo-formulier\/"},"modified":"2026-01-28T17:18:09","modified_gmt":"2026-01-28T16:18:09","slug":"demo-formular","status":"publish","type":"page","link":"https:\/\/easyscreen.tv\/de\/demo-formular\/","title":{"rendered":"Demo formulier"},"content":{"rendered":"\t\t<div data-elementor-type=\"wp-page\" data-elementor-id=\"60385\" class=\"elementor elementor-60385 elementor-39856\" data-elementor-post-type=\"page\">\n\t\t\t\t<div class=\"elementor-element elementor-element-df5d8eb e-flex e-con-boxed e-con e-parent\" data-id=\"df5d8eb\" data-element_type=\"container\" data-e-type=\"container\">\n\t\t\t\t\t<div class=\"e-con-inner\">\n\t\t<div class=\"elementor-element elementor-element-b5e83f5 e-con-full e-flex e-con e-child\" data-id=\"b5e83f5\" data-element_type=\"container\" data-e-type=\"container\">\n\t\t<div class=\"elementor-element elementor-element-1551dc7 e-con-full e-flex e-con e-child\" data-id=\"1551dc7\" data-element_type=\"container\" data-e-type=\"container\">\n\t\t\t\t<div class=\"elementor-element elementor-element-278dae4 elementor-widget elementor-widget-heading\" data-id=\"278dae4\" data-element_type=\"widget\" data-e-type=\"widget\" data-widget_type=\"heading.default\">\n\t\t\t\t<div class=\"elementor-widget-container\">\n\t\t\t\t\t<h1 class=\"elementor-heading-title elementor-size-default\">Starten Sie Ihre Eayscreen Demo. Sie ist kostenlos!\n<\/h1>\t\t\t\t<\/div>\n\t\t\t\t<\/div>\n\t\t\t\t<div class=\"elementor-element elementor-element-e86ba0b elementor-widget elementor-widget-text-editor\" data-id=\"e86ba0b\" data-element_type=\"widget\" data-e-type=\"widget\" data-widget_type=\"text-editor.default\">\n\t\t\t\t<div class=\"elementor-widget-container\">\n\t\t\t\t\t\t\t\t\t<p>Sie werden unsere einfache, optimierte Benutzeroberfl\u00e4che lieben. Easyscreen verf\u00fcgt \u00fcber eine Vielzahl von einfachen Tools zur Erstellung von Inhalten, eine vollst\u00e4ndige Verwaltung von Wiedergabelisten und eine umfangreiche Bibliothek mit hochwertigen Bildern und Vorlagen.<\/p>\t\t\t\t\t\t\t\t<\/div>\n\t\t\t\t<\/div>\n\t\t\t\t<div class=\"elementor-element elementor-element-dcead42 elementor-widget elementor-widget-heading\" data-id=\"dcead42\" data-element_type=\"widget\" data-e-type=\"widget\" data-widget_type=\"heading.default\">\n\t\t\t\t<div class=\"elementor-widget-container\">\n\t\t\t\t\t<h2 class=\"elementor-heading-title elementor-size-default\">Top-Marken vertrauen auf Easyscreen<\/h2>\t\t\t\t<\/div>\n\t\t\t\t<\/div>\n\t\t\t\t<div class=\"elementor-element elementor-element-e592cd9 elementor-arrows-position-inside elementor-pagination-position-outside elementor-widget elementor-widget-image-carousel\" data-id=\"e592cd9\" data-element_type=\"widget\" data-e-type=\"widget\" data-settings=\"{&quot;slides_to_show&quot;:&quot;2&quot;,&quot;navigation&quot;:&quot;both&quot;,&quot;autoplay&quot;:&quot;yes&quot;,&quot;pause_on_hover&quot;:&quot;yes&quot;,&quot;pause_on_interaction&quot;:&quot;yes&quot;,&quot;autoplay_speed&quot;:5000,&quot;infinite&quot;:&quot;yes&quot;,&quot;speed&quot;:500}\" data-widget_type=\"image-carousel.default\">\n\t\t\t\t<div class=\"elementor-widget-container\">\n\t\t\t\t\t\t\t<div class=\"elementor-image-carousel-wrapper swiper\" role=\"region\" aria-roledescription=\"carousel\" aria-label=\"Image Carousel\" dir=\"ltr\">\n\t\t\t<div class=\"elementor-image-carousel swiper-wrapper\" aria-live=\"off\">\n\t\t\t\t\t\t\t\t<div class=\"swiper-slide\" role=\"group\" aria-roledescription=\"slide\" aria-label=\"1 von 6\"><figure class=\"swiper-slide-inner\"><img decoding=\"async\" class=\"swiper-slide-image\" src=\"https:\/\/easyscreen.tv\/wp-content\/uploads\/2023\/10\/Toyota-1-1-1.png\" alt=\"\" \/><\/figure><\/div><div class=\"swiper-slide\" role=\"group\" aria-roledescription=\"slide\" aria-label=\"2 von 6\"><figure class=\"swiper-slide-inner\"><img decoding=\"async\" class=\"swiper-slide-image\" src=\"https:\/\/easyscreen.tv\/wp-content\/uploads\/2023\/10\/Sportlink-1-1-1.png\" alt=\"\" \/><\/figure><\/div><div class=\"swiper-slide\" role=\"group\" aria-roledescription=\"slide\" aria-label=\"3 von 6\"><figure class=\"swiper-slide-inner\"><img decoding=\"async\" class=\"swiper-slide-image\" src=\"https:\/\/easyscreen.tv\/wp-content\/uploads\/2023\/10\/media-mark-logo-1-1-1.png\" alt=\"\" \/><\/figure><\/div><div class=\"swiper-slide\" role=\"group\" aria-roledescription=\"slide\" aria-label=\"4 von 6\"><figure class=\"swiper-slide-inner\"><img decoding=\"async\" class=\"swiper-slide-image\" src=\"https:\/\/easyscreen.tv\/wp-content\/uploads\/2023\/10\/Hendriks-1-1-1.png\" alt=\"\" \/><\/figure><\/div><div class=\"swiper-slide\" role=\"group\" aria-roledescription=\"slide\" aria-label=\"5 von 6\"><figure class=\"swiper-slide-inner\"><img decoding=\"async\" class=\"swiper-slide-image\" src=\"https:\/\/easyscreen.tv\/wp-content\/uploads\/2023\/10\/arts-en-zorg-1-1-1.png\" alt=\"\" \/><\/figure><\/div><div class=\"swiper-slide\" role=\"group\" aria-roledescription=\"slide\" aria-label=\"6 von 6\"><figure class=\"swiper-slide-inner\"><img decoding=\"async\" class=\"swiper-slide-image\" src=\"https:\/\/easyscreen.tv\/wp-content\/uploads\/2023\/10\/alphega-1-2-1-1-1.png\" alt=\"\" \/><\/figure><\/div>\t\t\t<\/div>\n\t\t\t\t\t\t\t\t\t\t\t\t<div class=\"elementor-swiper-button elementor-swiper-button-prev\" role=\"button\" tabindex=\"0\">\n\t\t\t\t\t\t<svg aria-hidden=\"true\" class=\"e-font-icon-svg e-eicon-chevron-left\" viewBox=\"0 0 1000 1000\" xmlns=\"http:\/\/www.w3.org\/2000\/svg\"><path d=\"M646 125C629 125 613 133 604 142L308 442C296 454 292 471 292 487 292 504 296 521 308 533L604 854C617 867 629 875 646 875 663 875 679 871 692 858 704 846 713 829 713 812 713 796 708 779 692 767L438 487 692 225C700 217 708 204 708 187 708 171 704 154 692 142 675 129 663 125 646 125Z\"><\/path><\/svg>\t\t\t\t\t<\/div>\n\t\t\t\t\t<div class=\"elementor-swiper-button elementor-swiper-button-next\" role=\"button\" tabindex=\"0\">\n\t\t\t\t\t\t<svg aria-hidden=\"true\" class=\"e-font-icon-svg e-eicon-chevron-right\" viewBox=\"0 0 1000 1000\" xmlns=\"http:\/\/www.w3.org\/2000\/svg\"><path d=\"M696 533C708 521 713 504 713 487 713 471 708 454 696 446L400 146C388 133 375 125 354 125 338 125 325 129 313 142 300 154 292 171 292 187 292 204 296 221 308 233L563 492 304 771C292 783 288 800 288 817 288 833 296 850 308 863 321 871 338 875 354 875 371 875 388 867 400 854L696 533Z\"><\/path><\/svg>\t\t\t\t\t<\/div>\n\t\t\t\t\n\t\t\t\t\t\t\t\t\t<div class=\"swiper-pagination\"><\/div>\n\t\t\t\t\t\t\t\t\t<\/div>\n\t\t\t\t\t\t<\/div>\n\t\t\t\t<\/div>\n\t\t\t\t<\/div>\n\t\t<div class=\"elementor-element elementor-element-82033d1 e-con-full e-flex e-con e-child\" data-id=\"82033d1\" data-element_type=\"container\" data-e-type=\"container\">\n\t\t\t\t<div class=\"elementor-element elementor-element-881760d elementor-widget elementor-widget-text-editor\" data-id=\"881760d\" data-element_type=\"widget\" data-e-type=\"widget\" data-widget_type=\"text-editor.default\">\n\t\t\t\t<div class=\"elementor-widget-container\">\n\t\t\t\t\t\t\t\t\t<script charset=\"utf-8\" type=\"text\/javascript\" src=\"\/\/js.hsforms.net\/forms\/embed\/v2.js\"><\/script>\n<script>\n  hbspt.forms.create({\n    region: \"na1\",\n    portalId: \"3841819\",\n    formId: \"66f02b80-a27c-4fbc-982e-9b2ef2aad1b1\"\n  });\n<\/script>\t\t\t\t\t\t\t\t<\/div>\n\t\t\t\t<\/div>\n\t\t\t\t<\/div>\n\t\t\t\t<\/div>\n\t\t\t\t\t<\/div>\n\t\t\t\t<\/div>\n\t\t\t\t<\/div>\n\t\t","protected":false},"excerpt":{"rendered":"<p>Starten Sie Ihre Eayscreen Demo. Sie ist kostenlos! Sie werden unsere einfache, optimierte Benutzeroberfl\u00e4che lieben. Easyscreen verf\u00fcgt \u00fcber eine Vielzahl von einfachen Tools zur Erstellung von Inhalten, eine vollst\u00e4ndige Verwaltung von Wiedergabelisten und eine umfangreiche Bibliothek mit hochwertigen Bildern und Vorlagen. Top-Marken vertrauen auf Easyscreen<\/p>\n","protected":false},"author":28,"featured_media":0,"parent":0,"menu_order":0,"comment_status":"closed","ping_status":"closed","template":"","meta":{"_acf_changed":false,"content-type":"","site-sidebar-layout":"no-sidebar","site-content-layout":"page-builder","ast-site-content-layout":"default","site-content-style":"default","site-sidebar-style":"default","ast-global-header-display":"","ast-banner-title-visibility":"","ast-main-header-display":"","ast-hfb-above-header-display":"","ast-hfb-below-header-display":"","ast-hfb-mobile-header-display":"","site-post-title":"disabled","ast-breadcrumbs-content":"","ast-featured-img":"disabled","footer-sml-layout":"","ast-disable-related-posts":"","theme-transparent-header-meta":"","adv-header-id-meta":"","stick-header-meta":"","header-above-stick-meta":"","header-main-stick-meta":"","header-below-stick-meta":"","astra-migrate-meta-layouts":"set","ast-page-background-enabled":"default","ast-page-background-meta":{"desktop":{"background-color":"var(--ast-global-color-4)","background-image":"","background-repeat":"repeat","background-position":"center center","background-size":"auto","background-attachment":"scroll","background-type":"","background-media":"","overlay-type":"","overlay-color":"","overlay-opacity":"","overlay-gradient":""},"tablet":{"background-color":"","background-image":"","background-repeat":"repeat","background-position":"center center","background-size":"auto","background-attachment":"scroll","background-type":"","background-media":"","overlay-type":"","overlay-color":"","overlay-opacity":"","overlay-gradient":""},"mobile":{"background-color":"","background-image":"","background-repeat":"repeat","background-position":"center center","background-size":"auto","background-attachment":"scroll","background-type":"","background-media":"","overlay-type":"","overlay-color":"","overlay-opacity":"","overlay-gradient":""}},"ast-content-background-meta":{"desktop":{"background-color":"var(--ast-global-color-5)","background-image":"","background-repeat":"repeat","background-position":"center center","background-size":"auto","background-attachment":"scroll","background-type":"","background-media":"","overlay-type":"","overlay-color":"","overlay-opacity":"","overlay-gradient":""},"tablet":{"background-color":"var(--ast-global-color-5)","background-image":"","background-repeat":"repeat","background-position":"center center","background-size":"auto","background-attachment":"scroll","background-type":"","background-media":"","overlay-type":"","overlay-color":"","overlay-opacity":"","overlay-gradient":""},"mobile":{"background-color":"var(--ast-global-color-5)","background-image":"","background-repeat":"repeat","background-position":"center center","background-size":"auto","background-attachment":"scroll","background-type":"","background-media":"","overlay-type":"","overlay-color":"","overlay-opacity":"","overlay-gradient":""}},"footnotes":""},"class_list":["post-60385","page","type-page","status-publish","hentry"],"acf":[],"yoast_head":"<!-- This site is optimized with the Yoast SEO plugin v27.2 - https:\/\/yoast.com\/product\/yoast-seo-wordpress\/ -->\n<title>Finden Sie heraus, wie einfach es ist! - Machen Sie die Demo - Easyscreen.tv<\/title>\n<meta name=\"description\" content=\"Starten Sie Ihre Narrowcasting-Demo. Testen Sie unsere Narrowcasting-Software kostenlos. Mit einem Easyscreen-Demokonto konnte ich direkt loslegen und es funktionierte einfach.\" \/>\n<meta name=\"robots\" content=\"index, follow, max-snippet:-1, max-image-preview:large, max-video-preview:-1\" \/>\n<link rel=\"canonical\" href=\"https:\/\/easyscreen.tv\/de\/demo-formular\/\" \/>\n<meta property=\"og:locale\" content=\"de_DE\" \/>\n<meta property=\"og:type\" content=\"article\" \/>\n<meta property=\"og:title\" content=\"Finden Sie heraus, wie einfach es ist! - Machen Sie die Demo - Easyscreen.tv\" \/>\n<meta property=\"og:description\" content=\"Starten Sie Ihre Narrowcasting-Demo. Testen Sie unsere Narrowcasting-Software kostenlos. Mit einem Easyscreen-Demokonto konnte ich direkt loslegen und es funktionierte einfach.\" \/>\n<meta property=\"og:url\" content=\"https:\/\/easyscreen.tv\/de\/demo-formular\/\" \/>\n<meta property=\"og:site_name\" content=\"Easyscreen.tv\" \/>\n<meta property=\"article:publisher\" content=\"https:\/\/nl-nl.facebook.com\/easyscreentv\/\" \/>\n<meta property=\"article:modified_time\" content=\"2026-01-28T16:18:09+00:00\" \/>\n<meta property=\"og:image\" content=\"https:\/\/easyscreen.tv\/wp-content\/uploads\/2023\/10\/Toyota-1-1-1.png\" \/>\n<meta name=\"twitter:card\" content=\"summary_large_image\" \/>\n<meta name=\"twitter:site\" content=\"@easyscreen_tv\" \/>\n<script type=\"application\/ld+json\" class=\"yoast-schema-graph\">{\"@context\":\"https:\/\/schema.org\",\"@graph\":[{\"@type\":\"WebPage\",\"@id\":\"https:\/\/easyscreen.tv\/de\/demo-formular\/\",\"url\":\"https:\/\/easyscreen.tv\/de\/demo-formular\/\",\"name\":\"Finden Sie heraus, wie einfach es ist! - Machen Sie die Demo - Easyscreen.tv\",\"isPartOf\":{\"@id\":\"https:\/\/easyscreen.tv\/#website\"},\"primaryImageOfPage\":{\"@id\":\"https:\/\/easyscreen.tv\/de\/demo-formular\/#primaryimage\"},\"image\":{\"@id\":\"https:\/\/easyscreen.tv\/de\/demo-formular\/#primaryimage\"},\"thumbnailUrl\":\"https:\/\/easyscreen.tv\/wp-content\/uploads\/2023\/10\/Toyota-1-1-1.png\",\"datePublished\":\"2023-06-09T14:23:15+00:00\",\"dateModified\":\"2026-01-28T16:18:09+00:00\",\"description\":\"Starten Sie Ihre Narrowcasting-Demo. Testen Sie unsere Narrowcasting-Software kostenlos. Mit einem Easyscreen-Demokonto konnte ich direkt loslegen und es funktionierte einfach.\",\"breadcrumb\":{\"@id\":\"https:\/\/easyscreen.tv\/de\/demo-formular\/#breadcrumb\"},\"inLanguage\":\"de\",\"potentialAction\":[{\"@type\":\"ReadAction\",\"target\":[\"https:\/\/easyscreen.tv\/de\/demo-formular\/\"]}]},{\"@type\":\"ImageObject\",\"inLanguage\":\"de\",\"@id\":\"https:\/\/easyscreen.tv\/de\/demo-formular\/#primaryimage\",\"url\":\"https:\/\/easyscreen.tv\/wp-content\/uploads\/2023\/10\/Toyota-1-1-1.png\",\"contentUrl\":\"https:\/\/easyscreen.tv\/wp-content\/uploads\/2023\/10\/Toyota-1-1-1.png\"},{\"@type\":\"BreadcrumbList\",\"@id\":\"https:\/\/easyscreen.tv\/de\/demo-formular\/#breadcrumb\",\"itemListElement\":[{\"@type\":\"ListItem\",\"position\":1,\"name\":\"Portada\",\"item\":\"https:\/\/easyscreen.tv\/de\/homepage\/\"},{\"@type\":\"ListItem\",\"position\":2,\"name\":\"Demo formulier\"}]},{\"@type\":\"WebSite\",\"@id\":\"https:\/\/easyscreen.tv\/#website\",\"url\":\"https:\/\/easyscreen.tv\/\",\"name\":\"Easyscreen.tv\",\"description\":\"Narrowcasting &amp; Digital Signage\",\"publisher\":{\"@id\":\"https:\/\/easyscreen.tv\/#organization\"},\"potentialAction\":[{\"@type\":\"SearchAction\",\"target\":{\"@type\":\"EntryPoint\",\"urlTemplate\":\"https:\/\/easyscreen.tv\/?s={search_term_string}\"},\"query-input\":{\"@type\":\"PropertyValueSpecification\",\"valueRequired\":true,\"valueName\":\"search_term_string\"}}],\"inLanguage\":\"de\"},{\"@type\":\"Organization\",\"@id\":\"https:\/\/easyscreen.tv\/#organization\",\"name\":\"Easyscreen\",\"url\":\"https:\/\/easyscreen.tv\/\",\"logo\":{\"@type\":\"ImageObject\",\"inLanguage\":\"de\",\"@id\":\"https:\/\/easyscreen.tv\/#\/schema\/logo\/image\/\",\"url\":\"https:\/\/easyscreen.tv\/wp-content\/uploads\/2019\/08\/Logo-Easyscreen.png\",\"contentUrl\":\"https:\/\/easyscreen.tv\/wp-content\/uploads\/2019\/08\/Logo-Easyscreen.png\",\"width\":192,\"height\":43,\"caption\":\"Easyscreen\"},\"image\":{\"@id\":\"https:\/\/easyscreen.tv\/#\/schema\/logo\/image\/\"},\"sameAs\":[\"https:\/\/nl-nl.facebook.com\/easyscreentv\/\",\"https:\/\/x.com\/easyscreen_tv\",\"https:\/\/www.instagram.com\/easyscreen_narrowcasting\/\",\"https:\/\/www.linkedin.com\/company\/easyscreentv\/\",\"https:\/\/nl.pinterest.com\/easyscreentv\/\",\"https:\/\/www.youtube.com\/channel\/UC6tdp4wsQyyKsqqP1_WtVUw\"]}]}<\/script>\n<!-- \/ Yoast SEO plugin. -->","yoast_head_json":{"title":"Finden Sie heraus, wie einfach es ist! - Machen Sie die Demo - Easyscreen.tv","description":"Starten Sie Ihre Narrowcasting-Demo. Testen Sie unsere Narrowcasting-Software kostenlos. Mit einem Easyscreen-Demokonto konnte ich direkt loslegen und es funktionierte einfach.","robots":{"index":"index","follow":"follow","max-snippet":"max-snippet:-1","max-image-preview":"max-image-preview:large","max-video-preview":"max-video-preview:-1"},"canonical":"https:\/\/easyscreen.tv\/de\/demo-formular\/","og_locale":"de_DE","og_type":"article","og_title":"Finden Sie heraus, wie einfach es ist! - Machen Sie die Demo - Easyscreen.tv","og_description":"Starten Sie Ihre Narrowcasting-Demo. Testen Sie unsere Narrowcasting-Software kostenlos. Mit einem Easyscreen-Demokonto konnte ich direkt loslegen und es funktionierte einfach.","og_url":"https:\/\/easyscreen.tv\/de\/demo-formular\/","og_site_name":"Easyscreen.tv","article_publisher":"https:\/\/nl-nl.facebook.com\/easyscreentv\/","article_modified_time":"2026-01-28T16:18:09+00:00","og_image":[{"url":"https:\/\/easyscreen.tv\/wp-content\/uploads\/2023\/10\/Toyota-1-1-1.png","type":"","width":"","height":""}],"twitter_card":"summary_large_image","twitter_site":"@easyscreen_tv","schema":{"@context":"https:\/\/schema.org","@graph":[{"@type":"WebPage","@id":"https:\/\/easyscreen.tv\/de\/demo-formular\/","url":"https:\/\/easyscreen.tv\/de\/demo-formular\/","name":"Finden Sie heraus, wie einfach es ist! - Machen Sie die Demo - Easyscreen.tv","isPartOf":{"@id":"https:\/\/easyscreen.tv\/#website"},"primaryImageOfPage":{"@id":"https:\/\/easyscreen.tv\/de\/demo-formular\/#primaryimage"},"image":{"@id":"https:\/\/easyscreen.tv\/de\/demo-formular\/#primaryimage"},"thumbnailUrl":"https:\/\/easyscreen.tv\/wp-content\/uploads\/2023\/10\/Toyota-1-1-1.png","datePublished":"2023-06-09T14:23:15+00:00","dateModified":"2026-01-28T16:18:09+00:00","description":"Starten Sie Ihre Narrowcasting-Demo. Testen Sie unsere Narrowcasting-Software kostenlos. Mit einem Easyscreen-Demokonto konnte ich direkt loslegen und es funktionierte einfach.","breadcrumb":{"@id":"https:\/\/easyscreen.tv\/de\/demo-formular\/#breadcrumb"},"inLanguage":"de","potentialAction":[{"@type":"ReadAction","target":["https:\/\/easyscreen.tv\/de\/demo-formular\/"]}]},{"@type":"ImageObject","inLanguage":"de","@id":"https:\/\/easyscreen.tv\/de\/demo-formular\/#primaryimage","url":"https:\/\/easyscreen.tv\/wp-content\/uploads\/2023\/10\/Toyota-1-1-1.png","contentUrl":"https:\/\/easyscreen.tv\/wp-content\/uploads\/2023\/10\/Toyota-1-1-1.png"},{"@type":"BreadcrumbList","@id":"https:\/\/easyscreen.tv\/de\/demo-formular\/#breadcrumb","itemListElement":[{"@type":"ListItem","position":1,"name":"Portada","item":"https:\/\/easyscreen.tv\/de\/homepage\/"},{"@type":"ListItem","position":2,"name":"Demo formulier"}]},{"@type":"WebSite","@id":"https:\/\/easyscreen.tv\/#website","url":"https:\/\/easyscreen.tv\/","name":"Easyscreen.tv","description":"Narrowcasting &amp; Digital Signage","publisher":{"@id":"https:\/\/easyscreen.tv\/#organization"},"potentialAction":[{"@type":"SearchAction","target":{"@type":"EntryPoint","urlTemplate":"https:\/\/easyscreen.tv\/?s={search_term_string}"},"query-input":{"@type":"PropertyValueSpecification","valueRequired":true,"valueName":"search_term_string"}}],"inLanguage":"de"},{"@type":"Organization","@id":"https:\/\/easyscreen.tv\/#organization","name":"Easyscreen","url":"https:\/\/easyscreen.tv\/","logo":{"@type":"ImageObject","inLanguage":"de","@id":"https:\/\/easyscreen.tv\/#\/schema\/logo\/image\/","url":"https:\/\/easyscreen.tv\/wp-content\/uploads\/2019\/08\/Logo-Easyscreen.png","contentUrl":"https:\/\/easyscreen.tv\/wp-content\/uploads\/2019\/08\/Logo-Easyscreen.png","width":192,"height":43,"caption":"Easyscreen"},"image":{"@id":"https:\/\/easyscreen.tv\/#\/schema\/logo\/image\/"},"sameAs":["https:\/\/nl-nl.facebook.com\/easyscreentv\/","https:\/\/x.com\/easyscreen_tv","https:\/\/www.instagram.com\/easyscreen_narrowcasting\/","https:\/\/www.linkedin.com\/company\/easyscreentv\/","https:\/\/nl.pinterest.com\/easyscreentv\/","https:\/\/www.youtube.com\/channel\/UC6tdp4wsQyyKsqqP1_WtVUw"]}]}},"_links":{"self":[{"href":"https:\/\/easyscreen.tv\/de\/wp-json\/wp\/v2\/pages\/60385","targetHints":{"allow":["GET"]}}],"collection":[{"href":"https:\/\/easyscreen.tv\/de\/wp-json\/wp\/v2\/pages"}],"about":[{"href":"https:\/\/easyscreen.tv\/de\/wp-json\/wp\/v2\/types\/page"}],"author":[{"embeddable":true,"href":"https:\/\/easyscreen.tv\/de\/wp-json\/wp\/v2\/users\/28"}],"replies":[{"embeddable":true,"href":"https:\/\/easyscreen.tv\/de\/wp-json\/wp\/v2\/comments?post=60385"}],"version-history":[{"count":34,"href":"https:\/\/easyscreen.tv\/de\/wp-json\/wp\/v2\/pages\/60385\/revisions"}],"predecessor-version":[{"id":87038,"href":"https:\/\/easyscreen.tv\/de\/wp-json\/wp\/v2\/pages\/60385\/revisions\/87038"}],"wp:attachment":[{"href":"https:\/\/easyscreen.tv\/de\/wp-json\/wp\/v2\/media?parent=60385"}],"curies":[{"name":"wp","href":"https:\/\/api.w.org\/{rel}","templated":true}]}}