{"id":60597,"date":"2023-06-15T12:00:05","date_gmt":"2023-06-15T11:00:05","guid":{"rendered":"https:\/\/easyscreen.tv\/narrowcasting-gratis\/"},"modified":"2024-05-06T11:30:20","modified_gmt":"2024-05-06T10:30:20","slug":"kostenlose-digital-signage","status":"publish","type":"page","link":"https:\/\/easyscreen.tv\/de\/kostenlose-digital-signage\/","title":{"rendered":"Formulier Narrowcasting Gratis"},"content":{"rendered":"\t\t<div data-elementor-type=\"wp-page\" data-elementor-id=\"60597\" class=\"elementor elementor-60597 elementor-40265\" data-elementor-post-type=\"page\">\n\t\t\t\t\t\t<section class=\"elementor-section elementor-top-section elementor-element elementor-element-faa5a43 elementor-section-stretched elementor-section-boxed elementor-section-height-default elementor-section-height-default\" data-id=\"faa5a43\" data-element_type=\"section\" data-e-type=\"section\" data-settings=\"{&quot;stretch_section&quot;:&quot;section-stretched&quot;,&quot;background_background&quot;:&quot;classic&quot;}\">\n\t\t\t\t\t\t<div class=\"elementor-container elementor-column-gap-default\">\n\t\t\t\t\t<div class=\"elementor-column elementor-col-50 elementor-top-column elementor-element elementor-element-d61c1f5\" data-id=\"d61c1f5\" data-element_type=\"column\" data-e-type=\"column\">\n\t\t\t<div class=\"elementor-widget-wrap elementor-element-populated\">\n\t\t\t\t\t\t<div class=\"elementor-element elementor-element-114d854 elementor-widget elementor-widget-heading\" data-id=\"114d854\" data-element_type=\"widget\" data-e-type=\"widget\" data-widget_type=\"heading.default\">\n\t\t\t\t<div class=\"elementor-widget-container\">\n\t\t\t\t\t<h2 class=\"elementor-heading-title elementor-size-default\">Starten Sie Ihre Easyscreen Demo. Sie ist kostenlos!\n<\/h2>\t\t\t\t<\/div>\n\t\t\t\t<\/div>\n\t\t\t\t<div class=\"elementor-element elementor-element-394e13f elementor-widget__width-initial elementor-widget elementor-widget-text-editor\" data-id=\"394e13f\" data-element_type=\"widget\" data-e-type=\"widget\" data-widget_type=\"text-editor.default\">\n\t\t\t\t<div class=\"elementor-widget-container\">\n\t\t\t\t\t\t\t\t\t<p>Sie werden unsere einfache, optimierte Benutzeroberfl\u00e4che lieben. Easyscreen verf\u00fcgt \u00fcber eine Vielzahl von einfachen Tools zur Erstellung von Inhalten, eine vollst\u00e4ndige Verwaltung von Wiedergabelisten und eine umfangreiche Bibliothek mit hochwertigen Bildern und Vorlagen.<\/p><p>Testen Sie Easyscreen einen Monat lang v\u00f6llig kostenlos. Wir senden Ihnen eine E-Mail mit Ihrem Benutzernamen und Kennwort, und schon k\u00f6nnen Sie einloggen und loslegen.\u00a0<\/p><p>\u00a0<\/p>\t\t\t\t\t\t\t\t<\/div>\n\t\t\t\t<\/div>\n\t\t\t\t<div class=\"elementor-element elementor-element-06edec5 elementor-widget elementor-widget-heading\" data-id=\"06edec5\" data-element_type=\"widget\" data-e-type=\"widget\" data-widget_type=\"heading.default\">\n\t\t\t\t<div class=\"elementor-widget-container\">\n\t\t\t\t\t<h2 class=\"elementor-heading-title elementor-size-default\">Top-Marken vertrauen auf Easyscreen<\/h2>\t\t\t\t<\/div>\n\t\t\t\t<\/div>\n\t\t\t\t<div class=\"elementor-element elementor-element-5efd255 elementor-arrows-position-inside elementor-pagination-position-outside elementor-widget elementor-widget-image-carousel\" data-id=\"5efd255\" data-element_type=\"widget\" data-e-type=\"widget\" data-settings=\"{&quot;slides_to_show&quot;:&quot;2&quot;,&quot;navigation&quot;:&quot;both&quot;,&quot;autoplay&quot;:&quot;yes&quot;,&quot;pause_on_hover&quot;:&quot;yes&quot;,&quot;pause_on_interaction&quot;:&quot;yes&quot;,&quot;autoplay_speed&quot;:5000,&quot;infinite&quot;:&quot;yes&quot;,&quot;speed&quot;:500}\" data-widget_type=\"image-carousel.default\">\n\t\t\t\t<div class=\"elementor-widget-container\">\n\t\t\t\t\t\t\t<div class=\"elementor-image-carousel-wrapper swiper\" role=\"region\" aria-roledescription=\"carousel\" aria-label=\"Bild Karussell\" dir=\"ltr\">\n\t\t\t<div class=\"elementor-image-carousel swiper-wrapper\" aria-live=\"off\">\n\t\t\t\t\t\t\t\t<div class=\"swiper-slide\" role=\"group\" aria-roledescription=\"slide\" aria-label=\"1 von 6\"><figure class=\"swiper-slide-inner\"><img decoding=\"async\" class=\"swiper-slide-image\" src=\"https:\/\/easyscreen.tv\/wp-content\/uploads\/2023\/09\/Toyota-1-1.png\" alt=\"\" \/><\/figure><\/div><div class=\"swiper-slide\" role=\"group\" aria-roledescription=\"slide\" aria-label=\"2 von 6\"><figure class=\"swiper-slide-inner\"><img decoding=\"async\" class=\"swiper-slide-image\" src=\"https:\/\/easyscreen.tv\/wp-content\/uploads\/2023\/09\/Sportlink-1-1.png\" alt=\"\" \/><\/figure><\/div><div class=\"swiper-slide\" role=\"group\" aria-roledescription=\"slide\" aria-label=\"3 von 6\"><figure class=\"swiper-slide-inner\"><img decoding=\"async\" class=\"swiper-slide-image\" src=\"https:\/\/easyscreen.tv\/wp-content\/uploads\/2023\/09\/media-mark-logo-1-1.png\" alt=\"\" \/><\/figure><\/div><div class=\"swiper-slide\" role=\"group\" aria-roledescription=\"slide\" aria-label=\"4 von 6\"><figure class=\"swiper-slide-inner\"><img decoding=\"async\" class=\"swiper-slide-image\" src=\"https:\/\/easyscreen.tv\/wp-content\/uploads\/2023\/09\/Hendriks-1-1.png\" alt=\"\" \/><\/figure><\/div><div class=\"swiper-slide\" role=\"group\" aria-roledescription=\"slide\" aria-label=\"5 von 6\"><figure class=\"swiper-slide-inner\"><img decoding=\"async\" class=\"swiper-slide-image\" src=\"https:\/\/easyscreen.tv\/wp-content\/uploads\/2023\/09\/arts-en-zorg-1-1.png\" alt=\"\" \/><\/figure><\/div><div class=\"swiper-slide\" role=\"group\" aria-roledescription=\"slide\" aria-label=\"6 von 6\"><figure class=\"swiper-slide-inner\"><img decoding=\"async\" class=\"swiper-slide-image\" src=\"https:\/\/easyscreen.tv\/wp-content\/uploads\/2023\/09\/alphega-1-2-1-1.png\" alt=\"\" \/><\/figure><\/div>\t\t\t<\/div>\n\t\t\t\t\t\t\t\t\t\t\t\t<div class=\"elementor-swiper-button elementor-swiper-button-prev\" role=\"button\" tabindex=\"0\">\n\t\t\t\t\t\t<svg aria-hidden=\"true\" class=\"e-font-icon-svg e-eicon-chevron-left\" viewBox=\"0 0 1000 1000\" xmlns=\"http:\/\/www.w3.org\/2000\/svg\"><path d=\"M646 125C629 125 613 133 604 142L308 442C296 454 292 471 292 487 292 504 296 521 308 533L604 854C617 867 629 875 646 875 663 875 679 871 692 858 704 846 713 829 713 812 713 796 708 779 692 767L438 487 692 225C700 217 708 204 708 187 708 171 704 154 692 142 675 129 663 125 646 125Z\"><\/path><\/svg>\t\t\t\t\t<\/div>\n\t\t\t\t\t<div class=\"elementor-swiper-button elementor-swiper-button-next\" role=\"button\" tabindex=\"0\">\n\t\t\t\t\t\t<svg aria-hidden=\"true\" class=\"e-font-icon-svg e-eicon-chevron-right\" viewBox=\"0 0 1000 1000\" xmlns=\"http:\/\/www.w3.org\/2000\/svg\"><path d=\"M696 533C708 521 713 504 713 487 713 471 708 454 696 446L400 146C388 133 375 125 354 125 338 125 325 129 313 142 300 154 292 171 292 187 292 204 296 221 308 233L563 492 304 771C292 783 288 800 288 817 288 833 296 850 308 863 321 871 338 875 354 875 371 875 388 867 400 854L696 533Z\"><\/path><\/svg>\t\t\t\t\t<\/div>\n\t\t\t\t\n\t\t\t\t\t\t\t\t\t<div class=\"swiper-pagination\"><\/div>\n\t\t\t\t\t\t\t\t\t<\/div>\n\t\t\t\t\t\t<\/div>\n\t\t\t\t<\/div>\n\t\t\t\t\t<\/div>\n\t\t<\/div>\n\t\t\t\t<div class=\"elementor-column elementor-col-50 elementor-top-column elementor-element elementor-element-a57fc53\" data-id=\"a57fc53\" data-element_type=\"column\" data-e-type=\"column\">\n\t\t\t<div class=\"elementor-widget-wrap elementor-element-populated\">\n\t\t\t\t\t\t<div class=\"elementor-element elementor-element-6004298 elementor-widget elementor-widget-text-editor\" data-id=\"6004298\" data-element_type=\"widget\" data-e-type=\"widget\" data-widget_type=\"text-editor.default\">\n\t\t\t\t<div class=\"elementor-widget-container\">\n\t\t\t\t\t\t\t\t\t<script charset=\"utf-8\" type=\"text\/javascript\" src=\"\/\/js.hsforms.net\/forms\/embed\/v2.js\"><\/script>\n<script>\n  hbspt.forms.create({\n    region: \"na1\",\n    portalId: \"3841819\",\n    formId: \"e5f17983-03a3-4577-a6b3-218c463d5363\"\n  });\n<\/script>\t\t\t\t\t\t\t\t<\/div>\n\t\t\t\t<\/div>\n\t\t\t\t\t<\/div>\n\t\t<\/div>\n\t\t\t\t\t<\/div>\n\t\t<\/section>\n\t\t\t\t<\/div>\n\t\t","protected":false},"excerpt":{"rendered":"<p>Starten Sie Ihre Easyscreen Demo. Sie ist kostenlos! Sie werden unsere einfache, optimierte Benutzeroberfl\u00e4che lieben. Easyscreen verf\u00fcgt \u00fcber eine Vielzahl von einfachen Tools zur Erstellung von Inhalten, eine vollst\u00e4ndige Verwaltung von Wiedergabelisten und eine umfangreiche Bibliothek mit hochwertigen Bildern und Vorlagen. Testen Sie Easyscreen einen Monat lang v\u00f6llig kostenlos. Wir senden Ihnen eine E-Mail mit [&hellip;]<\/p>\n","protected":false},"author":28,"featured_media":0,"parent":0,"menu_order":0,"comment_status":"closed","ping_status":"closed","template":"","meta":{"_acf_changed":false,"content-type":"","site-sidebar-layout":"no-sidebar","site-content-layout":"page-builder","ast-site-content-layout":"default","site-content-style":"default","site-sidebar-style":"default","ast-global-header-display":"","ast-banner-title-visibility":"","ast-main-header-display":"","ast-hfb-above-header-display":"","ast-hfb-below-header-display":"","ast-hfb-mobile-header-display":"","site-post-title":"disabled","ast-breadcrumbs-content":"","ast-featured-img":"disabled","footer-sml-layout":"","ast-disable-related-posts":"","theme-transparent-header-meta":"","adv-header-id-meta":"","stick-header-meta":"","header-above-stick-meta":"","header-main-stick-meta":"","header-below-stick-meta":"","astra-migrate-meta-layouts":"set","ast-page-background-enabled":"default","ast-page-background-meta":{"desktop":{"background-color":"var(--ast-global-color-4)","background-image":"","background-repeat":"repeat","background-position":"center center","background-size":"auto","background-attachment":"scroll","background-type":"","background-media":"","overlay-type":"","overlay-color":"","overlay-opacity":"","overlay-gradient":""},"tablet":{"background-color":"","background-image":"","background-repeat":"repeat","background-position":"center center","background-size":"auto","background-attachment":"scroll","background-type":"","background-media":"","overlay-type":"","overlay-color":"","overlay-opacity":"","overlay-gradient":""},"mobile":{"background-color":"","background-image":"","background-repeat":"repeat","background-position":"center center","background-size":"auto","background-attachment":"scroll","background-type":"","background-media":"","overlay-type":"","overlay-color":"","overlay-opacity":"","overlay-gradient":""}},"ast-content-background-meta":{"desktop":{"background-color":"var(--ast-global-color-5)","background-image":"","background-repeat":"repeat","background-position":"center center","background-size":"auto","background-attachment":"scroll","background-type":"","background-media":"","overlay-type":"","overlay-color":"","overlay-opacity":"","overlay-gradient":""},"tablet":{"background-color":"var(--ast-global-color-5)","background-image":"","background-repeat":"repeat","background-position":"center center","background-size":"auto","background-attachment":"scroll","background-type":"","background-media":"","overlay-type":"","overlay-color":"","overlay-opacity":"","overlay-gradient":""},"mobile":{"background-color":"var(--ast-global-color-5)","background-image":"","background-repeat":"repeat","background-position":"center center","background-size":"auto","background-attachment":"scroll","background-type":"","background-media":"","overlay-type":"","overlay-color":"","overlay-opacity":"","overlay-gradient":""}},"footnotes":""},"class_list":["post-60597","page","type-page","status-publish","hentry"],"acf":[],"yoast_head":"<!-- This site is optimized with the Yoast SEO plugin v27.2 - https:\/\/yoast.com\/product\/yoast-seo-wordpress\/ -->\n<title>kostenlose digital signage | Easyscreen | Demo<\/title>\n<meta name=\"description\" content=\"Testen Sie unsere Digital Signage Software v\u00f6llig kostenlos. Starten Sie Ihre Digital Signage-Demo.\" \/>\n<meta name=\"robots\" content=\"index, follow, max-snippet:-1, max-image-preview:large, max-video-preview:-1\" \/>\n<link rel=\"canonical\" href=\"https:\/\/easyscreen.tv\/de\/kostenlose-digital-signage\/\" \/>\n<meta property=\"og:locale\" content=\"de_DE\" \/>\n<meta property=\"og:type\" content=\"article\" \/>\n<meta property=\"og:title\" content=\"kostenlose digital signage | Easyscreen | Demo\" \/>\n<meta property=\"og:description\" content=\"Testen Sie unsere Digital Signage Software v\u00f6llig kostenlos. Starten Sie Ihre Digital Signage-Demo.\" \/>\n<meta property=\"og:url\" content=\"https:\/\/easyscreen.tv\/de\/kostenlose-digital-signage\/\" \/>\n<meta property=\"og:site_name\" content=\"Easyscreen.tv\" \/>\n<meta property=\"article:publisher\" content=\"https:\/\/nl-nl.facebook.com\/easyscreentv\/\" \/>\n<meta property=\"article:modified_time\" content=\"2024-05-06T10:30:20+00:00\" \/>\n<meta property=\"og:image\" content=\"https:\/\/easyscreen.tv\/wp-content\/uploads\/elementor\/thumbs\/Toyota-1-1-qe20denvblj8cbcrqjj09b030ro19yq16f2cc7n2lw.png\" \/>\n<meta name=\"twitter:card\" content=\"summary_large_image\" \/>\n<meta name=\"twitter:site\" content=\"@easyscreen_tv\" \/>\n<script type=\"application\/ld+json\" class=\"yoast-schema-graph\">{\"@context\":\"https:\/\/schema.org\",\"@graph\":[{\"@type\":\"WebPage\",\"@id\":\"https:\/\/easyscreen.tv\/de\/kostenlose-digital-signage\/\",\"url\":\"https:\/\/easyscreen.tv\/de\/kostenlose-digital-signage\/\",\"name\":\"kostenlose digital signage | Easyscreen | Demo\",\"isPartOf\":{\"@id\":\"https:\/\/easyscreen.tv\/#website\"},\"primaryImageOfPage\":{\"@id\":\"https:\/\/easyscreen.tv\/de\/kostenlose-digital-signage\/#primaryimage\"},\"image\":{\"@id\":\"https:\/\/easyscreen.tv\/de\/kostenlose-digital-signage\/#primaryimage\"},\"thumbnailUrl\":\"https:\/\/easyscreen.tv\/wp-content\/uploads\/elementor\/thumbs\/Toyota-1-1-qe20denvblj8cbcrqjj09b030ro19yq16f2cc7n2lw.png\",\"datePublished\":\"2023-06-15T11:00:05+00:00\",\"dateModified\":\"2024-05-06T10:30:20+00:00\",\"description\":\"Testen Sie unsere Digital Signage Software v\u00f6llig kostenlos. Starten Sie Ihre Digital Signage-Demo.\",\"breadcrumb\":{\"@id\":\"https:\/\/easyscreen.tv\/de\/kostenlose-digital-signage\/#breadcrumb\"},\"inLanguage\":\"de\",\"potentialAction\":[{\"@type\":\"ReadAction\",\"target\":[\"https:\/\/easyscreen.tv\/de\/kostenlose-digital-signage\/\"]}]},{\"@type\":\"ImageObject\",\"inLanguage\":\"de\",\"@id\":\"https:\/\/easyscreen.tv\/de\/kostenlose-digital-signage\/#primaryimage\",\"url\":\"https:\/\/easyscreen.tv\/wp-content\/uploads\/elementor\/thumbs\/Toyota-1-1-qe20denvblj8cbcrqjj09b030ro19yq16f2cc7n2lw.png\",\"contentUrl\":\"https:\/\/easyscreen.tv\/wp-content\/uploads\/elementor\/thumbs\/Toyota-1-1-qe20denvblj8cbcrqjj09b030ro19yq16f2cc7n2lw.png\"},{\"@type\":\"BreadcrumbList\",\"@id\":\"https:\/\/easyscreen.tv\/de\/kostenlose-digital-signage\/#breadcrumb\",\"itemListElement\":[{\"@type\":\"ListItem\",\"position\":1,\"name\":\"Portada\",\"item\":\"https:\/\/easyscreen.tv\/de\/homepage\/\"},{\"@type\":\"ListItem\",\"position\":2,\"name\":\"Formulier Narrowcasting Gratis\"}]},{\"@type\":\"WebSite\",\"@id\":\"https:\/\/easyscreen.tv\/#website\",\"url\":\"https:\/\/easyscreen.tv\/\",\"name\":\"Easyscreen.tv\",\"description\":\"Narrowcasting &amp; Digital Signage\",\"publisher\":{\"@id\":\"https:\/\/easyscreen.tv\/#organization\"},\"potentialAction\":[{\"@type\":\"SearchAction\",\"target\":{\"@type\":\"EntryPoint\",\"urlTemplate\":\"https:\/\/easyscreen.tv\/?s={search_term_string}\"},\"query-input\":{\"@type\":\"PropertyValueSpecification\",\"valueRequired\":true,\"valueName\":\"search_term_string\"}}],\"inLanguage\":\"de\"},{\"@type\":\"Organization\",\"@id\":\"https:\/\/easyscreen.tv\/#organization\",\"name\":\"Easyscreen\",\"url\":\"https:\/\/easyscreen.tv\/\",\"logo\":{\"@type\":\"ImageObject\",\"inLanguage\":\"de\",\"@id\":\"https:\/\/easyscreen.tv\/#\/schema\/logo\/image\/\",\"url\":\"https:\/\/easyscreen.tv\/wp-content\/uploads\/2019\/08\/Logo-Easyscreen.png\",\"contentUrl\":\"https:\/\/easyscreen.tv\/wp-content\/uploads\/2019\/08\/Logo-Easyscreen.png\",\"width\":192,\"height\":43,\"caption\":\"Easyscreen\"},\"image\":{\"@id\":\"https:\/\/easyscreen.tv\/#\/schema\/logo\/image\/\"},\"sameAs\":[\"https:\/\/nl-nl.facebook.com\/easyscreentv\/\",\"https:\/\/x.com\/easyscreen_tv\",\"https:\/\/www.instagram.com\/easyscreen_narrowcasting\/\",\"https:\/\/www.linkedin.com\/company\/easyscreentv\/\",\"https:\/\/nl.pinterest.com\/easyscreentv\/\",\"https:\/\/www.youtube.com\/channel\/UC6tdp4wsQyyKsqqP1_WtVUw\"]}]}<\/script>\n<!-- \/ Yoast SEO plugin. -->","yoast_head_json":{"title":"kostenlose digital signage | Easyscreen | Demo","description":"Testen Sie unsere Digital Signage Software v\u00f6llig kostenlos. Starten Sie Ihre Digital Signage-Demo.","robots":{"index":"index","follow":"follow","max-snippet":"max-snippet:-1","max-image-preview":"max-image-preview:large","max-video-preview":"max-video-preview:-1"},"canonical":"https:\/\/easyscreen.tv\/de\/kostenlose-digital-signage\/","og_locale":"de_DE","og_type":"article","og_title":"kostenlose digital signage | Easyscreen | Demo","og_description":"Testen Sie unsere Digital Signage Software v\u00f6llig kostenlos. Starten Sie Ihre Digital Signage-Demo.","og_url":"https:\/\/easyscreen.tv\/de\/kostenlose-digital-signage\/","og_site_name":"Easyscreen.tv","article_publisher":"https:\/\/nl-nl.facebook.com\/easyscreentv\/","article_modified_time":"2024-05-06T10:30:20+00:00","og_image":[{"url":"https:\/\/easyscreen.tv\/wp-content\/uploads\/elementor\/thumbs\/Toyota-1-1-qe20denvblj8cbcrqjj09b030ro19yq16f2cc7n2lw.png","type":"","width":"","height":""}],"twitter_card":"summary_large_image","twitter_site":"@easyscreen_tv","schema":{"@context":"https:\/\/schema.org","@graph":[{"@type":"WebPage","@id":"https:\/\/easyscreen.tv\/de\/kostenlose-digital-signage\/","url":"https:\/\/easyscreen.tv\/de\/kostenlose-digital-signage\/","name":"kostenlose digital signage | Easyscreen | Demo","isPartOf":{"@id":"https:\/\/easyscreen.tv\/#website"},"primaryImageOfPage":{"@id":"https:\/\/easyscreen.tv\/de\/kostenlose-digital-signage\/#primaryimage"},"image":{"@id":"https:\/\/easyscreen.tv\/de\/kostenlose-digital-signage\/#primaryimage"},"thumbnailUrl":"https:\/\/easyscreen.tv\/wp-content\/uploads\/elementor\/thumbs\/Toyota-1-1-qe20denvblj8cbcrqjj09b030ro19yq16f2cc7n2lw.png","datePublished":"2023-06-15T11:00:05+00:00","dateModified":"2024-05-06T10:30:20+00:00","description":"Testen Sie unsere Digital Signage Software v\u00f6llig kostenlos. Starten Sie Ihre Digital Signage-Demo.","breadcrumb":{"@id":"https:\/\/easyscreen.tv\/de\/kostenlose-digital-signage\/#breadcrumb"},"inLanguage":"de","potentialAction":[{"@type":"ReadAction","target":["https:\/\/easyscreen.tv\/de\/kostenlose-digital-signage\/"]}]},{"@type":"ImageObject","inLanguage":"de","@id":"https:\/\/easyscreen.tv\/de\/kostenlose-digital-signage\/#primaryimage","url":"https:\/\/easyscreen.tv\/wp-content\/uploads\/elementor\/thumbs\/Toyota-1-1-qe20denvblj8cbcrqjj09b030ro19yq16f2cc7n2lw.png","contentUrl":"https:\/\/easyscreen.tv\/wp-content\/uploads\/elementor\/thumbs\/Toyota-1-1-qe20denvblj8cbcrqjj09b030ro19yq16f2cc7n2lw.png"},{"@type":"BreadcrumbList","@id":"https:\/\/easyscreen.tv\/de\/kostenlose-digital-signage\/#breadcrumb","itemListElement":[{"@type":"ListItem","position":1,"name":"Portada","item":"https:\/\/easyscreen.tv\/de\/homepage\/"},{"@type":"ListItem","position":2,"name":"Formulier Narrowcasting Gratis"}]},{"@type":"WebSite","@id":"https:\/\/easyscreen.tv\/#website","url":"https:\/\/easyscreen.tv\/","name":"Easyscreen.tv","description":"Narrowcasting &amp; Digital Signage","publisher":{"@id":"https:\/\/easyscreen.tv\/#organization"},"potentialAction":[{"@type":"SearchAction","target":{"@type":"EntryPoint","urlTemplate":"https:\/\/easyscreen.tv\/?s={search_term_string}"},"query-input":{"@type":"PropertyValueSpecification","valueRequired":true,"valueName":"search_term_string"}}],"inLanguage":"de"},{"@type":"Organization","@id":"https:\/\/easyscreen.tv\/#organization","name":"Easyscreen","url":"https:\/\/easyscreen.tv\/","logo":{"@type":"ImageObject","inLanguage":"de","@id":"https:\/\/easyscreen.tv\/#\/schema\/logo\/image\/","url":"https:\/\/easyscreen.tv\/wp-content\/uploads\/2019\/08\/Logo-Easyscreen.png","contentUrl":"https:\/\/easyscreen.tv\/wp-content\/uploads\/2019\/08\/Logo-Easyscreen.png","width":192,"height":43,"caption":"Easyscreen"},"image":{"@id":"https:\/\/easyscreen.tv\/#\/schema\/logo\/image\/"},"sameAs":["https:\/\/nl-nl.facebook.com\/easyscreentv\/","https:\/\/x.com\/easyscreen_tv","https:\/\/www.instagram.com\/easyscreen_narrowcasting\/","https:\/\/www.linkedin.com\/company\/easyscreentv\/","https:\/\/nl.pinterest.com\/easyscreentv\/","https:\/\/www.youtube.com\/channel\/UC6tdp4wsQyyKsqqP1_WtVUw"]}]}},"_links":{"self":[{"href":"https:\/\/easyscreen.tv\/de\/wp-json\/wp\/v2\/pages\/60597","targetHints":{"allow":["GET"]}}],"collection":[{"href":"https:\/\/easyscreen.tv\/de\/wp-json\/wp\/v2\/pages"}],"about":[{"href":"https:\/\/easyscreen.tv\/de\/wp-json\/wp\/v2\/types\/page"}],"author":[{"embeddable":true,"href":"https:\/\/easyscreen.tv\/de\/wp-json\/wp\/v2\/users\/28"}],"replies":[{"embeddable":true,"href":"https:\/\/easyscreen.tv\/de\/wp-json\/wp\/v2\/comments?post=60597"}],"version-history":[{"count":13,"href":"https:\/\/easyscreen.tv\/de\/wp-json\/wp\/v2\/pages\/60597\/revisions"}],"predecessor-version":[{"id":63851,"href":"https:\/\/easyscreen.tv\/de\/wp-json\/wp\/v2\/pages\/60597\/revisions\/63851"}],"wp:attachment":[{"href":"https:\/\/easyscreen.tv\/de\/wp-json\/wp\/v2\/media?parent=60597"}],"curies":[{"name":"wp","href":"https:\/\/api.w.org\/{rel}","templated":true}]}}