{"id":60600,"date":"2023-06-06T10:21:25","date_gmt":"2023-06-06T09:21:25","guid":{"rendered":"https:\/\/easyscreen.tv\/disclaimer\/"},"modified":"2026-03-11T15:26:09","modified_gmt":"2026-03-11T14:26:09","slug":"haftungsausschluss","status":"publish","type":"page","link":"https:\/\/easyscreen.tv\/de\/haftungsausschluss\/","title":{"rendered":"Disclaimer"},"content":{"rendered":"\t\t<div data-elementor-type=\"wp-page\" data-elementor-id=\"60600\" class=\"elementor elementor-60600 elementor-39236\" data-elementor-post-type=\"page\">\n\t\t\t\t\t\t<section class=\"elementor-section elementor-top-section elementor-element elementor-element-4194ea6 elementor-section-boxed elementor-section-height-default elementor-section-height-default\" data-id=\"4194ea6\" data-element_type=\"section\" data-e-type=\"section\">\n\t\t\t\t\t\t<div class=\"elementor-container elementor-column-gap-default\">\n\t\t\t\t\t<div class=\"elementor-column elementor-col-100 elementor-top-column elementor-element elementor-element-db3f204\" data-id=\"db3f204\" data-element_type=\"column\" data-e-type=\"column\">\n\t\t\t<div class=\"elementor-widget-wrap elementor-element-populated\">\n\t\t\t\t\t\t<div class=\"elementor-element elementor-element-7829ac2 elementor-widget elementor-widget-heading\" data-id=\"7829ac2\" data-element_type=\"widget\" data-e-type=\"widget\" data-widget_type=\"heading.default\">\n\t\t\t\t<div class=\"elementor-widget-container\">\n\t\t\t\t\t<h1 class=\"elementor-heading-title elementor-size-default\">Haftungsausschluss<\/h1>\t\t\t\t<\/div>\n\t\t\t\t<\/div>\n\t\t\t\t<div class=\"elementor-element elementor-element-cf1633f elementor-widget elementor-widget-heading\" data-id=\"cf1633f\" data-element_type=\"widget\" data-e-type=\"widget\" data-widget_type=\"heading.default\">\n\t\t\t\t<div class=\"elementor-widget-container\">\n\t\t\t\t\t<h2 class=\"elementor-heading-title elementor-size-default\">Einf\u00fchrung<\/h2>\t\t\t\t<\/div>\n\t\t\t\t<\/div>\n\t\t\t\t<div class=\"elementor-element elementor-element-3ab7e3b elementor-widget elementor-widget-text-editor\" data-id=\"3ab7e3b\" data-element_type=\"widget\" data-e-type=\"widget\" data-widget_type=\"text-editor.default\">\n\t\t\t\t<div class=\"elementor-widget-container\">\n\t\t\t\t\t\t\t\t\t<p>Easyscreen ist bestrebt, die Inhalte dieser Webseite korrekt und aktuell zu halten. Dennoch \u00fcbernimmt Easyscreen keine Haftung f\u00fcr den Inhalt dieser Website oder den Inhalt von Websites anderer, die \u00fcber einen Hyperlink auf dieser oder anderen www-Seiten erreicht werden k\u00f6nnen.<\/p><p>Das Filmmaterial ist urheberrechtlich gesch\u00fctzt. Unerlaubte Nutzung, Vervielf\u00e4ltigung und Verbreitung im Ganzen oder in Teilen an Dritte ist ohne unsere schriftliche Genehmigung nicht gestattet.<\/p>\t\t\t\t\t\t\t\t<\/div>\n\t\t\t\t<\/div>\n\t\t\t\t<div class=\"elementor-element elementor-element-d1c2e3b elementor-widget elementor-widget-heading\" data-id=\"d1c2e3b\" data-element_type=\"widget\" data-e-type=\"widget\" data-widget_type=\"heading.default\">\n\t\t\t\t<div class=\"elementor-widget-container\">\n\t\t\t\t\t<h2 class=\"elementor-heading-title elementor-size-default\">Verwendung von Easyscreen<\/h2>\t\t\t\t<\/div>\n\t\t\t\t<\/div>\n\t\t\t\t<div class=\"elementor-element elementor-element-19032c5 elementor-widget elementor-widget-text-editor\" data-id=\"19032c5\" data-element_type=\"widget\" data-e-type=\"widget\" data-widget_type=\"text-editor.default\">\n\t\t\t\t<div class=\"elementor-widget-container\">\n\t\t\t\t\t\t\t\t\t<p>Easyscreen (Handelsname von M-Cube S.p.A.) ist nicht verantwortlich f\u00fcr die Inhalte, die \u00fcber die Easyscreen-Software und den Player angezeigt werden. Easyscreen kann keine Garantie f\u00fcr die Richtigkeit, Vollst\u00e4ndigkeit oder Verwendbarkeit der Inhalte geben und \u00fcbernimmt keine Verantwortung daf\u00fcr.<\/p><p>\u00a0<\/p><p>Durch die Nutzung des Easyscreen-Players erkl\u00e4rt sich der Kunde damit einverstanden, f\u00fcr die von der Easyscreen-Software und dem Player angezeigten Inhalte verantwortlich zu sein und Easyscreen in Bezug auf jegliche Anspr\u00fcche aufgrund der angezeigten Inhalte freizustellen.<\/p><p>Easyscreen haftet in keinem Fall f\u00fcr direkte und\/oder indirekte Sch\u00e4den, die sich aus den mit dem Easyscreen-Player angezeigten Inhalten ergeben, einschlie\u00dflich, aber nicht beschr\u00e4nkt auf entgangene Gewinne, Betriebsunterbrechungen und Datenverluste.<\/p><p>\u00a0<\/p><p>Wenn Sie ein Produkt oder eine Dienstleistung von Easyscreen erhalten, wird dieses Produkt oder diese Dienstleistung &#8222;wie besehen&#8220; bereitgestellt, ohne jegliche andere Garantie als die mit dem Kunden schriftlich vereinbarte, ausdr\u00fcckliche oder implizite Garantie, und die Nutzung dieses Produkts oder dieser Dienstleistung erfolgt vollst\u00e4ndig auf eigenes Risiko des Kunden.<\/p><p>\u00a0<\/p><p>Durch die Nutzung des Players und der Software von Easyscreen erkl\u00e4rt sich der Kunde mit den Allgemeinen Gesch\u00e4ftsbedingungen von M-Cube S.p.A. einverstanden.<\/p>\t\t\t\t\t\t\t\t<\/div>\n\t\t\t\t<\/div>\n\t\t\t\t<div class=\"elementor-element elementor-element-4484238 elementor-widget elementor-widget-heading\" data-id=\"4484238\" data-element_type=\"widget\" data-e-type=\"widget\" data-widget_type=\"heading.default\">\n\t\t\t\t<div class=\"elementor-widget-container\">\n\t\t\t\t\t<h2 class=\"elementor-heading-title elementor-size-default\">Nutzungslizenz von Easyscreen\n<\/h2>\t\t\t\t<\/div>\n\t\t\t\t<\/div>\n\t\t\t\t<div class=\"elementor-element elementor-element-332a02d elementor-widget elementor-widget-text-editor\" data-id=\"332a02d\" data-element_type=\"widget\" data-e-type=\"widget\" data-widget_type=\"text-editor.default\">\n\t\t\t\t<div class=\"elementor-widget-container\">\n\t\t\t\t\t\t\t\t\t<p>Easyscreen gew\u00e4hrt dem Kunden ein nicht ausschlie\u00dfliches und nicht \u00fcbertragbares Recht, die im Rahmen eines Abonnements angebotenen Dienste f\u00fcr die Dauer der Laufzeit des Abonnements zu nutzen, vorbehaltlich der Bedingungen und Einschr\u00e4nkungen des Abonnements und der Allgemeinen Nutzungsbedingungen. Der Kunde akzeptiert dieses nicht-exklusive Nutzungsrecht.<\/p><p>\u00a0<\/p><p>Der Kunde darf die Dienste nur f\u00fcr die normale Gesch\u00e4ftst\u00e4tigkeit innerhalb des Unternehmens nutzen, wobei diese Nutzung nicht dazu f\u00fchren darf, dass der Kunde oder ein Dritter des Kunden diese Dienste in irgendeiner Form &#8211; sei es zu kommerziellen oder anderen Zwecken &#8211; nutzt.<\/p><p>\u00a0<\/p><p>Dem Kunden ist es nicht gestattet, die Software und\/oder die Dienste in irgendeiner Weise zu ver\u00f6ffentlichen, zu kopieren oder anderweitig zu vervielf\u00e4ltigen oder zu ver\u00e4ndern, es sei denn, dies ist f\u00fcr die Nutzung der Dienste selbst erforderlich oder es liegt eine ausdr\u00fcckliche schriftliche Genehmigung von Easyscreen vor.<\/p><p>\u00a0<\/p><p>Der Kunde erkl\u00e4rt und garantiert gegen\u00fcber Easyscreen, die Software und\/oder die Dienste nicht f\u00fcr einen ungesetzlichen, sittenwidrigen oder durch diese Bedingungen und Bekanntmachungen verbotenen Zweck zu verwenden. Dies gilt auch f\u00fcr die Inhalte, die vom Kunden oder \u00fcber den Kunden mit Hilfe der Software und \/ oder der Dienste verwendet und \/ oder ver\u00f6ffentlicht werden.<\/p>\t\t\t\t\t\t\t\t<\/div>\n\t\t\t\t<\/div>\n\t\t\t\t<div class=\"elementor-element elementor-element-2a67bbd elementor-widget elementor-widget-heading\" data-id=\"2a67bbd\" data-element_type=\"widget\" data-e-type=\"widget\" data-widget_type=\"heading.default\">\n\t\t\t\t<div class=\"elementor-widget-container\">\n\t\t\t\t\t<h2 class=\"elementor-heading-title elementor-size-default\">Geistige Eigentumsrechte<\/h2>\t\t\t\t<\/div>\n\t\t\t\t<\/div>\n\t\t\t\t<div class=\"elementor-element elementor-element-b66f84e elementor-widget elementor-widget-text-editor\" data-id=\"b66f84e\" data-element_type=\"widget\" data-e-type=\"widget\" data-widget_type=\"text-editor.default\">\n\t\t\t\t<div class=\"elementor-widget-container\">\n\t\t\t\t\t\t\t\t\t<p>Sofern nicht schriftlich anders vereinbart, liegen alle Rechte am geistigen Eigentum in Bezug auf Easyscreen oder die von Easyscreen bereitgestellten Dienste zu jeder Zeit bei Easyscreen oder seinen Lieferanten oder einer anderen von Easyscreen zu diesem Zweck benannten Partei.<\/p><p>\u00a0<\/p><p>Dem Kunden ist es ausdr\u00fccklich untersagt, die Software und\/oder die Dienste ohne schriftliche Genehmigung von Easyscreen zu ver\u00f6ffentlichen, zu vertreiben, zu vervielf\u00e4ltigen oder anderweitig zu nutzen, und zwar im weitesten Sinne.<\/p><p>\u00a0<\/p><p>Easyscreen kann unter keinen Umst\u00e4nden f\u00fcr die Verletzung eines geistigen oder gewerblichen Eigentumsrechts haftbar gemacht werden.<\/p>\t\t\t\t\t\t\t\t<\/div>\n\t\t\t\t<\/div>\n\t\t\t\t\t<\/div>\n\t\t<\/div>\n\t\t\t\t\t<\/div>\n\t\t<\/section>\n\t\t\t\t<\/div>\n\t\t","protected":false},"excerpt":{"rendered":"<p>Haftungsausschluss Einf\u00fchrung Easyscreen ist bestrebt, die Inhalte dieser Webseite korrekt und aktuell zu halten. Dennoch \u00fcbernimmt Easyscreen keine Haftung f\u00fcr den Inhalt dieser Website oder den Inhalt von Websites anderer, die \u00fcber einen Hyperlink auf dieser oder anderen www-Seiten erreicht werden k\u00f6nnen. Das Filmmaterial ist urheberrechtlich gesch\u00fctzt. Unerlaubte Nutzung, Vervielf\u00e4ltigung und Verbreitung im Ganzen oder [&hellip;]<\/p>\n","protected":false},"author":28,"featured_media":0,"parent":0,"menu_order":0,"comment_status":"closed","ping_status":"closed","template":"","meta":{"_acf_changed":false,"content-type":"","site-sidebar-layout":"no-sidebar","site-content-layout":"page-builder","ast-site-content-layout":"default","site-content-style":"default","site-sidebar-style":"default","ast-global-header-display":"","ast-banner-title-visibility":"","ast-main-header-display":"","ast-hfb-above-header-display":"","ast-hfb-below-header-display":"","ast-hfb-mobile-header-display":"","site-post-title":"disabled","ast-breadcrumbs-content":"","ast-featured-img":"disabled","footer-sml-layout":"","ast-disable-related-posts":"","theme-transparent-header-meta":"","adv-header-id-meta":"","stick-header-meta":"","header-above-stick-meta":"","header-main-stick-meta":"","header-below-stick-meta":"","astra-migrate-meta-layouts":"set","ast-page-background-enabled":"default","ast-page-background-meta":{"desktop":{"background-color":"var(--ast-global-color-4)","background-image":"","background-repeat":"repeat","background-position":"center center","background-size":"auto","background-attachment":"scroll","background-type":"","background-media":"","overlay-type":"","overlay-color":"","overlay-opacity":"","overlay-gradient":""},"tablet":{"background-color":"","background-image":"","background-repeat":"repeat","background-position":"center center","background-size":"auto","background-attachment":"scroll","background-type":"","background-media":"","overlay-type":"","overlay-color":"","overlay-opacity":"","overlay-gradient":""},"mobile":{"background-color":"","background-image":"","background-repeat":"repeat","background-position":"center center","background-size":"auto","background-attachment":"scroll","background-type":"","background-media":"","overlay-type":"","overlay-color":"","overlay-opacity":"","overlay-gradient":""}},"ast-content-background-meta":{"desktop":{"background-color":"var(--ast-global-color-5)","background-image":"","background-repeat":"repeat","background-position":"center center","background-size":"auto","background-attachment":"scroll","background-type":"","background-media":"","overlay-type":"","overlay-color":"","overlay-opacity":"","overlay-gradient":""},"tablet":{"background-color":"var(--ast-global-color-5)","background-image":"","background-repeat":"repeat","background-position":"center center","background-size":"auto","background-attachment":"scroll","background-type":"","background-media":"","overlay-type":"","overlay-color":"","overlay-opacity":"","overlay-gradient":""},"mobile":{"background-color":"var(--ast-global-color-5)","background-image":"","background-repeat":"repeat","background-position":"center center","background-size":"auto","background-attachment":"scroll","background-type":"","background-media":"","overlay-type":"","overlay-color":"","overlay-opacity":"","overlay-gradient":""}},"footnotes":""},"class_list":["post-60600","page","type-page","status-publish","hentry"],"acf":[],"yoast_head":"<!-- This site is optimized with the Yoast SEO plugin v27.2 - https:\/\/yoast.com\/product\/yoast-seo-wordpress\/ -->\n<title>Haftungsausschluss \u2013 Weitere Informationen \u00fcber die Nutzung von Easyscreen<\/title>\n<meta name=\"description\" content=\"Weitere Informationen \u00fcber den Benutzer von Easyscreen, Benutzerlizenz von Easyscreen und geistige Eigentumsrechte? Lesen Sie mehr.\" \/>\n<meta name=\"robots\" content=\"index, follow, max-snippet:-1, max-image-preview:large, max-video-preview:-1\" \/>\n<link rel=\"canonical\" href=\"https:\/\/easyscreen.tv\/de\/haftungsausschluss\/\" \/>\n<meta property=\"og:locale\" content=\"de_DE\" \/>\n<meta property=\"og:type\" content=\"article\" \/>\n<meta property=\"og:title\" content=\"Haftungsausschluss \u2013 Weitere Informationen \u00fcber die Nutzung von Easyscreen\" \/>\n<meta property=\"og:description\" content=\"Weitere Informationen \u00fcber den Benutzer von Easyscreen, Benutzerlizenz von Easyscreen und geistige Eigentumsrechte? Lesen Sie mehr.\" \/>\n<meta property=\"og:url\" content=\"https:\/\/easyscreen.tv\/de\/haftungsausschluss\/\" \/>\n<meta property=\"og:site_name\" content=\"Easyscreen.tv\" \/>\n<meta property=\"article:publisher\" content=\"https:\/\/nl-nl.facebook.com\/easyscreentv\/\" \/>\n<meta property=\"article:modified_time\" content=\"2026-03-11T14:26:09+00:00\" \/>\n<meta name=\"twitter:card\" content=\"summary_large_image\" \/>\n<meta name=\"twitter:site\" content=\"@easyscreen_tv\" \/>\n<meta name=\"twitter:label1\" content=\"Gesch\u00e4tzte Lesezeit\" \/>\n\t<meta name=\"twitter:data1\" content=\"3\u00a0Minuten\" \/>\n<script type=\"application\/ld+json\" class=\"yoast-schema-graph\">{\"@context\":\"https:\/\/schema.org\",\"@graph\":[{\"@type\":\"WebPage\",\"@id\":\"https:\/\/easyscreen.tv\/de\/haftungsausschluss\/\",\"url\":\"https:\/\/easyscreen.tv\/de\/haftungsausschluss\/\",\"name\":\"Haftungsausschluss \u2013 Weitere Informationen \u00fcber die Nutzung von Easyscreen\",\"isPartOf\":{\"@id\":\"https:\/\/easyscreen.tv\/#website\"},\"datePublished\":\"2023-06-06T09:21:25+00:00\",\"dateModified\":\"2026-03-11T14:26:09+00:00\",\"description\":\"Weitere Informationen \u00fcber den Benutzer von Easyscreen, Benutzerlizenz von Easyscreen und geistige Eigentumsrechte? Lesen Sie mehr.\",\"breadcrumb\":{\"@id\":\"https:\/\/easyscreen.tv\/de\/haftungsausschluss\/#breadcrumb\"},\"inLanguage\":\"de\",\"potentialAction\":[{\"@type\":\"ReadAction\",\"target\":[\"https:\/\/easyscreen.tv\/de\/haftungsausschluss\/\"]}]},{\"@type\":\"BreadcrumbList\",\"@id\":\"https:\/\/easyscreen.tv\/de\/haftungsausschluss\/#breadcrumb\",\"itemListElement\":[{\"@type\":\"ListItem\",\"position\":1,\"name\":\"Portada\",\"item\":\"https:\/\/easyscreen.tv\/de\/homepage\/\"},{\"@type\":\"ListItem\",\"position\":2,\"name\":\"Disclaimer\"}]},{\"@type\":\"WebSite\",\"@id\":\"https:\/\/easyscreen.tv\/#website\",\"url\":\"https:\/\/easyscreen.tv\/\",\"name\":\"Easyscreen.tv\",\"description\":\"Narrowcasting &amp; Digital Signage\",\"publisher\":{\"@id\":\"https:\/\/easyscreen.tv\/#organization\"},\"potentialAction\":[{\"@type\":\"SearchAction\",\"target\":{\"@type\":\"EntryPoint\",\"urlTemplate\":\"https:\/\/easyscreen.tv\/?s={search_term_string}\"},\"query-input\":{\"@type\":\"PropertyValueSpecification\",\"valueRequired\":true,\"valueName\":\"search_term_string\"}}],\"inLanguage\":\"de\"},{\"@type\":\"Organization\",\"@id\":\"https:\/\/easyscreen.tv\/#organization\",\"name\":\"Easyscreen\",\"url\":\"https:\/\/easyscreen.tv\/\",\"logo\":{\"@type\":\"ImageObject\",\"inLanguage\":\"de\",\"@id\":\"https:\/\/easyscreen.tv\/#\/schema\/logo\/image\/\",\"url\":\"https:\/\/easyscreen.tv\/wp-content\/uploads\/2019\/08\/Logo-Easyscreen.png\",\"contentUrl\":\"https:\/\/easyscreen.tv\/wp-content\/uploads\/2019\/08\/Logo-Easyscreen.png\",\"width\":192,\"height\":43,\"caption\":\"Easyscreen\"},\"image\":{\"@id\":\"https:\/\/easyscreen.tv\/#\/schema\/logo\/image\/\"},\"sameAs\":[\"https:\/\/nl-nl.facebook.com\/easyscreentv\/\",\"https:\/\/x.com\/easyscreen_tv\",\"https:\/\/www.instagram.com\/easyscreen_narrowcasting\/\",\"https:\/\/www.linkedin.com\/company\/easyscreentv\/\",\"https:\/\/nl.pinterest.com\/easyscreentv\/\",\"https:\/\/www.youtube.com\/channel\/UC6tdp4wsQyyKsqqP1_WtVUw\"]}]}<\/script>\n<!-- \/ Yoast SEO plugin. -->","yoast_head_json":{"title":"Haftungsausschluss \u2013 Weitere Informationen \u00fcber die Nutzung von Easyscreen","description":"Weitere Informationen \u00fcber den Benutzer von Easyscreen, Benutzerlizenz von Easyscreen und geistige Eigentumsrechte? Lesen Sie mehr.","robots":{"index":"index","follow":"follow","max-snippet":"max-snippet:-1","max-image-preview":"max-image-preview:large","max-video-preview":"max-video-preview:-1"},"canonical":"https:\/\/easyscreen.tv\/de\/haftungsausschluss\/","og_locale":"de_DE","og_type":"article","og_title":"Haftungsausschluss \u2013 Weitere Informationen \u00fcber die Nutzung von Easyscreen","og_description":"Weitere Informationen \u00fcber den Benutzer von Easyscreen, Benutzerlizenz von Easyscreen und geistige Eigentumsrechte? Lesen Sie mehr.","og_url":"https:\/\/easyscreen.tv\/de\/haftungsausschluss\/","og_site_name":"Easyscreen.tv","article_publisher":"https:\/\/nl-nl.facebook.com\/easyscreentv\/","article_modified_time":"2026-03-11T14:26:09+00:00","twitter_card":"summary_large_image","twitter_site":"@easyscreen_tv","twitter_misc":{"Gesch\u00e4tzte Lesezeit":"3\u00a0Minuten"},"schema":{"@context":"https:\/\/schema.org","@graph":[{"@type":"WebPage","@id":"https:\/\/easyscreen.tv\/de\/haftungsausschluss\/","url":"https:\/\/easyscreen.tv\/de\/haftungsausschluss\/","name":"Haftungsausschluss \u2013 Weitere Informationen \u00fcber die Nutzung von Easyscreen","isPartOf":{"@id":"https:\/\/easyscreen.tv\/#website"},"datePublished":"2023-06-06T09:21:25+00:00","dateModified":"2026-03-11T14:26:09+00:00","description":"Weitere Informationen \u00fcber den Benutzer von Easyscreen, Benutzerlizenz von Easyscreen und geistige Eigentumsrechte? Lesen Sie mehr.","breadcrumb":{"@id":"https:\/\/easyscreen.tv\/de\/haftungsausschluss\/#breadcrumb"},"inLanguage":"de","potentialAction":[{"@type":"ReadAction","target":["https:\/\/easyscreen.tv\/de\/haftungsausschluss\/"]}]},{"@type":"BreadcrumbList","@id":"https:\/\/easyscreen.tv\/de\/haftungsausschluss\/#breadcrumb","itemListElement":[{"@type":"ListItem","position":1,"name":"Portada","item":"https:\/\/easyscreen.tv\/de\/homepage\/"},{"@type":"ListItem","position":2,"name":"Disclaimer"}]},{"@type":"WebSite","@id":"https:\/\/easyscreen.tv\/#website","url":"https:\/\/easyscreen.tv\/","name":"Easyscreen.tv","description":"Narrowcasting &amp; Digital Signage","publisher":{"@id":"https:\/\/easyscreen.tv\/#organization"},"potentialAction":[{"@type":"SearchAction","target":{"@type":"EntryPoint","urlTemplate":"https:\/\/easyscreen.tv\/?s={search_term_string}"},"query-input":{"@type":"PropertyValueSpecification","valueRequired":true,"valueName":"search_term_string"}}],"inLanguage":"de"},{"@type":"Organization","@id":"https:\/\/easyscreen.tv\/#organization","name":"Easyscreen","url":"https:\/\/easyscreen.tv\/","logo":{"@type":"ImageObject","inLanguage":"de","@id":"https:\/\/easyscreen.tv\/#\/schema\/logo\/image\/","url":"https:\/\/easyscreen.tv\/wp-content\/uploads\/2019\/08\/Logo-Easyscreen.png","contentUrl":"https:\/\/easyscreen.tv\/wp-content\/uploads\/2019\/08\/Logo-Easyscreen.png","width":192,"height":43,"caption":"Easyscreen"},"image":{"@id":"https:\/\/easyscreen.tv\/#\/schema\/logo\/image\/"},"sameAs":["https:\/\/nl-nl.facebook.com\/easyscreentv\/","https:\/\/x.com\/easyscreen_tv","https:\/\/www.instagram.com\/easyscreen_narrowcasting\/","https:\/\/www.linkedin.com\/company\/easyscreentv\/","https:\/\/nl.pinterest.com\/easyscreentv\/","https:\/\/www.youtube.com\/channel\/UC6tdp4wsQyyKsqqP1_WtVUw"]}]}},"_links":{"self":[{"href":"https:\/\/easyscreen.tv\/de\/wp-json\/wp\/v2\/pages\/60600","targetHints":{"allow":["GET"]}}],"collection":[{"href":"https:\/\/easyscreen.tv\/de\/wp-json\/wp\/v2\/pages"}],"about":[{"href":"https:\/\/easyscreen.tv\/de\/wp-json\/wp\/v2\/types\/page"}],"author":[{"embeddable":true,"href":"https:\/\/easyscreen.tv\/de\/wp-json\/wp\/v2\/users\/28"}],"replies":[{"embeddable":true,"href":"https:\/\/easyscreen.tv\/de\/wp-json\/wp\/v2\/comments?post=60600"}],"version-history":[{"count":10,"href":"https:\/\/easyscreen.tv\/de\/wp-json\/wp\/v2\/pages\/60600\/revisions"}],"predecessor-version":[{"id":89656,"href":"https:\/\/easyscreen.tv\/de\/wp-json\/wp\/v2\/pages\/60600\/revisions\/89656"}],"wp:attachment":[{"href":"https:\/\/easyscreen.tv\/de\/wp-json\/wp\/v2\/media?parent=60600"}],"curies":[{"name":"wp","href":"https:\/\/api.w.org\/{rel}","templated":true}]}}