{"id":39254,"date":"2023-06-06T10:21:25","date_gmt":"2023-06-06T09:21:25","guid":{"rendered":"https:\/\/easyscreen.tv\/disclaimer\/"},"modified":"2026-03-11T15:19:38","modified_gmt":"2026-03-11T14:19:38","slug":"informacion-uso-easyscreen","status":"publish","type":"page","link":"https:\/\/easyscreen.tv\/es\/informacion-uso-easyscreen\/","title":{"rendered":"Disclaimer"},"content":{"rendered":"\t\t<div data-elementor-type=\"wp-page\" data-elementor-id=\"39254\" class=\"elementor elementor-39254 elementor-39236\" data-elementor-post-type=\"page\">\n\t\t\t\t\t\t<section class=\"elementor-section elementor-top-section elementor-element elementor-element-4194ea6 elementor-section-boxed elementor-section-height-default elementor-section-height-default\" data-id=\"4194ea6\" data-element_type=\"section\" data-e-type=\"section\">\n\t\t\t\t\t\t<div class=\"elementor-container elementor-column-gap-default\">\n\t\t\t\t\t<div class=\"elementor-column elementor-col-100 elementor-top-column elementor-element elementor-element-db3f204\" data-id=\"db3f204\" data-element_type=\"column\" data-e-type=\"column\">\n\t\t\t<div class=\"elementor-widget-wrap elementor-element-populated\">\n\t\t\t\t\t\t<div class=\"elementor-element elementor-element-cf1633f elementor-widget elementor-widget-heading\" data-id=\"cf1633f\" data-element_type=\"widget\" data-e-type=\"widget\" data-widget_type=\"heading.default\">\n\t\t\t\t<div class=\"elementor-widget-container\">\n\t\t\t\t\t<h1 class=\"elementor-heading-title elementor-size-default\">Disclaimer<\/h1>\t\t\t\t<\/div>\n\t\t\t\t<\/div>\n\t\t\t\t<div class=\"elementor-element elementor-element-0921790 elementor-widget elementor-widget-heading\" data-id=\"0921790\" data-element_type=\"widget\" data-e-type=\"widget\" data-widget_type=\"heading.default\">\n\t\t\t\t<div class=\"elementor-widget-container\">\n\t\t\t\t\t<h2 class=\"elementor-heading-title elementor-size-default\">Introducci\u00f3n\n<\/h2>\t\t\t\t<\/div>\n\t\t\t\t<\/div>\n\t\t\t\t<div class=\"elementor-element elementor-element-3ab7e3b elementor-widget elementor-widget-text-editor\" data-id=\"3ab7e3b\" data-element_type=\"widget\" data-e-type=\"widget\" data-widget_type=\"text-editor.default\">\n\t\t\t\t<div class=\"elementor-widget-container\">\n\t\t\t\t\t\t\t\t\t<p class=\"lead\">Easyscreen hace todo lo posible para mantener el contenido de este sitio web correcto y actualizado. Sin embargo, Easyscreen no asume ninguna responsabilidad con respecto al contenido de este sitio web ni a los contenidos o sitios web u otros a los que se pueda acceder a trav\u00e9s de un hiperv\u00ednculo en esta u otras p\u00e1ginas web.<\/p>\n<p class=\"lead\">El material est\u00e1 protegido por derechos de autor. El uso no autorizado, la multiplicaci\u00f3n y la distribuci\u00f3n total o parcial a terceros no est\u00e1 permitida sin nuestro permiso por escrito.\n<\/p>\t\t\t\t\t\t\t\t<\/div>\n\t\t\t\t<\/div>\n\t\t\t\t<div class=\"elementor-element elementor-element-d1c2e3b elementor-widget elementor-widget-heading\" data-id=\"d1c2e3b\" data-element_type=\"widget\" data-e-type=\"widget\" data-widget_type=\"heading.default\">\n\t\t\t\t<div class=\"elementor-widget-container\">\n\t\t\t\t\t<h2 class=\"elementor-heading-title elementor-size-default\">Uso de Easyscreen\n\n<\/h2>\t\t\t\t<\/div>\n\t\t\t\t<\/div>\n\t\t\t\t<div class=\"elementor-element elementor-element-19032c5 elementor-widget elementor-widget-text-editor\" data-id=\"19032c5\" data-element_type=\"widget\" data-e-type=\"widget\" data-widget_type=\"text-editor.default\">\n\t\t\t\t<div class=\"elementor-widget-container\">\n\t\t\t\t\t\t\t\t\t<p class=\"lead\">Easyscreen (nombre comercial de M-Cube NL Digital Engagement B.V.) no es responsable del contenido que se muestra a trav\u00e9s del software y el reproductor de Easyscreen. Easyscreen no puede garantizar la correcci\u00f3n, integridad o facilidad de uso del contenido ni se responsabiliza por ello.<\/p><p class=\"lead\">Al usar el reproductor Easyscreen, el cliente acepta ser responsable por el contenido mostrado por el software y el reproductor de Easyscreen y acepta indemnizar a Easyscreen con respecto a cualquier reclamo basado en el contenido mostrado. En ning\u00fan caso Easyscreen ser\u00e1 responsable ante ninguna parte por el da\u00f1o directo y \/ o indirecto que resulte del contenido mostrado a trav\u00e9s del reproductor Easyscreen, incluidos, entre otros, la p\u00e9rdida de beneficios, la interrupci\u00f3n del negocio y la p\u00e9rdida de datos.<\/p><p class=\"lead\">Al obtener un producto o servicio de Easyscreen, ese producto o servicio se proporciona \u00abtal cual\u00bb sin ninguna otra garant\u00eda que no sea la garant\u00eda acordada por escrito con el cliente, expl\u00edcita o impl\u00edcita, y el uso de ese producto o ese servicio se realiza exclusivamente en la riesgo propio del cliente.<\/p><p class=\"lead\">Al utilizar el reproductor y el software de Easyscreen, el cliente acepta las Condiciones Generales de Aviso M-Cube NL Digital Engagement B.V.<\/p>\t\t\t\t\t\t\t\t<\/div>\n\t\t\t\t<\/div>\n\t\t\t\t<div class=\"elementor-element elementor-element-4484238 elementor-widget elementor-widget-heading\" data-id=\"4484238\" data-element_type=\"widget\" data-e-type=\"widget\" data-widget_type=\"heading.default\">\n\t\t\t\t<div class=\"elementor-widget-container\">\n\t\t\t\t\t<h2 class=\"elementor-heading-title elementor-size-default\">Licencia de usuario Easyscreen\n\n<\/h2>\t\t\t\t<\/div>\n\t\t\t\t<\/div>\n\t\t\t\t<div class=\"elementor-element elementor-element-332a02d elementor-widget elementor-widget-text-editor\" data-id=\"332a02d\" data-element_type=\"widget\" data-e-type=\"widget\" data-widget_type=\"text-editor.default\">\n\t\t\t\t<div class=\"elementor-widget-container\">\n\t\t\t\t\t\t\t\t\t<p class=\"lead\">Easyscreen otorga al cliente un derecho no exclusivo e intransferible para utilizar los servicios ofrecidos en el marco de una suscripci\u00f3n durante el per\u00edodo de vigencia de la suscripci\u00f3n, sujeto a las condiciones y limitaciones de la suscripci\u00f3n y al uso de los T\u00e9rminos y condiciones generales.<\/p>\n<p class=\"lead\">El cliente acepta este derecho de uso no exclusivo. El cliente solo puede usar los Servicios para las actividades comerciales normales dentro de la empresa, pero este uso no puede ser tal que conduzca a cualquier forma de explotaci\u00f3n de estos servicios, ya sea con fines comerciales o de lo contrario, por parte del cliente o un cliente tercero. El cliente no est\u00e1 autorizado a hacer el software y \/ o los servicios de ninguna manera p\u00fablica, copiar o copiar o modificar el servicio, excepto en la medida en que sea necesario para el uso de los mismos servicios o Si Easyscreen otorga de antemano una autorizaci\u00f3n expl\u00edcita por escrito.<\/p>\n\n<p class=\"lead\">El cliente declara y garantiza a Easyscreen que no use el software y \/ o los servicios para ning\u00fan fin ilegal, inmoral o prohibido por estos t\u00e9rminos, condiciones y anuncios. Esto tambi\u00e9n se aplica al contenido utilizado y \/ o hecho p\u00fablico por el cliente o a trav\u00e9s del cliente con la ayuda del software y \/ o los servicios.<\/p>\t\t\t\t\t\t\t\t<\/div>\n\t\t\t\t<\/div>\n\t\t\t\t<div class=\"elementor-element elementor-element-2a67bbd elementor-widget elementor-widget-heading\" data-id=\"2a67bbd\" data-element_type=\"widget\" data-e-type=\"widget\" data-widget_type=\"heading.default\">\n\t\t\t\t<div class=\"elementor-widget-container\">\n\t\t\t\t\t<h2 class=\"elementor-heading-title elementor-size-default\">Derechos de propiedad intelectual\n\n<\/h2>\t\t\t\t<\/div>\n\t\t\t\t<\/div>\n\t\t\t\t<div class=\"elementor-element elementor-element-b66f84e elementor-widget elementor-widget-text-editor\" data-id=\"b66f84e\" data-element_type=\"widget\" data-e-type=\"widget\" data-widget_type=\"text-editor.default\">\n\t\t\t\t<div class=\"elementor-widget-container\">\n\t\t\t\t\t\t\t\t\t<p class=\"lead\">A menos que se acuerde lo contrario por escrito, todos los derechos de propiedad intelectual relacionados con Easyscreen o los servicios prestados por Easyscreen deber\u00e1n ser en todo momento propiedad de Easyscreen, o de sus proveedores o de cualquier otra parte designada por Easyscreen para tal fin.\n<\/p>\n<p class=\"lead\">Para el cliente queda expresamente prohibido, en ausencia de un permiso por escrito de Easyscreen, publicar, distribuir, duplicar o explotar el software y \/ o los servicios, todo esto en el sentido m\u00e1s amplio.<\/p>\t\t\t\t\t\t\t\t<\/div>\n\t\t\t\t<\/div>\n\t\t\t\t\t<\/div>\n\t\t<\/div>\n\t\t\t\t\t<\/div>\n\t\t<\/section>\n\t\t\t\t<\/div>\n\t\t","protected":false},"excerpt":{"rendered":"<p>Disclaimer Introducci\u00f3n Easyscreen hace todo lo posible para mantener el contenido de este sitio web correcto y actualizado. Sin embargo, Easyscreen no asume ninguna responsabilidad con respecto al contenido de este sitio web ni a los contenidos o sitios web u otros a los que se pueda acceder a trav\u00e9s de un hiperv\u00ednculo en esta [&hellip;]<\/p>\n","protected":false},"author":28,"featured_media":0,"parent":0,"menu_order":0,"comment_status":"closed","ping_status":"closed","template":"","meta":{"_acf_changed":false,"content-type":"","site-sidebar-layout":"no-sidebar","site-content-layout":"page-builder","ast-site-content-layout":"default","site-content-style":"default","site-sidebar-style":"default","ast-global-header-display":"","ast-banner-title-visibility":"","ast-main-header-display":"","ast-hfb-above-header-display":"","ast-hfb-below-header-display":"","ast-hfb-mobile-header-display":"","site-post-title":"disabled","ast-breadcrumbs-content":"","ast-featured-img":"disabled","footer-sml-layout":"","ast-disable-related-posts":"","theme-transparent-header-meta":"","adv-header-id-meta":"","stick-header-meta":"","header-above-stick-meta":"","header-main-stick-meta":"","header-below-stick-meta":"","astra-migrate-meta-layouts":"default","ast-page-background-enabled":"default","ast-page-background-meta":{"desktop":{"background-color":"var(--ast-global-color-4)","background-image":"","background-repeat":"repeat","background-position":"center center","background-size":"auto","background-attachment":"scroll","background-type":"","background-media":"","overlay-type":"","overlay-color":"","overlay-opacity":"","overlay-gradient":""},"tablet":{"background-color":"","background-image":"","background-repeat":"repeat","background-position":"center center","background-size":"auto","background-attachment":"scroll","background-type":"","background-media":"","overlay-type":"","overlay-color":"","overlay-opacity":"","overlay-gradient":""},"mobile":{"background-color":"","background-image":"","background-repeat":"repeat","background-position":"center center","background-size":"auto","background-attachment":"scroll","background-type":"","background-media":"","overlay-type":"","overlay-color":"","overlay-opacity":"","overlay-gradient":""}},"ast-content-background-meta":{"desktop":{"background-color":"var(--ast-global-color-5)","background-image":"","background-repeat":"repeat","background-position":"center center","background-size":"auto","background-attachment":"scroll","background-type":"","background-media":"","overlay-type":"","overlay-color":"","overlay-opacity":"","overlay-gradient":""},"tablet":{"background-color":"var(--ast-global-color-5)","background-image":"","background-repeat":"repeat","background-position":"center center","background-size":"auto","background-attachment":"scroll","background-type":"","background-media":"","overlay-type":"","overlay-color":"","overlay-opacity":"","overlay-gradient":""},"mobile":{"background-color":"var(--ast-global-color-5)","background-image":"","background-repeat":"repeat","background-position":"center center","background-size":"auto","background-attachment":"scroll","background-type":"","background-media":"","overlay-type":"","overlay-color":"","overlay-opacity":"","overlay-gradient":""}},"footnotes":""},"class_list":["post-39254","page","type-page","status-publish","hentry"],"acf":[],"yoast_head":"<!-- This site is optimized with the Yoast SEO plugin v27.2 - https:\/\/yoast.com\/product\/yoast-seo-wordpress\/ -->\n<title>\u25b7 Easyscreen - Renuncia y m\u00e1s informaci\u00f3n sobre el uso de Easyscreen<\/title>\n<meta name=\"description\" content=\"Si est\u00e1s buscando m\u00e1s informaci\u00f3n sobre el uso de las licencias de usuario y los derechos de propiedad intelectual de Easyscreen, lee aqu\u00ed.\" \/>\n<meta name=\"robots\" content=\"index, follow, max-snippet:-1, max-image-preview:large, max-video-preview:-1\" \/>\n<link rel=\"canonical\" href=\"https:\/\/easyscreen.tv\/es\/informacion-uso-easyscreen\/\" \/>\n<meta property=\"og:locale\" content=\"es_ES\" \/>\n<meta property=\"og:type\" content=\"article\" \/>\n<meta property=\"og:title\" content=\"\u25b7 Easyscreen - Renuncia y m\u00e1s informaci\u00f3n sobre el uso de Easyscreen\" \/>\n<meta property=\"og:description\" content=\"Si est\u00e1s buscando m\u00e1s informaci\u00f3n sobre el uso de las licencias de usuario y los derechos de propiedad intelectual de Easyscreen, lee aqu\u00ed.\" \/>\n<meta property=\"og:url\" content=\"https:\/\/easyscreen.tv\/es\/informacion-uso-easyscreen\/\" \/>\n<meta property=\"og:site_name\" content=\"Easyscreen.tv\" \/>\n<meta property=\"article:publisher\" content=\"https:\/\/nl-nl.facebook.com\/easyscreentv\/\" \/>\n<meta property=\"article:modified_time\" content=\"2026-03-11T14:19:38+00:00\" \/>\n<meta name=\"twitter:card\" content=\"summary_large_image\" \/>\n<meta name=\"twitter:site\" content=\"@easyscreen_tv\" \/>\n<meta name=\"twitter:label1\" content=\"Tiempo de lectura\" \/>\n\t<meta name=\"twitter:data1\" content=\"3 minutos\" \/>\n<script type=\"application\/ld+json\" class=\"yoast-schema-graph\">{\"@context\":\"https:\/\/schema.org\",\"@graph\":[{\"@type\":\"WebPage\",\"@id\":\"https:\/\/easyscreen.tv\/es\/informacion-uso-easyscreen\/\",\"url\":\"https:\/\/easyscreen.tv\/es\/informacion-uso-easyscreen\/\",\"name\":\"\u25b7 Easyscreen - Renuncia y m\u00e1s informaci\u00f3n sobre el uso de Easyscreen\",\"isPartOf\":{\"@id\":\"https:\/\/easyscreen.tv\/#website\"},\"datePublished\":\"2023-06-06T09:21:25+00:00\",\"dateModified\":\"2026-03-11T14:19:38+00:00\",\"description\":\"Si est\u00e1s buscando m\u00e1s informaci\u00f3n sobre el uso de las licencias de usuario y los derechos de propiedad intelectual de Easyscreen, lee aqu\u00ed.\",\"breadcrumb\":{\"@id\":\"https:\/\/easyscreen.tv\/es\/informacion-uso-easyscreen\/#breadcrumb\"},\"inLanguage\":\"es\",\"potentialAction\":[{\"@type\":\"ReadAction\",\"target\":[\"https:\/\/easyscreen.tv\/es\/informacion-uso-easyscreen\/\"]}]},{\"@type\":\"BreadcrumbList\",\"@id\":\"https:\/\/easyscreen.tv\/es\/informacion-uso-easyscreen\/#breadcrumb\",\"itemListElement\":[{\"@type\":\"ListItem\",\"position\":1,\"name\":\"Portada\",\"item\":\"https:\/\/easyscreen.tv\/es\/homepage\/\"},{\"@type\":\"ListItem\",\"position\":2,\"name\":\"Disclaimer\"}]},{\"@type\":\"WebSite\",\"@id\":\"https:\/\/easyscreen.tv\/#website\",\"url\":\"https:\/\/easyscreen.tv\/\",\"name\":\"Easyscreen.tv\",\"description\":\"Narrowcasting &amp; Digital Signage\",\"publisher\":{\"@id\":\"https:\/\/easyscreen.tv\/#organization\"},\"potentialAction\":[{\"@type\":\"SearchAction\",\"target\":{\"@type\":\"EntryPoint\",\"urlTemplate\":\"https:\/\/easyscreen.tv\/?s={search_term_string}\"},\"query-input\":{\"@type\":\"PropertyValueSpecification\",\"valueRequired\":true,\"valueName\":\"search_term_string\"}}],\"inLanguage\":\"es\"},{\"@type\":\"Organization\",\"@id\":\"https:\/\/easyscreen.tv\/#organization\",\"name\":\"Easyscreen\",\"url\":\"https:\/\/easyscreen.tv\/\",\"logo\":{\"@type\":\"ImageObject\",\"inLanguage\":\"es\",\"@id\":\"https:\/\/easyscreen.tv\/#\/schema\/logo\/image\/\",\"url\":\"https:\/\/easyscreen.tv\/wp-content\/uploads\/2019\/08\/Logo-Easyscreen.png\",\"contentUrl\":\"https:\/\/easyscreen.tv\/wp-content\/uploads\/2019\/08\/Logo-Easyscreen.png\",\"width\":192,\"height\":43,\"caption\":\"Easyscreen\"},\"image\":{\"@id\":\"https:\/\/easyscreen.tv\/#\/schema\/logo\/image\/\"},\"sameAs\":[\"https:\/\/nl-nl.facebook.com\/easyscreentv\/\",\"https:\/\/x.com\/easyscreen_tv\",\"https:\/\/www.instagram.com\/easyscreen_narrowcasting\/\",\"https:\/\/www.linkedin.com\/company\/easyscreentv\/\",\"https:\/\/nl.pinterest.com\/easyscreentv\/\",\"https:\/\/www.youtube.com\/channel\/UC6tdp4wsQyyKsqqP1_WtVUw\"]}]}<\/script>\n<!-- \/ Yoast SEO plugin. -->","yoast_head_json":{"title":"\u25b7 Easyscreen - Renuncia y m\u00e1s informaci\u00f3n sobre el uso de Easyscreen","description":"Si est\u00e1s buscando m\u00e1s informaci\u00f3n sobre el uso de las licencias de usuario y los derechos de propiedad intelectual de Easyscreen, lee aqu\u00ed.","robots":{"index":"index","follow":"follow","max-snippet":"max-snippet:-1","max-image-preview":"max-image-preview:large","max-video-preview":"max-video-preview:-1"},"canonical":"https:\/\/easyscreen.tv\/es\/informacion-uso-easyscreen\/","og_locale":"es_ES","og_type":"article","og_title":"\u25b7 Easyscreen - Renuncia y m\u00e1s informaci\u00f3n sobre el uso de Easyscreen","og_description":"Si est\u00e1s buscando m\u00e1s informaci\u00f3n sobre el uso de las licencias de usuario y los derechos de propiedad intelectual de Easyscreen, lee aqu\u00ed.","og_url":"https:\/\/easyscreen.tv\/es\/informacion-uso-easyscreen\/","og_site_name":"Easyscreen.tv","article_publisher":"https:\/\/nl-nl.facebook.com\/easyscreentv\/","article_modified_time":"2026-03-11T14:19:38+00:00","twitter_card":"summary_large_image","twitter_site":"@easyscreen_tv","twitter_misc":{"Tiempo de lectura":"3 minutos"},"schema":{"@context":"https:\/\/schema.org","@graph":[{"@type":"WebPage","@id":"https:\/\/easyscreen.tv\/es\/informacion-uso-easyscreen\/","url":"https:\/\/easyscreen.tv\/es\/informacion-uso-easyscreen\/","name":"\u25b7 Easyscreen - Renuncia y m\u00e1s informaci\u00f3n sobre el uso de Easyscreen","isPartOf":{"@id":"https:\/\/easyscreen.tv\/#website"},"datePublished":"2023-06-06T09:21:25+00:00","dateModified":"2026-03-11T14:19:38+00:00","description":"Si est\u00e1s buscando m\u00e1s informaci\u00f3n sobre el uso de las licencias de usuario y los derechos de propiedad intelectual de Easyscreen, lee aqu\u00ed.","breadcrumb":{"@id":"https:\/\/easyscreen.tv\/es\/informacion-uso-easyscreen\/#breadcrumb"},"inLanguage":"es","potentialAction":[{"@type":"ReadAction","target":["https:\/\/easyscreen.tv\/es\/informacion-uso-easyscreen\/"]}]},{"@type":"BreadcrumbList","@id":"https:\/\/easyscreen.tv\/es\/informacion-uso-easyscreen\/#breadcrumb","itemListElement":[{"@type":"ListItem","position":1,"name":"Portada","item":"https:\/\/easyscreen.tv\/es\/homepage\/"},{"@type":"ListItem","position":2,"name":"Disclaimer"}]},{"@type":"WebSite","@id":"https:\/\/easyscreen.tv\/#website","url":"https:\/\/easyscreen.tv\/","name":"Easyscreen.tv","description":"Narrowcasting &amp; Digital Signage","publisher":{"@id":"https:\/\/easyscreen.tv\/#organization"},"potentialAction":[{"@type":"SearchAction","target":{"@type":"EntryPoint","urlTemplate":"https:\/\/easyscreen.tv\/?s={search_term_string}"},"query-input":{"@type":"PropertyValueSpecification","valueRequired":true,"valueName":"search_term_string"}}],"inLanguage":"es"},{"@type":"Organization","@id":"https:\/\/easyscreen.tv\/#organization","name":"Easyscreen","url":"https:\/\/easyscreen.tv\/","logo":{"@type":"ImageObject","inLanguage":"es","@id":"https:\/\/easyscreen.tv\/#\/schema\/logo\/image\/","url":"https:\/\/easyscreen.tv\/wp-content\/uploads\/2019\/08\/Logo-Easyscreen.png","contentUrl":"https:\/\/easyscreen.tv\/wp-content\/uploads\/2019\/08\/Logo-Easyscreen.png","width":192,"height":43,"caption":"Easyscreen"},"image":{"@id":"https:\/\/easyscreen.tv\/#\/schema\/logo\/image\/"},"sameAs":["https:\/\/nl-nl.facebook.com\/easyscreentv\/","https:\/\/x.com\/easyscreen_tv","https:\/\/www.instagram.com\/easyscreen_narrowcasting\/","https:\/\/www.linkedin.com\/company\/easyscreentv\/","https:\/\/nl.pinterest.com\/easyscreentv\/","https:\/\/www.youtube.com\/channel\/UC6tdp4wsQyyKsqqP1_WtVUw"]}]}},"_links":{"self":[{"href":"https:\/\/easyscreen.tv\/es\/wp-json\/wp\/v2\/pages\/39254","targetHints":{"allow":["GET"]}}],"collection":[{"href":"https:\/\/easyscreen.tv\/es\/wp-json\/wp\/v2\/pages"}],"about":[{"href":"https:\/\/easyscreen.tv\/es\/wp-json\/wp\/v2\/types\/page"}],"author":[{"embeddable":true,"href":"https:\/\/easyscreen.tv\/es\/wp-json\/wp\/v2\/users\/28"}],"replies":[{"embeddable":true,"href":"https:\/\/easyscreen.tv\/es\/wp-json\/wp\/v2\/comments?post=39254"}],"version-history":[{"count":11,"href":"https:\/\/easyscreen.tv\/es\/wp-json\/wp\/v2\/pages\/39254\/revisions"}],"predecessor-version":[{"id":89650,"href":"https:\/\/easyscreen.tv\/es\/wp-json\/wp\/v2\/pages\/39254\/revisions\/89650"}],"wp:attachment":[{"href":"https:\/\/easyscreen.tv\/es\/wp-json\/wp\/v2\/media?parent=39254"}],"curies":[{"name":"wp","href":"https:\/\/api.w.org\/{rel}","templated":true}]}}