{"id":39865,"date":"2023-06-09T15:23:15","date_gmt":"2023-06-09T14:23:15","guid":{"rendered":"https:\/\/easyscreen.tv\/demo-formulier\/"},"modified":"2026-01-28T17:08:42","modified_gmt":"2026-01-28T16:08:42","slug":"demo-formulario","status":"publish","type":"page","link":"https:\/\/easyscreen.tv\/es\/demo-formulario\/","title":{"rendered":"Demo formulier"},"content":{"rendered":"\t\t<div data-elementor-type=\"wp-page\" data-elementor-id=\"39865\" class=\"elementor elementor-39865 elementor-39856\" data-elementor-post-type=\"page\">\n\t\t\t\t<div class=\"elementor-element elementor-element-b805fbc e-flex e-con-boxed e-con e-parent\" data-id=\"b805fbc\" data-element_type=\"container\" data-e-type=\"container\">\n\t\t\t\t\t<div class=\"e-con-inner\">\n\t\t<div class=\"elementor-element elementor-element-cc067b1 e-con-full e-flex e-con e-child\" data-id=\"cc067b1\" data-element_type=\"container\" data-e-type=\"container\">\n\t\t<div class=\"elementor-element elementor-element-d744c98 e-con-full e-flex e-con e-child\" data-id=\"d744c98\" data-element_type=\"container\" data-e-type=\"container\">\n\t\t\t\t<div class=\"elementor-element elementor-element-dfcc869 elementor-widget elementor-widget-heading\" data-id=\"dfcc869\" data-element_type=\"widget\" data-e-type=\"widget\" data-widget_type=\"heading.default\">\n\t\t\t\t<div class=\"elementor-widget-container\">\n\t\t\t\t\t<h1 class=\"elementor-heading-title elementor-size-default\">Prueba gratis nuestro software de carteler\u00eda digital\n<\/h1>\t\t\t\t<\/div>\n\t\t\t\t<\/div>\n\t\t\t\t<div class=\"elementor-element elementor-element-2dbbc33 elementor-widget elementor-widget-text-editor\" data-id=\"2dbbc33\" data-element_type=\"widget\" data-e-type=\"widget\" data-widget_type=\"text-editor.default\">\n\t\t\t\t<div class=\"elementor-widget-container\">\n\t\t\t\t\t\t\t\t\t<p class=\"lead\">Te encantar\u00e1 nuestro software f\u00e1cil de usar con herramientas de creaci\u00f3n de contenido simples, gesti\u00f3n completa de listas de reproducci\u00f3n y plantillas de alta calidad.<\/p><p>Prueba tu mismo nuestro software de forma totalmente gratuita durante 31 d\u00edas:<\/p><ul><li>Una vez rellenado el formulario te enviaremos un correo electr\u00f3nico con tu nombre de usuario y contrase\u00f1a.<\/li><li>Luego solo tendr\u00e1s que iniciar sesi\u00f3n y podr\u00e1s explorar todas las formas de crear contenido con Easyscreen para tus pantallas.<\/li><li>Si quieres una videollamada para explicarte personalmente nuestro software y todas las posibilidades que ofrece puedes reservarla en este enlace.<\/li><\/ul><p>Test onze aantrekkelijke narrowcasting-software volledig gratis voor 31 dagen. We sturen je een e-mail met uw gebruikersnaam en wachtwoord, daarna hoef je alleen maar in te loggen en te browsen.<\/p>\t\t\t\t\t\t\t\t<\/div>\n\t\t\t\t<\/div>\n\t\t\t\t<div class=\"elementor-element elementor-element-e6a2851 elementor-widget elementor-widget-heading\" data-id=\"e6a2851\" data-element_type=\"widget\" data-e-type=\"widget\" data-widget_type=\"heading.default\">\n\t\t\t\t<div class=\"elementor-widget-container\">\n\t\t\t\t\t<h2 class=\"elementor-heading-title elementor-size-default\">Las mejores marcas ya conf\u00edan en nosotros<\/h2>\t\t\t\t<\/div>\n\t\t\t\t<\/div>\n\t\t\t\t<div class=\"elementor-element elementor-element-e7ce3ec elementor-arrows-position-inside elementor-pagination-position-outside elementor-widget elementor-widget-image-carousel\" data-id=\"e7ce3ec\" data-element_type=\"widget\" data-e-type=\"widget\" data-settings=\"{&quot;slides_to_show&quot;:&quot;2&quot;,&quot;navigation&quot;:&quot;both&quot;,&quot;autoplay&quot;:&quot;yes&quot;,&quot;pause_on_hover&quot;:&quot;yes&quot;,&quot;pause_on_interaction&quot;:&quot;yes&quot;,&quot;autoplay_speed&quot;:5000,&quot;infinite&quot;:&quot;yes&quot;,&quot;speed&quot;:500}\" data-widget_type=\"image-carousel.default\">\n\t\t\t\t<div class=\"elementor-widget-container\">\n\t\t\t\t\t\t\t<div class=\"elementor-image-carousel-wrapper swiper\" role=\"region\" aria-roledescription=\"carousel\" aria-label=\"Image Carousel\" dir=\"ltr\">\n\t\t\t<div class=\"elementor-image-carousel swiper-wrapper\" aria-live=\"off\">\n\t\t\t\t\t\t\t\t<div class=\"swiper-slide\" role=\"group\" aria-roledescription=\"slide\" aria-label=\"1 de 11\"><figure class=\"swiper-slide-inner\"><img decoding=\"async\" class=\"swiper-slide-image\" src=\"https:\/\/easyscreen.tv\/wp-content\/uploads\/elementor\/thumbs\/Suela-qn6rxchcjeulnsgx5fur30m34jvo55jq2bdtigo16c.png\" alt=\"Suela\" \/><\/figure><\/div><div class=\"swiper-slide\" role=\"group\" aria-roledescription=\"slide\" aria-label=\"2 de 11\"><figure class=\"swiper-slide-inner\"><img decoding=\"async\" class=\"swiper-slide-image\" src=\"https:\/\/easyscreen.tv\/wp-content\/uploads\/elementor\/thumbs\/healthy-Poke-qn6rwydrowbatn1efrrcjm667rt5xozr0dljbb8xro.png\" alt=\"healthy Poke\" \/><\/figure><\/div><div class=\"swiper-slide\" role=\"group\" aria-roledescription=\"slide\" aria-label=\"3 de 11\"><figure class=\"swiper-slide-inner\"><img decoding=\"async\" class=\"swiper-slide-image\" src=\"https:\/\/easyscreen.tv\/wp-content\/uploads\/elementor\/thumbs\/Espuelas-qn6rwwi3b88q6f44qqy3emn9102fiasac4akcrbq44.png\" alt=\"Espuelas\" \/><\/figure><\/div><div class=\"swiper-slide\" role=\"group\" aria-roledescription=\"slide\" aria-label=\"4 de 11\"><figure class=\"swiper-slide-inner\"><img decoding=\"async\" class=\"swiper-slide-image\" src=\"https:\/\/easyscreen.tv\/wp-content\/uploads\/elementor\/thumbs\/sanadome-qn6rx9ntywqqoyl0lwmvdjbpce9ki28j1xfd2ms7p0.png\" alt=\"sanadome\" \/><\/figure><\/div><div class=\"swiper-slide\" role=\"group\" aria-roledescription=\"slide\" aria-label=\"5 de 11\"><figure class=\"swiper-slide-inner\"><img decoding=\"async\" class=\"swiper-slide-image\" src=\"https:\/\/easyscreen.tv\/wp-content\/uploads\/elementor\/thumbs\/Red-qn6rx7s5l8o61qnqwvtm8jss5miu2o12do4e42v01g.png\" alt=\"Red\" \/><\/figure><\/div><div class=\"swiper-slide\" role=\"group\" aria-roledescription=\"slide\" aria-label=\"6 de 11\"><figure class=\"swiper-slide-inner\"><img decoding=\"async\" class=\"swiper-slide-image\" src=\"https:\/\/easyscreen.tv\/wp-content\/uploads\/elementor\/thumbs\/recidencia1-qn6rx40stwj0rat7iu73ykqxs31d7vm515ig6z0kqc.png\" alt=\"recidencia1\" \/><\/figure><\/div><div class=\"swiper-slide\" role=\"group\" aria-roledescription=\"slide\" aria-label=\"7 de 11\"><figure class=\"swiper-slide-inner\"><img decoding=\"async\" class=\"swiper-slide-image\" src=\"https:\/\/easyscreen.tv\/wp-content\/uploads\/elementor\/thumbs\/Enzyme-qn6rwsqqjw3kvz9lcpbl4nlengkynidczlomfnhat0.png\" alt=\"Enzyme\" \/><\/figure><\/div><div class=\"swiper-slide\" role=\"group\" aria-roledescription=\"slide\" aria-label=\"8 de 11\"><figure class=\"swiper-slide-inner\"><img decoding=\"async\" class=\"swiper-slide-image\" src=\"https:\/\/easyscreen.tv\/wp-content\/uploads\/elementor\/thumbs\/clinica-qn6rwqv268108rcbnoibzo2hgou8845wbcdnh3k35g.png\" alt=\"clinica\" \/><\/figure><\/div><div class=\"swiper-slide\" role=\"group\" aria-roledescription=\"slide\" aria-label=\"9 de 11\"><figure class=\"swiper-slide-inner\"><img decoding=\"async\" class=\"swiper-slide-image\" src=\"https:\/\/easyscreen.tv\/wp-content\/uploads\/elementor\/thumbs\/assemp-qn6rwo1jlpx59xgf45aga6s3oj84l0upayf719o9o4.png\" alt=\"assemp\" \/><\/figure><\/div><div class=\"swiper-slide\" role=\"group\" aria-roledescription=\"slide\" aria-label=\"10 de 11\"><figure class=\"swiper-slide-inner\"><img decoding=\"async\" class=\"swiper-slide-image\" src=\"https:\/\/easyscreen.tv\/wp-content\/uploads\/elementor\/thumbs\/Toyota-1-qe20denvblj8cbcrqjj09b030ro19yq16f2cc7n2lw.png\" alt=\"Toyota.png\" \/><\/figure><\/div><div class=\"swiper-slide\" role=\"group\" aria-roledescription=\"slide\" aria-label=\"11 de 11\"><figure class=\"swiper-slide-inner\"><img decoding=\"async\" class=\"swiper-slide-image\" src=\"https:\/\/easyscreen.tv\/wp-content\/uploads\/elementor\/thumbs\/masQ-qn6rx17a9ef5sgxazaz893gjzxf9ksay0rjzr54r90.png\" alt=\"masQ\" \/><\/figure><\/div>\t\t\t<\/div>\n\t\t\t\t\t\t\t\t\t\t\t\t<div class=\"elementor-swiper-button elementor-swiper-button-prev\" role=\"button\" tabindex=\"0\">\n\t\t\t\t\t\t<svg aria-hidden=\"true\" class=\"e-font-icon-svg e-eicon-chevron-left\" viewBox=\"0 0 1000 1000\" xmlns=\"http:\/\/www.w3.org\/2000\/svg\"><path d=\"M646 125C629 125 613 133 604 142L308 442C296 454 292 471 292 487 292 504 296 521 308 533L604 854C617 867 629 875 646 875 663 875 679 871 692 858 704 846 713 829 713 812 713 796 708 779 692 767L438 487 692 225C700 217 708 204 708 187 708 171 704 154 692 142 675 129 663 125 646 125Z\"><\/path><\/svg>\t\t\t\t\t<\/div>\n\t\t\t\t\t<div class=\"elementor-swiper-button elementor-swiper-button-next\" role=\"button\" tabindex=\"0\">\n\t\t\t\t\t\t<svg aria-hidden=\"true\" class=\"e-font-icon-svg e-eicon-chevron-right\" viewBox=\"0 0 1000 1000\" xmlns=\"http:\/\/www.w3.org\/2000\/svg\"><path d=\"M696 533C708 521 713 504 713 487 713 471 708 454 696 446L400 146C388 133 375 125 354 125 338 125 325 129 313 142 300 154 292 171 292 187 292 204 296 221 308 233L563 492 304 771C292 783 288 800 288 817 288 833 296 850 308 863 321 871 338 875 354 875 371 875 388 867 400 854L696 533Z\"><\/path><\/svg>\t\t\t\t\t<\/div>\n\t\t\t\t\n\t\t\t\t\t\t\t\t\t<div class=\"swiper-pagination\"><\/div>\n\t\t\t\t\t\t\t\t\t<\/div>\n\t\t\t\t\t\t<\/div>\n\t\t\t\t<\/div>\n\t\t\t\t<\/div>\n\t\t<div class=\"elementor-element elementor-element-e08ef13 e-con-full e-flex e-con e-child\" data-id=\"e08ef13\" data-element_type=\"container\" data-e-type=\"container\">\n\t\t\t\t<div class=\"elementor-element elementor-element-8319880 elementor-widget elementor-widget-text-editor\" data-id=\"8319880\" data-element_type=\"widget\" data-e-type=\"widget\" data-widget_type=\"text-editor.default\">\n\t\t\t\t<div class=\"elementor-widget-container\">\n\t\t\t\t\t\t\t\t\t<script charset=\"utf-8\" type=\"text\/javascript\" src=\"\/\/js.hsforms.net\/forms\/embed\/v2.js\"><\/script>\n<script>\n  hbspt.forms.create({\n    region: \"na1\",\n    portalId: \"3841819\",\n    formId: \"82f06198-3d1c-424a-bd6d-5a21debb0626\"\n  });\n<\/script>\t\t\t\t\t\t\t\t<\/div>\n\t\t\t\t<\/div>\n\t\t\t\t<\/div>\n\t\t\t\t<\/div>\n\t\t\t\t\t<\/div>\n\t\t\t\t<\/div>\n\t\t\t\t<\/div>\n\t\t","protected":false},"excerpt":{"rendered":"<p>Prueba gratis nuestro software de carteler\u00eda digital Te encantar\u00e1 nuestro software f\u00e1cil de usar con herramientas de creaci\u00f3n de contenido simples, gesti\u00f3n completa de listas de reproducci\u00f3n y plantillas de alta calidad. Prueba tu mismo nuestro software de forma totalmente gratuita durante 31 d\u00edas: Una vez rellenado el formulario te enviaremos un correo electr\u00f3nico con [&hellip;]<\/p>\n","protected":false},"author":28,"featured_media":0,"parent":0,"menu_order":0,"comment_status":"closed","ping_status":"closed","template":"","meta":{"_acf_changed":false,"content-type":"","site-sidebar-layout":"no-sidebar","site-content-layout":"page-builder","ast-site-content-layout":"default","site-content-style":"default","site-sidebar-style":"default","ast-global-header-display":"","ast-banner-title-visibility":"","ast-main-header-display":"","ast-hfb-above-header-display":"","ast-hfb-below-header-display":"","ast-hfb-mobile-header-display":"","site-post-title":"disabled","ast-breadcrumbs-content":"","ast-featured-img":"disabled","footer-sml-layout":"","ast-disable-related-posts":"","theme-transparent-header-meta":"","adv-header-id-meta":"","stick-header-meta":"","header-above-stick-meta":"","header-main-stick-meta":"","header-below-stick-meta":"","astra-migrate-meta-layouts":"default","ast-page-background-enabled":"default","ast-page-background-meta":{"desktop":{"background-color":"var(--ast-global-color-4)","background-image":"","background-repeat":"repeat","background-position":"center center","background-size":"auto","background-attachment":"scroll","background-type":"","background-media":"","overlay-type":"","overlay-color":"","overlay-opacity":"","overlay-gradient":""},"tablet":{"background-color":"","background-image":"","background-repeat":"repeat","background-position":"center center","background-size":"auto","background-attachment":"scroll","background-type":"","background-media":"","overlay-type":"","overlay-color":"","overlay-opacity":"","overlay-gradient":""},"mobile":{"background-color":"","background-image":"","background-repeat":"repeat","background-position":"center center","background-size":"auto","background-attachment":"scroll","background-type":"","background-media":"","overlay-type":"","overlay-color":"","overlay-opacity":"","overlay-gradient":""}},"ast-content-background-meta":{"desktop":{"background-color":"var(--ast-global-color-5)","background-image":"","background-repeat":"repeat","background-position":"center center","background-size":"auto","background-attachment":"scroll","background-type":"","background-media":"","overlay-type":"","overlay-color":"","overlay-opacity":"","overlay-gradient":""},"tablet":{"background-color":"var(--ast-global-color-5)","background-image":"","background-repeat":"repeat","background-position":"center center","background-size":"auto","background-attachment":"scroll","background-type":"","background-media":"","overlay-type":"","overlay-color":"","overlay-opacity":"","overlay-gradient":""},"mobile":{"background-color":"var(--ast-global-color-5)","background-image":"","background-repeat":"repeat","background-position":"center center","background-size":"auto","background-attachment":"scroll","background-type":"","background-media":"","overlay-type":"","overlay-color":"","overlay-opacity":"","overlay-gradient":""}},"footnotes":""},"class_list":["post-39865","page","type-page","status-publish","hentry"],"acf":[],"yoast_head":"<!-- This site is optimized with the Yoast SEO plugin v27.2 - https:\/\/yoast.com\/product\/yoast-seo-wordpress\/ -->\n<title>\u25b7 Prueba el software gratis de Digital Signage 31 d\u00edas - Easyscreen.tv<\/title>\n<meta name=\"description\" content=\"\u00a1Comienza ya tu demo gratuita de se\u00f1alizaci\u00f3n digital! Abre una cuenta demo de Easyscreen y ve lo r\u00e1pido y simple que es.\" \/>\n<meta name=\"robots\" content=\"index, follow, max-snippet:-1, max-image-preview:large, max-video-preview:-1\" \/>\n<link rel=\"canonical\" href=\"https:\/\/easyscreen.tv\/es\/demo-formulario\/\" \/>\n<meta property=\"og:locale\" content=\"es_ES\" \/>\n<meta property=\"og:type\" content=\"article\" \/>\n<meta property=\"og:title\" content=\"\u25b7 Prueba el software gratis de Digital Signage 31 d\u00edas - Easyscreen.tv\" \/>\n<meta property=\"og:description\" content=\"\u00a1Comienza ya tu demo gratuita de se\u00f1alizaci\u00f3n digital! Abre una cuenta demo de Easyscreen y ve lo r\u00e1pido y simple que es.\" \/>\n<meta property=\"og:url\" content=\"https:\/\/easyscreen.tv\/es\/demo-formulario\/\" \/>\n<meta property=\"og:site_name\" content=\"Easyscreen.tv\" \/>\n<meta property=\"article:publisher\" content=\"https:\/\/nl-nl.facebook.com\/easyscreentv\/\" \/>\n<meta property=\"article:modified_time\" content=\"2026-01-28T16:08:42+00:00\" \/>\n<meta property=\"og:image\" content=\"https:\/\/easyscreen.tv\/wp-content\/uploads\/elementor\/thumbs\/Suela-qn6rxchcjeulnsgx5fur30m34jvo55jq2bdtf5lbsw.png\" \/>\n<meta name=\"twitter:card\" content=\"summary_large_image\" \/>\n<meta name=\"twitter:site\" content=\"@easyscreen_tv\" \/>\n<meta name=\"twitter:label1\" content=\"Tiempo de lectura\" \/>\n\t<meta name=\"twitter:data1\" content=\"1 minuto\" \/>\n<script type=\"application\/ld+json\" class=\"yoast-schema-graph\">{\"@context\":\"https:\/\/schema.org\",\"@graph\":[{\"@type\":\"WebPage\",\"@id\":\"https:\/\/easyscreen.tv\/es\/demo-formulario\/\",\"url\":\"https:\/\/easyscreen.tv\/es\/demo-formulario\/\",\"name\":\"\u25b7 Prueba el software gratis de Digital Signage 31 d\u00edas - Easyscreen.tv\",\"isPartOf\":{\"@id\":\"https:\/\/easyscreen.tv\/#website\"},\"primaryImageOfPage\":{\"@id\":\"https:\/\/easyscreen.tv\/es\/demo-formulario\/#primaryimage\"},\"image\":{\"@id\":\"https:\/\/easyscreen.tv\/es\/demo-formulario\/#primaryimage\"},\"thumbnailUrl\":\"https:\/\/easyscreen.tv\/wp-content\/uploads\/elementor\/thumbs\/Suela-qn6rxchcjeulnsgx5fur30m34jvo55jq2bdtf5lbsw.png\",\"datePublished\":\"2023-06-09T14:23:15+00:00\",\"dateModified\":\"2026-01-28T16:08:42+00:00\",\"description\":\"\u00a1Comienza ya tu demo gratuita de se\u00f1alizaci\u00f3n digital! Abre una cuenta demo de Easyscreen y ve lo r\u00e1pido y simple que es.\",\"breadcrumb\":{\"@id\":\"https:\/\/easyscreen.tv\/es\/demo-formulario\/#breadcrumb\"},\"inLanguage\":\"es\",\"potentialAction\":[{\"@type\":\"ReadAction\",\"target\":[\"https:\/\/easyscreen.tv\/es\/demo-formulario\/\"]}]},{\"@type\":\"ImageObject\",\"inLanguage\":\"es\",\"@id\":\"https:\/\/easyscreen.tv\/es\/demo-formulario\/#primaryimage\",\"url\":\"https:\/\/easyscreen.tv\/wp-content\/uploads\/elementor\/thumbs\/Suela-qn6rxchcjeulnsgx5fur30m34jvo55jq2bdtf5lbsw.png\",\"contentUrl\":\"https:\/\/easyscreen.tv\/wp-content\/uploads\/elementor\/thumbs\/Suela-qn6rxchcjeulnsgx5fur30m34jvo55jq2bdtf5lbsw.png\"},{\"@type\":\"BreadcrumbList\",\"@id\":\"https:\/\/easyscreen.tv\/es\/demo-formulario\/#breadcrumb\",\"itemListElement\":[{\"@type\":\"ListItem\",\"position\":1,\"name\":\"Portada\",\"item\":\"https:\/\/easyscreen.tv\/es\/homepage\/\"},{\"@type\":\"ListItem\",\"position\":2,\"name\":\"Demo formulier\"}]},{\"@type\":\"WebSite\",\"@id\":\"https:\/\/easyscreen.tv\/#website\",\"url\":\"https:\/\/easyscreen.tv\/\",\"name\":\"Easyscreen.tv\",\"description\":\"Narrowcasting &amp; Digital Signage\",\"publisher\":{\"@id\":\"https:\/\/easyscreen.tv\/#organization\"},\"potentialAction\":[{\"@type\":\"SearchAction\",\"target\":{\"@type\":\"EntryPoint\",\"urlTemplate\":\"https:\/\/easyscreen.tv\/?s={search_term_string}\"},\"query-input\":{\"@type\":\"PropertyValueSpecification\",\"valueRequired\":true,\"valueName\":\"search_term_string\"}}],\"inLanguage\":\"es\"},{\"@type\":\"Organization\",\"@id\":\"https:\/\/easyscreen.tv\/#organization\",\"name\":\"Easyscreen\",\"url\":\"https:\/\/easyscreen.tv\/\",\"logo\":{\"@type\":\"ImageObject\",\"inLanguage\":\"es\",\"@id\":\"https:\/\/easyscreen.tv\/#\/schema\/logo\/image\/\",\"url\":\"https:\/\/easyscreen.tv\/wp-content\/uploads\/2019\/08\/Logo-Easyscreen.png\",\"contentUrl\":\"https:\/\/easyscreen.tv\/wp-content\/uploads\/2019\/08\/Logo-Easyscreen.png\",\"width\":192,\"height\":43,\"caption\":\"Easyscreen\"},\"image\":{\"@id\":\"https:\/\/easyscreen.tv\/#\/schema\/logo\/image\/\"},\"sameAs\":[\"https:\/\/nl-nl.facebook.com\/easyscreentv\/\",\"https:\/\/x.com\/easyscreen_tv\",\"https:\/\/www.instagram.com\/easyscreen_narrowcasting\/\",\"https:\/\/www.linkedin.com\/company\/easyscreentv\/\",\"https:\/\/nl.pinterest.com\/easyscreentv\/\",\"https:\/\/www.youtube.com\/channel\/UC6tdp4wsQyyKsqqP1_WtVUw\"]}]}<\/script>\n<!-- \/ Yoast SEO plugin. -->","yoast_head_json":{"title":"\u25b7 Prueba el software gratis de Digital Signage 31 d\u00edas - Easyscreen.tv","description":"\u00a1Comienza ya tu demo gratuita de se\u00f1alizaci\u00f3n digital! Abre una cuenta demo de Easyscreen y ve lo r\u00e1pido y simple que es.","robots":{"index":"index","follow":"follow","max-snippet":"max-snippet:-1","max-image-preview":"max-image-preview:large","max-video-preview":"max-video-preview:-1"},"canonical":"https:\/\/easyscreen.tv\/es\/demo-formulario\/","og_locale":"es_ES","og_type":"article","og_title":"\u25b7 Prueba el software gratis de Digital Signage 31 d\u00edas - Easyscreen.tv","og_description":"\u00a1Comienza ya tu demo gratuita de se\u00f1alizaci\u00f3n digital! Abre una cuenta demo de Easyscreen y ve lo r\u00e1pido y simple que es.","og_url":"https:\/\/easyscreen.tv\/es\/demo-formulario\/","og_site_name":"Easyscreen.tv","article_publisher":"https:\/\/nl-nl.facebook.com\/easyscreentv\/","article_modified_time":"2026-01-28T16:08:42+00:00","og_image":[{"url":"https:\/\/easyscreen.tv\/wp-content\/uploads\/elementor\/thumbs\/Suela-qn6rxchcjeulnsgx5fur30m34jvo55jq2bdtf5lbsw.png","type":"","width":"","height":""}],"twitter_card":"summary_large_image","twitter_site":"@easyscreen_tv","twitter_misc":{"Tiempo de lectura":"1 minuto"},"schema":{"@context":"https:\/\/schema.org","@graph":[{"@type":"WebPage","@id":"https:\/\/easyscreen.tv\/es\/demo-formulario\/","url":"https:\/\/easyscreen.tv\/es\/demo-formulario\/","name":"\u25b7 Prueba el software gratis de Digital Signage 31 d\u00edas - Easyscreen.tv","isPartOf":{"@id":"https:\/\/easyscreen.tv\/#website"},"primaryImageOfPage":{"@id":"https:\/\/easyscreen.tv\/es\/demo-formulario\/#primaryimage"},"image":{"@id":"https:\/\/easyscreen.tv\/es\/demo-formulario\/#primaryimage"},"thumbnailUrl":"https:\/\/easyscreen.tv\/wp-content\/uploads\/elementor\/thumbs\/Suela-qn6rxchcjeulnsgx5fur30m34jvo55jq2bdtf5lbsw.png","datePublished":"2023-06-09T14:23:15+00:00","dateModified":"2026-01-28T16:08:42+00:00","description":"\u00a1Comienza ya tu demo gratuita de se\u00f1alizaci\u00f3n digital! Abre una cuenta demo de Easyscreen y ve lo r\u00e1pido y simple que es.","breadcrumb":{"@id":"https:\/\/easyscreen.tv\/es\/demo-formulario\/#breadcrumb"},"inLanguage":"es","potentialAction":[{"@type":"ReadAction","target":["https:\/\/easyscreen.tv\/es\/demo-formulario\/"]}]},{"@type":"ImageObject","inLanguage":"es","@id":"https:\/\/easyscreen.tv\/es\/demo-formulario\/#primaryimage","url":"https:\/\/easyscreen.tv\/wp-content\/uploads\/elementor\/thumbs\/Suela-qn6rxchcjeulnsgx5fur30m34jvo55jq2bdtf5lbsw.png","contentUrl":"https:\/\/easyscreen.tv\/wp-content\/uploads\/elementor\/thumbs\/Suela-qn6rxchcjeulnsgx5fur30m34jvo55jq2bdtf5lbsw.png"},{"@type":"BreadcrumbList","@id":"https:\/\/easyscreen.tv\/es\/demo-formulario\/#breadcrumb","itemListElement":[{"@type":"ListItem","position":1,"name":"Portada","item":"https:\/\/easyscreen.tv\/es\/homepage\/"},{"@type":"ListItem","position":2,"name":"Demo formulier"}]},{"@type":"WebSite","@id":"https:\/\/easyscreen.tv\/#website","url":"https:\/\/easyscreen.tv\/","name":"Easyscreen.tv","description":"Narrowcasting &amp; Digital Signage","publisher":{"@id":"https:\/\/easyscreen.tv\/#organization"},"potentialAction":[{"@type":"SearchAction","target":{"@type":"EntryPoint","urlTemplate":"https:\/\/easyscreen.tv\/?s={search_term_string}"},"query-input":{"@type":"PropertyValueSpecification","valueRequired":true,"valueName":"search_term_string"}}],"inLanguage":"es"},{"@type":"Organization","@id":"https:\/\/easyscreen.tv\/#organization","name":"Easyscreen","url":"https:\/\/easyscreen.tv\/","logo":{"@type":"ImageObject","inLanguage":"es","@id":"https:\/\/easyscreen.tv\/#\/schema\/logo\/image\/","url":"https:\/\/easyscreen.tv\/wp-content\/uploads\/2019\/08\/Logo-Easyscreen.png","contentUrl":"https:\/\/easyscreen.tv\/wp-content\/uploads\/2019\/08\/Logo-Easyscreen.png","width":192,"height":43,"caption":"Easyscreen"},"image":{"@id":"https:\/\/easyscreen.tv\/#\/schema\/logo\/image\/"},"sameAs":["https:\/\/nl-nl.facebook.com\/easyscreentv\/","https:\/\/x.com\/easyscreen_tv","https:\/\/www.instagram.com\/easyscreen_narrowcasting\/","https:\/\/www.linkedin.com\/company\/easyscreentv\/","https:\/\/nl.pinterest.com\/easyscreentv\/","https:\/\/www.youtube.com\/channel\/UC6tdp4wsQyyKsqqP1_WtVUw"]}]}},"_links":{"self":[{"href":"https:\/\/easyscreen.tv\/es\/wp-json\/wp\/v2\/pages\/39865","targetHints":{"allow":["GET"]}}],"collection":[{"href":"https:\/\/easyscreen.tv\/es\/wp-json\/wp\/v2\/pages"}],"about":[{"href":"https:\/\/easyscreen.tv\/es\/wp-json\/wp\/v2\/types\/page"}],"author":[{"embeddable":true,"href":"https:\/\/easyscreen.tv\/es\/wp-json\/wp\/v2\/users\/28"}],"replies":[{"embeddable":true,"href":"https:\/\/easyscreen.tv\/es\/wp-json\/wp\/v2\/comments?post=39865"}],"version-history":[{"count":29,"href":"https:\/\/easyscreen.tv\/es\/wp-json\/wp\/v2\/pages\/39865\/revisions"}],"predecessor-version":[{"id":87029,"href":"https:\/\/easyscreen.tv\/es\/wp-json\/wp\/v2\/pages\/39865\/revisions\/87029"}],"wp:attachment":[{"href":"https:\/\/easyscreen.tv\/es\/wp-json\/wp\/v2\/media?parent=39865"}],"curies":[{"name":"wp","href":"https:\/\/api.w.org\/{rel}","templated":true}]}}