{"id":40119,"date":"2023-06-13T11:37:41","date_gmt":"2023-06-13T10:37:41","guid":{"rendered":"https:\/\/easyscreen.tv\/op-locatie-proberen-formulier\/"},"modified":"2023-10-03T10:26:08","modified_gmt":"2023-10-03T09:26:08","slug":"solicita-video-llamada-demostracion-software","status":"publish","type":"page","link":"https:\/\/easyscreen.tv\/es\/solicita-video-llamada-demostracion-software\/","title":{"rendered":"Solicita una video llamada de demostracion del software"},"content":{"rendered":"\t\t<div data-elementor-type=\"wp-page\" data-elementor-id=\"40119\" class=\"elementor elementor-40119 elementor-40045\" data-elementor-post-type=\"page\">\n\t\t\t\t\t\t<section class=\"elementor-section elementor-top-section elementor-element elementor-element-8799ae8 elementor-section-stretched elementor-section-boxed elementor-section-height-default elementor-section-height-default\" data-id=\"8799ae8\" data-element_type=\"section\" data-e-type=\"section\" data-settings=\"{&quot;stretch_section&quot;:&quot;section-stretched&quot;,&quot;background_background&quot;:&quot;classic&quot;}\">\n\t\t\t\t\t\t<div class=\"elementor-container elementor-column-gap-default\">\n\t\t\t\t\t<div class=\"elementor-column elementor-col-50 elementor-top-column elementor-element elementor-element-0f9e72e\" data-id=\"0f9e72e\" data-element_type=\"column\" data-e-type=\"column\">\n\t\t\t<div class=\"elementor-widget-wrap elementor-element-populated\">\n\t\t\t\t\t\t<div class=\"elementor-element elementor-element-d650feb elementor-widget elementor-widget-heading\" data-id=\"d650feb\" data-element_type=\"widget\" data-e-type=\"widget\" data-widget_type=\"heading.default\">\n\t\t\t\t<div class=\"elementor-widget-container\">\n\t\t\t\t\t<h2 class=\"elementor-heading-title elementor-size-default\">Solicita una video llamada de demostraci\u00f3n de Easyscreen\n!\n\n<\/h2>\t\t\t\t<\/div>\n\t\t\t\t<\/div>\n\t\t\t\t<div class=\"elementor-element elementor-element-8d87c0a elementor-widget elementor-widget-text-editor\" data-id=\"8d87c0a\" data-element_type=\"widget\" data-e-type=\"widget\" data-widget_type=\"text-editor.default\">\n\t\t\t\t<div class=\"elementor-widget-container\">\n\t\t\t\t\t\t\t\t\t<section class=\"switchable feature-large\"><div class=\"container\"><div class=\"row\"><div class=\"col-sm-6 col-md-5\"><div class=\"switchable__text\"><p class=\"lead\">Habla con un experto de carteler\u00eda digital que te ayudar\u00e1 a descubrir en menos de 30 minutos c\u00f3mo:<\/p><p>\u00a0<\/p><p class=\"lead\">\u2714 Crear contenido gr\u00e1fico para tus pantallas f\u00e1cilmente.<\/p><p class=\"lead\">\u2714 Como aumentar tus ventas con la carteler\u00eda digital.<\/p><p class=\"lead\">\u2714 Conexi\u00f3n autom\u00e1tica de tus redes sociales y RSS Feeds con tus pantallas.<\/p><p>\u00a0<\/p><p class=\"lead\">Todo esto gestionado autom\u00e1ticamente por la plataforma Easyscreen, sin requerir esfuerzo por tu parte,\u00a0<strong>solicita ahora una llamada con nuestros expertos:<\/strong><\/p><\/div><\/div><\/div><\/div><\/section><section><div class=\"container\"><div class=\"row\"><div class=\"col-md-6 col-sm-12\">\u00a0<\/div><\/div><\/div><\/section>\t\t\t\t\t\t\t\t<\/div>\n\t\t\t\t<\/div>\n\t\t\t\t\t<\/div>\n\t\t<\/div>\n\t\t\t\t<div class=\"elementor-column elementor-col-50 elementor-top-column elementor-element elementor-element-5db89a0\" data-id=\"5db89a0\" data-element_type=\"column\" data-e-type=\"column\">\n\t\t\t<div class=\"elementor-widget-wrap elementor-element-populated\">\n\t\t\t\t\t\t<div class=\"elementor-element elementor-element-6fbeaa2 elementor-widget elementor-widget-image\" data-id=\"6fbeaa2\" data-element_type=\"widget\" data-e-type=\"widget\" data-widget_type=\"image.default\">\n\t\t\t\t<div class=\"elementor-widget-container\">\n\t\t\t\t\t\t\t\t\t\t\t\t\t\t\t<img fetchpriority=\"high\" decoding=\"async\" width=\"2000\" height=\"1562\" src=\"https:\/\/easyscreen.tv\/wp-content\/uploads\/2023\/09\/imac-3-0-software.jpg\" class=\"attachment-large size-large wp-image-49495\" alt=\"\" srcset=\"https:\/\/easyscreen.tv\/wp-content\/uploads\/2023\/09\/imac-3-0-software.jpg 2000w, https:\/\/easyscreen.tv\/wp-content\/uploads\/2023\/09\/imac-3-0-software-768x600.jpg 768w, https:\/\/easyscreen.tv\/wp-content\/uploads\/2023\/09\/imac-3-0-software-1536x1200.jpg 1536w\" sizes=\"(max-width: 2000px) 100vw, 2000px\" \/>\t\t\t\t\t\t\t\t\t\t\t\t\t\t\t<\/div>\n\t\t\t\t<\/div>\n\t\t\t\t\t<\/div>\n\t\t<\/div>\n\t\t\t\t\t<\/div>\n\t\t<\/section>\n\t\t\t\t<section class=\"elementor-section elementor-top-section elementor-element elementor-element-860e781 elementor-section-boxed elementor-section-height-default elementor-section-height-default\" data-id=\"860e781\" data-element_type=\"section\" data-e-type=\"section\">\n\t\t\t\t\t\t<div class=\"elementor-container elementor-column-gap-default\">\n\t\t\t\t\t<div class=\"elementor-column elementor-col-50 elementor-top-column elementor-element elementor-element-086e2d1\" data-id=\"086e2d1\" data-element_type=\"column\" data-e-type=\"column\">\n\t\t\t<div class=\"elementor-widget-wrap elementor-element-populated\">\n\t\t\t\t\t\t<div class=\"elementor-element elementor-element-18505c9 elementor-widget elementor-widget-heading\" data-id=\"18505c9\" data-element_type=\"widget\" data-e-type=\"widget\" data-widget_type=\"heading.default\">\n\t\t\t\t<div class=\"elementor-widget-container\">\n\t\t\t\t\t<h2 class=\"elementor-heading-title elementor-size-default\">Itziar Rodr\u00edguez\n<\/h2>\t\t\t\t<\/div>\n\t\t\t\t<\/div>\n\t\t\t\t<div class=\"elementor-element elementor-element-8396ccf elementor-widget elementor-widget-text-editor\" data-id=\"8396ccf\" data-element_type=\"widget\" data-e-type=\"widget\" data-widget_type=\"text-editor.default\">\n\t\t\t\t<div class=\"elementor-widget-container\">\n\t\t\t\t\t\t\t\t\t<p class=\"lead\">Project Manager y ventas. Barcelona.<\/p><p class=\"lead\">Selecciona d\u00eda y hora para una v\u00eddeo llamada con Itziar:<\/p>\t\t\t\t\t\t\t\t<\/div>\n\t\t\t\t<\/div>\n\t\t\t\t<div class=\"elementor-element elementor-element-ff204c0 elementor-widget elementor-widget-text-editor\" data-id=\"ff204c0\" data-element_type=\"widget\" data-e-type=\"widget\" data-widget_type=\"text-editor.default\">\n\t\t\t\t<div class=\"elementor-widget-container\">\n\t\t\t\t\t\t\t\t\t  <div class=\"meetings-iframe-container\" data-src=\"https:\/\/meetings.hubspot.com\/itziar-rodriguez?embed=true\"><\/div>\n    <script type=\"text\/javascript\" src=\"https:\/\/static.hsappstatic.net\/MeetingsEmbed\/ex\/MeetingsEmbedCode.js\"><\/script>\t\t\t\t\t\t\t\t<\/div>\n\t\t\t\t<\/div>\n\t\t\t\t\t<\/div>\n\t\t<\/div>\n\t\t\t\t<div class=\"elementor-column elementor-col-50 elementor-top-column elementor-element elementor-element-15b6570\" data-id=\"15b6570\" data-element_type=\"column\" data-e-type=\"column\">\n\t\t\t<div class=\"elementor-widget-wrap elementor-element-populated\">\n\t\t\t\t\t\t<div class=\"elementor-element elementor-element-8d5d050 elementor-widget elementor-widget-heading\" data-id=\"8d5d050\" data-element_type=\"widget\" data-e-type=\"widget\" data-widget_type=\"heading.default\">\n\t\t\t\t<div class=\"elementor-widget-container\">\n\t\t\t\t\t<h2 class=\"elementor-heading-title elementor-size-default\">Javier Ruiz<\/h2>\t\t\t\t<\/div>\n\t\t\t\t<\/div>\n\t\t\t\t<div class=\"elementor-element elementor-element-b0c7365 elementor-widget elementor-widget-text-editor\" data-id=\"b0c7365\" data-element_type=\"widget\" data-e-type=\"widget\" data-widget_type=\"text-editor.default\">\n\t\t\t\t<div class=\"elementor-widget-container\">\n\t\t\t\t\t\t\t\t\t<p class=\"lead\">Business Development. Madrid.<\/p><p class=\"lead\">Selecciona d\u00eda y hora para una v\u00eddeo llamada con Javier:<\/p>\t\t\t\t\t\t\t\t<\/div>\n\t\t\t\t<\/div>\n\t\t\t\t<div class=\"elementor-element elementor-element-3dd5e40 elementor-widget elementor-widget-text-editor\" data-id=\"3dd5e40\" data-element_type=\"widget\" data-e-type=\"widget\" data-widget_type=\"text-editor.default\">\n\t\t\t\t<div class=\"elementor-widget-container\">\n\t\t\t\t\t\t\t\t\t    <div class=\"meetings-iframe-container\" data-src=\"https:\/\/meetings.hubspot.com\/javier-ruiz-medrano?embed=true\"><\/div>\n    <script type=\"text\/javascript\" src=\"https:\/\/static.hsappstatic.net\/MeetingsEmbed\/ex\/MeetingsEmbedCode.js\"><\/script>\t\t\t\t\t\t\t\t<\/div>\n\t\t\t\t<\/div>\n\t\t\t\t\t<\/div>\n\t\t<\/div>\n\t\t\t\t\t<\/div>\n\t\t<\/section>\n\t\t\t\t<\/div>\n\t\t","protected":false},"excerpt":{"rendered":"<p>Solicita una video llamada de demostraci\u00f3n de Easyscreen ! Habla con un experto de carteler\u00eda digital que te ayudar\u00e1 a descubrir en menos de 30 minutos c\u00f3mo: \u00a0 \u2714 Crear contenido gr\u00e1fico para tus pantallas f\u00e1cilmente. \u2714 Como aumentar tus ventas con la carteler\u00eda digital. \u2714 Conexi\u00f3n autom\u00e1tica de tus redes sociales y RSS Feeds [&hellip;]<\/p>\n","protected":false},"author":28,"featured_media":0,"parent":0,"menu_order":0,"comment_status":"closed","ping_status":"closed","template":"","meta":{"_acf_changed":false,"content-type":"","site-sidebar-layout":"no-sidebar","site-content-layout":"page-builder","ast-site-content-layout":"default","site-content-style":"default","site-sidebar-style":"default","ast-global-header-display":"","ast-banner-title-visibility":"","ast-main-header-display":"","ast-hfb-above-header-display":"","ast-hfb-below-header-display":"","ast-hfb-mobile-header-display":"","site-post-title":"disabled","ast-breadcrumbs-content":"","ast-featured-img":"disabled","footer-sml-layout":"","ast-disable-related-posts":"","theme-transparent-header-meta":"","adv-header-id-meta":"","stick-header-meta":"","header-above-stick-meta":"","header-main-stick-meta":"","header-below-stick-meta":"","astra-migrate-meta-layouts":"set","ast-page-background-enabled":"default","ast-page-background-meta":{"desktop":{"background-color":"var(--ast-global-color-4)","background-image":"","background-repeat":"repeat","background-position":"center center","background-size":"auto","background-attachment":"scroll","background-type":"","background-media":"","overlay-type":"","overlay-color":"","overlay-opacity":"","overlay-gradient":""},"tablet":{"background-color":"","background-image":"","background-repeat":"repeat","background-position":"center center","background-size":"auto","background-attachment":"scroll","background-type":"","background-media":"","overlay-type":"","overlay-color":"","overlay-opacity":"","overlay-gradient":""},"mobile":{"background-color":"","background-image":"","background-repeat":"repeat","background-position":"center center","background-size":"auto","background-attachment":"scroll","background-type":"","background-media":"","overlay-type":"","overlay-color":"","overlay-opacity":"","overlay-gradient":""}},"ast-content-background-meta":{"desktop":{"background-color":"var(--ast-global-color-5)","background-image":"","background-repeat":"repeat","background-position":"center center","background-size":"auto","background-attachment":"scroll","background-type":"","background-media":"","overlay-type":"","overlay-color":"","overlay-opacity":"","overlay-gradient":""},"tablet":{"background-color":"var(--ast-global-color-5)","background-image":"","background-repeat":"repeat","background-position":"center center","background-size":"auto","background-attachment":"scroll","background-type":"","background-media":"","overlay-type":"","overlay-color":"","overlay-opacity":"","overlay-gradient":""},"mobile":{"background-color":"var(--ast-global-color-5)","background-image":"","background-repeat":"repeat","background-position":"center center","background-size":"auto","background-attachment":"scroll","background-type":"","background-media":"","overlay-type":"","overlay-color":"","overlay-opacity":"","overlay-gradient":""}},"footnotes":""},"class_list":["post-40119","page","type-page","status-publish","hentry"],"acf":[],"yoast_head":"<!-- This site is optimized with the Yoast SEO plugin v27.2 - https:\/\/yoast.com\/product\/yoast-seo-wordpress\/ -->\n<title>Solicita una video llamada de demostracion del software de Easyscreen.tv<\/title>\n<meta name=\"description\" content=\"Habla con un experto de carteler\u00eda digital que te ayudar\u00e1 a descubrir en menos de 30 minutos c\u00f3mo crear contenido gr\u00e1fico para tus pantallas.\" \/>\n<meta name=\"robots\" content=\"index, follow, max-snippet:-1, max-image-preview:large, max-video-preview:-1\" \/>\n<link rel=\"canonical\" href=\"https:\/\/easyscreen.tv\/es\/solicita-video-llamada-demostracion-software\/\" \/>\n<meta property=\"og:locale\" content=\"es_ES\" \/>\n<meta property=\"og:type\" content=\"article\" \/>\n<meta property=\"og:title\" content=\"Solicita una video llamada de demostracion del software de Easyscreen.tv\" \/>\n<meta property=\"og:description\" content=\"Habla con un experto de carteler\u00eda digital que te ayudar\u00e1 a descubrir en menos de 30 minutos c\u00f3mo crear contenido gr\u00e1fico para tus pantallas.\" \/>\n<meta property=\"og:url\" content=\"https:\/\/easyscreen.tv\/es\/solicita-video-llamada-demostracion-software\/\" \/>\n<meta property=\"og:site_name\" content=\"Easyscreen.tv\" \/>\n<meta property=\"article:publisher\" content=\"https:\/\/nl-nl.facebook.com\/easyscreentv\/\" \/>\n<meta property=\"article:modified_time\" content=\"2023-10-03T09:26:08+00:00\" \/>\n<meta property=\"og:image\" content=\"https:\/\/easyscreen.tv\/wp-content\/uploads\/2023\/09\/imac-3-0-software.jpg\" \/>\n<meta name=\"twitter:card\" content=\"summary_large_image\" \/>\n<meta name=\"twitter:site\" content=\"@easyscreen_tv\" \/>\n<meta name=\"twitter:label1\" content=\"Tiempo de lectura\" \/>\n\t<meta name=\"twitter:data1\" content=\"1 minuto\" \/>\n<script type=\"application\/ld+json\" class=\"yoast-schema-graph\">{\"@context\":\"https:\/\/schema.org\",\"@graph\":[{\"@type\":\"WebPage\",\"@id\":\"https:\/\/easyscreen.tv\/es\/solicita-video-llamada-demostracion-software\/\",\"url\":\"https:\/\/easyscreen.tv\/es\/solicita-video-llamada-demostracion-software\/\",\"name\":\"Solicita una video llamada de demostracion del software de Easyscreen.tv\",\"isPartOf\":{\"@id\":\"https:\/\/easyscreen.tv\/#website\"},\"primaryImageOfPage\":{\"@id\":\"https:\/\/easyscreen.tv\/es\/solicita-video-llamada-demostracion-software\/#primaryimage\"},\"image\":{\"@id\":\"https:\/\/easyscreen.tv\/es\/solicita-video-llamada-demostracion-software\/#primaryimage\"},\"thumbnailUrl\":\"https:\/\/easyscreen.tv\/wp-content\/uploads\/2023\/09\/imac-3-0-software.jpg\",\"datePublished\":\"2023-06-13T10:37:41+00:00\",\"dateModified\":\"2023-10-03T09:26:08+00:00\",\"description\":\"Habla con un experto de carteler\u00eda digital que te ayudar\u00e1 a descubrir en menos de 30 minutos c\u00f3mo crear contenido gr\u00e1fico para tus pantallas.\",\"breadcrumb\":{\"@id\":\"https:\/\/easyscreen.tv\/es\/solicita-video-llamada-demostracion-software\/#breadcrumb\"},\"inLanguage\":\"es\",\"potentialAction\":[{\"@type\":\"ReadAction\",\"target\":[\"https:\/\/easyscreen.tv\/es\/solicita-video-llamada-demostracion-software\/\"]}]},{\"@type\":\"ImageObject\",\"inLanguage\":\"es\",\"@id\":\"https:\/\/easyscreen.tv\/es\/solicita-video-llamada-demostracion-software\/#primaryimage\",\"url\":\"https:\/\/easyscreen.tv\/wp-content\/uploads\/2023\/09\/imac-3-0-software.jpg\",\"contentUrl\":\"https:\/\/easyscreen.tv\/wp-content\/uploads\/2023\/09\/imac-3-0-software.jpg\"},{\"@type\":\"BreadcrumbList\",\"@id\":\"https:\/\/easyscreen.tv\/es\/solicita-video-llamada-demostracion-software\/#breadcrumb\",\"itemListElement\":[{\"@type\":\"ListItem\",\"position\":1,\"name\":\"Portada\",\"item\":\"https:\/\/easyscreen.tv\/es\/homepage\/\"},{\"@type\":\"ListItem\",\"position\":2,\"name\":\"Solicita una video llamada de demostracion del software\"}]},{\"@type\":\"WebSite\",\"@id\":\"https:\/\/easyscreen.tv\/#website\",\"url\":\"https:\/\/easyscreen.tv\/\",\"name\":\"Easyscreen.tv\",\"description\":\"Narrowcasting &amp; Digital Signage\",\"publisher\":{\"@id\":\"https:\/\/easyscreen.tv\/#organization\"},\"potentialAction\":[{\"@type\":\"SearchAction\",\"target\":{\"@type\":\"EntryPoint\",\"urlTemplate\":\"https:\/\/easyscreen.tv\/?s={search_term_string}\"},\"query-input\":{\"@type\":\"PropertyValueSpecification\",\"valueRequired\":true,\"valueName\":\"search_term_string\"}}],\"inLanguage\":\"es\"},{\"@type\":\"Organization\",\"@id\":\"https:\/\/easyscreen.tv\/#organization\",\"name\":\"Easyscreen\",\"url\":\"https:\/\/easyscreen.tv\/\",\"logo\":{\"@type\":\"ImageObject\",\"inLanguage\":\"es\",\"@id\":\"https:\/\/easyscreen.tv\/#\/schema\/logo\/image\/\",\"url\":\"https:\/\/easyscreen.tv\/wp-content\/uploads\/2019\/08\/Logo-Easyscreen.png\",\"contentUrl\":\"https:\/\/easyscreen.tv\/wp-content\/uploads\/2019\/08\/Logo-Easyscreen.png\",\"width\":192,\"height\":43,\"caption\":\"Easyscreen\"},\"image\":{\"@id\":\"https:\/\/easyscreen.tv\/#\/schema\/logo\/image\/\"},\"sameAs\":[\"https:\/\/nl-nl.facebook.com\/easyscreentv\/\",\"https:\/\/x.com\/easyscreen_tv\",\"https:\/\/www.instagram.com\/easyscreen_narrowcasting\/\",\"https:\/\/www.linkedin.com\/company\/easyscreentv\/\",\"https:\/\/nl.pinterest.com\/easyscreentv\/\",\"https:\/\/www.youtube.com\/channel\/UC6tdp4wsQyyKsqqP1_WtVUw\"]}]}<\/script>\n<!-- \/ Yoast SEO plugin. -->","yoast_head_json":{"title":"Solicita una video llamada de demostracion del software de Easyscreen.tv","description":"Habla con un experto de carteler\u00eda digital que te ayudar\u00e1 a descubrir en menos de 30 minutos c\u00f3mo crear contenido gr\u00e1fico para tus pantallas.","robots":{"index":"index","follow":"follow","max-snippet":"max-snippet:-1","max-image-preview":"max-image-preview:large","max-video-preview":"max-video-preview:-1"},"canonical":"https:\/\/easyscreen.tv\/es\/solicita-video-llamada-demostracion-software\/","og_locale":"es_ES","og_type":"article","og_title":"Solicita una video llamada de demostracion del software de Easyscreen.tv","og_description":"Habla con un experto de carteler\u00eda digital que te ayudar\u00e1 a descubrir en menos de 30 minutos c\u00f3mo crear contenido gr\u00e1fico para tus pantallas.","og_url":"https:\/\/easyscreen.tv\/es\/solicita-video-llamada-demostracion-software\/","og_site_name":"Easyscreen.tv","article_publisher":"https:\/\/nl-nl.facebook.com\/easyscreentv\/","article_modified_time":"2023-10-03T09:26:08+00:00","og_image":[{"url":"https:\/\/easyscreen.tv\/wp-content\/uploads\/2023\/09\/imac-3-0-software.jpg","type":"","width":"","height":""}],"twitter_card":"summary_large_image","twitter_site":"@easyscreen_tv","twitter_misc":{"Tiempo de lectura":"1 minuto"},"schema":{"@context":"https:\/\/schema.org","@graph":[{"@type":"WebPage","@id":"https:\/\/easyscreen.tv\/es\/solicita-video-llamada-demostracion-software\/","url":"https:\/\/easyscreen.tv\/es\/solicita-video-llamada-demostracion-software\/","name":"Solicita una video llamada de demostracion del software de Easyscreen.tv","isPartOf":{"@id":"https:\/\/easyscreen.tv\/#website"},"primaryImageOfPage":{"@id":"https:\/\/easyscreen.tv\/es\/solicita-video-llamada-demostracion-software\/#primaryimage"},"image":{"@id":"https:\/\/easyscreen.tv\/es\/solicita-video-llamada-demostracion-software\/#primaryimage"},"thumbnailUrl":"https:\/\/easyscreen.tv\/wp-content\/uploads\/2023\/09\/imac-3-0-software.jpg","datePublished":"2023-06-13T10:37:41+00:00","dateModified":"2023-10-03T09:26:08+00:00","description":"Habla con un experto de carteler\u00eda digital que te ayudar\u00e1 a descubrir en menos de 30 minutos c\u00f3mo crear contenido gr\u00e1fico para tus pantallas.","breadcrumb":{"@id":"https:\/\/easyscreen.tv\/es\/solicita-video-llamada-demostracion-software\/#breadcrumb"},"inLanguage":"es","potentialAction":[{"@type":"ReadAction","target":["https:\/\/easyscreen.tv\/es\/solicita-video-llamada-demostracion-software\/"]}]},{"@type":"ImageObject","inLanguage":"es","@id":"https:\/\/easyscreen.tv\/es\/solicita-video-llamada-demostracion-software\/#primaryimage","url":"https:\/\/easyscreen.tv\/wp-content\/uploads\/2023\/09\/imac-3-0-software.jpg","contentUrl":"https:\/\/easyscreen.tv\/wp-content\/uploads\/2023\/09\/imac-3-0-software.jpg"},{"@type":"BreadcrumbList","@id":"https:\/\/easyscreen.tv\/es\/solicita-video-llamada-demostracion-software\/#breadcrumb","itemListElement":[{"@type":"ListItem","position":1,"name":"Portada","item":"https:\/\/easyscreen.tv\/es\/homepage\/"},{"@type":"ListItem","position":2,"name":"Solicita una video llamada de demostracion del software"}]},{"@type":"WebSite","@id":"https:\/\/easyscreen.tv\/#website","url":"https:\/\/easyscreen.tv\/","name":"Easyscreen.tv","description":"Narrowcasting &amp; Digital Signage","publisher":{"@id":"https:\/\/easyscreen.tv\/#organization"},"potentialAction":[{"@type":"SearchAction","target":{"@type":"EntryPoint","urlTemplate":"https:\/\/easyscreen.tv\/?s={search_term_string}"},"query-input":{"@type":"PropertyValueSpecification","valueRequired":true,"valueName":"search_term_string"}}],"inLanguage":"es"},{"@type":"Organization","@id":"https:\/\/easyscreen.tv\/#organization","name":"Easyscreen","url":"https:\/\/easyscreen.tv\/","logo":{"@type":"ImageObject","inLanguage":"es","@id":"https:\/\/easyscreen.tv\/#\/schema\/logo\/image\/","url":"https:\/\/easyscreen.tv\/wp-content\/uploads\/2019\/08\/Logo-Easyscreen.png","contentUrl":"https:\/\/easyscreen.tv\/wp-content\/uploads\/2019\/08\/Logo-Easyscreen.png","width":192,"height":43,"caption":"Easyscreen"},"image":{"@id":"https:\/\/easyscreen.tv\/#\/schema\/logo\/image\/"},"sameAs":["https:\/\/nl-nl.facebook.com\/easyscreentv\/","https:\/\/x.com\/easyscreen_tv","https:\/\/www.instagram.com\/easyscreen_narrowcasting\/","https:\/\/www.linkedin.com\/company\/easyscreentv\/","https:\/\/nl.pinterest.com\/easyscreentv\/","https:\/\/www.youtube.com\/channel\/UC6tdp4wsQyyKsqqP1_WtVUw"]}]}},"_links":{"self":[{"href":"https:\/\/easyscreen.tv\/es\/wp-json\/wp\/v2\/pages\/40119","targetHints":{"allow":["GET"]}}],"collection":[{"href":"https:\/\/easyscreen.tv\/es\/wp-json\/wp\/v2\/pages"}],"about":[{"href":"https:\/\/easyscreen.tv\/es\/wp-json\/wp\/v2\/types\/page"}],"author":[{"embeddable":true,"href":"https:\/\/easyscreen.tv\/es\/wp-json\/wp\/v2\/users\/28"}],"replies":[{"embeddable":true,"href":"https:\/\/easyscreen.tv\/es\/wp-json\/wp\/v2\/comments?post=40119"}],"version-history":[{"count":9,"href":"https:\/\/easyscreen.tv\/es\/wp-json\/wp\/v2\/pages\/40119\/revisions"}],"predecessor-version":[{"id":51280,"href":"https:\/\/easyscreen.tv\/es\/wp-json\/wp\/v2\/pages\/40119\/revisions\/51280"}],"wp:attachment":[{"href":"https:\/\/easyscreen.tv\/es\/wp-json\/wp\/v2\/media?parent=40119"}],"curies":[{"name":"wp","href":"https:\/\/api.w.org\/{rel}","templated":true}]}}