{"id":68241,"date":"2023-06-09T15:23:15","date_gmt":"2023-06-09T14:23:15","guid":{"rendered":"https:\/\/easyscreen.tv\/demo-form\/"},"modified":"2026-01-28T17:20:03","modified_gmt":"2026-01-28T16:20:03","slug":"formulaire-de-demo","status":"publish","type":"page","link":"https:\/\/easyscreen.tv\/fr\/formulaire-de-demo\/","title":{"rendered":"Demo formulier"},"content":{"rendered":"\t\t<div data-elementor-type=\"wp-page\" data-elementor-id=\"68241\" class=\"elementor elementor-68241 elementor-39856\" data-elementor-post-type=\"page\">\n\t\t\t\t<div class=\"elementor-element elementor-element-1acb05a e-flex e-con-boxed e-con e-parent\" data-id=\"1acb05a\" data-element_type=\"container\" data-e-type=\"container\">\n\t\t\t\t\t<div class=\"e-con-inner\">\n\t\t<div class=\"elementor-element elementor-element-a70dc63 e-con-full e-flex e-con e-child\" data-id=\"a70dc63\" data-element_type=\"container\" data-e-type=\"container\">\n\t\t<div class=\"elementor-element elementor-element-0d76f15 e-con-full e-flex e-con e-child\" data-id=\"0d76f15\" data-element_type=\"container\" data-e-type=\"container\">\n\t\t\t\t<div class=\"elementor-element elementor-element-5a6881d elementor-widget elementor-widget-heading\" data-id=\"5a6881d\" data-element_type=\"widget\" data-e-type=\"widget\" data-widget_type=\"heading.default\">\n\t\t\t\t<div class=\"elementor-widget-container\">\n\t\t\t\t\t<h1 class=\"elementor-heading-title elementor-size-default\">Commencez votre d\u00e9mo d'affichage dynamique. C'est gratuit !\n<\/h1>\t\t\t\t<\/div>\n\t\t\t\t<\/div>\n\t\t\t\t<div class=\"elementor-element elementor-element-874fc99 elementor-widget elementor-widget-text-editor\" data-id=\"874fc99\" data-element_type=\"widget\" data-e-type=\"widget\" data-widget_type=\"text-editor.default\">\n\t\t\t\t<div class=\"elementor-widget-container\">\n\t\t\t\t\t\t\t\t\t<p>Vous allez adorer notre interface simple et \u00e9l\u00e9gante. Notre solution tout-en-un vous permet de cr\u00e9er du contenu en un clic, de g\u00e9rer facilement vos playlists, et d\u2019acc\u00e9der \u00e0 une vaste biblioth\u00e8que d\u2019images et de mod\u00e8les de haute qualit\u00e9.<\/p><p>Essayez notre logiciel d\u2019affichage dynamique gratuitement pendant 31 jours<\/p><p>Inscrivez-vous, et nous vous enverrons un e-mail contenant votre identifiant et votre mot de passe.<\/p><p>Il ne vous restera plus qu\u2019\u00e0 vous connecter et commencer \u00e0 explorer la plateforme !<\/p>\t\t\t\t\t\t\t\t<\/div>\n\t\t\t\t<\/div>\n\t\t\t\t<div class=\"elementor-element elementor-element-11e30a1 elementor-widget elementor-widget-heading\" data-id=\"11e30a1\" data-element_type=\"widget\" data-e-type=\"widget\" data-widget_type=\"heading.default\">\n\t\t\t\t<div class=\"elementor-widget-container\">\n\t\t\t\t\t<h2 class=\"elementor-heading-title elementor-size-default\">Les plus grandes marques nous font confiance\n<\/h2>\t\t\t\t<\/div>\n\t\t\t\t<\/div>\n\t\t\t\t<div class=\"elementor-element elementor-element-2cb0744 elementor-arrows-position-inside elementor-pagination-position-outside elementor-widget elementor-widget-image-carousel\" data-id=\"2cb0744\" data-element_type=\"widget\" data-e-type=\"widget\" data-settings=\"{&quot;slides_to_show&quot;:&quot;2&quot;,&quot;navigation&quot;:&quot;both&quot;,&quot;autoplay&quot;:&quot;yes&quot;,&quot;pause_on_hover&quot;:&quot;yes&quot;,&quot;pause_on_interaction&quot;:&quot;yes&quot;,&quot;autoplay_speed&quot;:5000,&quot;infinite&quot;:&quot;yes&quot;,&quot;speed&quot;:500}\" data-widget_type=\"image-carousel.default\">\n\t\t\t\t<div class=\"elementor-widget-container\">\n\t\t\t\t\t\t\t<div class=\"elementor-image-carousel-wrapper swiper\" role=\"region\" aria-roledescription=\"carousel\" aria-label=\"Image Carousel\" dir=\"ltr\">\n\t\t\t<div class=\"elementor-image-carousel swiper-wrapper\" aria-live=\"off\">\n\t\t\t\t\t\t\t\t<div class=\"swiper-slide\" role=\"group\" aria-roledescription=\"slide\" aria-label=\"1 sur 6\"><figure class=\"swiper-slide-inner\"><img decoding=\"async\" class=\"swiper-slide-image\" src=\"https:\/\/easyscreen.tv\/wp-content\/uploads\/2023\/10\/Toyota-1-1-1.png\" alt=\"\" \/><\/figure><\/div><div class=\"swiper-slide\" role=\"group\" aria-roledescription=\"slide\" aria-label=\"2 sur 6\"><figure class=\"swiper-slide-inner\"><img decoding=\"async\" class=\"swiper-slide-image\" src=\"https:\/\/easyscreen.tv\/wp-content\/uploads\/2023\/10\/Sportlink-1-1-1.png\" alt=\"\" \/><\/figure><\/div><div class=\"swiper-slide\" role=\"group\" aria-roledescription=\"slide\" aria-label=\"3 sur 6\"><figure class=\"swiper-slide-inner\"><img decoding=\"async\" class=\"swiper-slide-image\" src=\"https:\/\/easyscreen.tv\/wp-content\/uploads\/2023\/10\/media-mark-logo-1-1-1.png\" alt=\"\" \/><\/figure><\/div><div class=\"swiper-slide\" role=\"group\" aria-roledescription=\"slide\" aria-label=\"4 sur 6\"><figure class=\"swiper-slide-inner\"><img decoding=\"async\" class=\"swiper-slide-image\" src=\"https:\/\/easyscreen.tv\/wp-content\/uploads\/2023\/10\/Hendriks-1-1-1.png\" alt=\"\" \/><\/figure><\/div><div class=\"swiper-slide\" role=\"group\" aria-roledescription=\"slide\" aria-label=\"5 sur 6\"><figure class=\"swiper-slide-inner\"><img decoding=\"async\" class=\"swiper-slide-image\" src=\"https:\/\/easyscreen.tv\/wp-content\/uploads\/2023\/10\/arts-en-zorg-1-1-1.png\" alt=\"\" \/><\/figure><\/div><div class=\"swiper-slide\" role=\"group\" aria-roledescription=\"slide\" aria-label=\"6 sur 6\"><figure class=\"swiper-slide-inner\"><img decoding=\"async\" class=\"swiper-slide-image\" src=\"https:\/\/easyscreen.tv\/wp-content\/uploads\/2023\/10\/alphega-1-2-1-1-1.png\" alt=\"\" \/><\/figure><\/div>\t\t\t<\/div>\n\t\t\t\t\t\t\t\t\t\t\t\t<div class=\"elementor-swiper-button elementor-swiper-button-prev\" role=\"button\" tabindex=\"0\">\n\t\t\t\t\t\t<svg aria-hidden=\"true\" class=\"e-font-icon-svg e-eicon-chevron-left\" viewBox=\"0 0 1000 1000\" xmlns=\"http:\/\/www.w3.org\/2000\/svg\"><path d=\"M646 125C629 125 613 133 604 142L308 442C296 454 292 471 292 487 292 504 296 521 308 533L604 854C617 867 629 875 646 875 663 875 679 871 692 858 704 846 713 829 713 812 713 796 708 779 692 767L438 487 692 225C700 217 708 204 708 187 708 171 704 154 692 142 675 129 663 125 646 125Z\"><\/path><\/svg>\t\t\t\t\t<\/div>\n\t\t\t\t\t<div class=\"elementor-swiper-button elementor-swiper-button-next\" role=\"button\" tabindex=\"0\">\n\t\t\t\t\t\t<svg aria-hidden=\"true\" class=\"e-font-icon-svg e-eicon-chevron-right\" viewBox=\"0 0 1000 1000\" xmlns=\"http:\/\/www.w3.org\/2000\/svg\"><path d=\"M696 533C708 521 713 504 713 487 713 471 708 454 696 446L400 146C388 133 375 125 354 125 338 125 325 129 313 142 300 154 292 171 292 187 292 204 296 221 308 233L563 492 304 771C292 783 288 800 288 817 288 833 296 850 308 863 321 871 338 875 354 875 371 875 388 867 400 854L696 533Z\"><\/path><\/svg>\t\t\t\t\t<\/div>\n\t\t\t\t\n\t\t\t\t\t\t\t\t\t<div class=\"swiper-pagination\"><\/div>\n\t\t\t\t\t\t\t\t\t<\/div>\n\t\t\t\t\t\t<\/div>\n\t\t\t\t<\/div>\n\t\t\t\t<\/div>\n\t\t<div class=\"elementor-element elementor-element-91aa1ef e-con-full e-flex e-con e-child\" data-id=\"91aa1ef\" data-element_type=\"container\" data-e-type=\"container\">\n\t\t\t\t<div class=\"elementor-element elementor-element-3e4e554 elementor-widget elementor-widget-text-editor\" data-id=\"3e4e554\" data-element_type=\"widget\" data-e-type=\"widget\" data-widget_type=\"text-editor.default\">\n\t\t\t\t<div class=\"elementor-widget-container\">\n\t\t\t\t\t\t\t\t\t<script charset=\"utf-8\" type=\"text\/javascript\" src=\"\/\/js.hsforms.net\/forms\/embed\/v2.js\"><\/script>\n<script>\n  hbspt.forms.create({\n    region: \"na1\",\n    portalId: \"3841819\",\n    formId: \"ada9c1fa-e9ec-432d-ada5-a4fecc69f8c2\"\n  });\n<\/script>\t\t\t\t\t\t\t\t<\/div>\n\t\t\t\t<\/div>\n\t\t\t\t<\/div>\n\t\t\t\t<\/div>\n\t\t\t\t\t<\/div>\n\t\t\t\t<\/div>\n\t\t\t\t<\/div>\n\t\t","protected":false},"excerpt":{"rendered":"<p>Commencez votre d\u00e9mo d&rsquo;affichage dynamique. C&rsquo;est gratuit ! Vous allez adorer notre interface simple et \u00e9l\u00e9gante. Notre solution tout-en-un vous permet de cr\u00e9er du contenu en un clic, de g\u00e9rer facilement vos playlists, et d\u2019acc\u00e9der \u00e0 une vaste biblioth\u00e8que d\u2019images et de mod\u00e8les de haute qualit\u00e9. Essayez notre logiciel d\u2019affichage dynamique gratuitement pendant 31 jours [&hellip;]<\/p>\n","protected":false},"author":28,"featured_media":0,"parent":0,"menu_order":0,"comment_status":"closed","ping_status":"closed","template":"","meta":{"_acf_changed":false,"content-type":"","site-sidebar-layout":"no-sidebar","site-content-layout":"page-builder","ast-site-content-layout":"default","site-content-style":"default","site-sidebar-style":"default","ast-global-header-display":"","ast-banner-title-visibility":"","ast-main-header-display":"","ast-hfb-above-header-display":"","ast-hfb-below-header-display":"","ast-hfb-mobile-header-display":"","site-post-title":"disabled","ast-breadcrumbs-content":"","ast-featured-img":"disabled","footer-sml-layout":"","ast-disable-related-posts":"","theme-transparent-header-meta":"","adv-header-id-meta":"","stick-header-meta":"","header-above-stick-meta":"","header-main-stick-meta":"","header-below-stick-meta":"","astra-migrate-meta-layouts":"set","ast-page-background-enabled":"default","ast-page-background-meta":{"desktop":{"background-color":"var(--ast-global-color-4)","background-image":"","background-repeat":"repeat","background-position":"center center","background-size":"auto","background-attachment":"scroll","background-type":"","background-media":"","overlay-type":"","overlay-color":"","overlay-opacity":"","overlay-gradient":""},"tablet":{"background-color":"","background-image":"","background-repeat":"repeat","background-position":"center center","background-size":"auto","background-attachment":"scroll","background-type":"","background-media":"","overlay-type":"","overlay-color":"","overlay-opacity":"","overlay-gradient":""},"mobile":{"background-color":"","background-image":"","background-repeat":"repeat","background-position":"center center","background-size":"auto","background-attachment":"scroll","background-type":"","background-media":"","overlay-type":"","overlay-color":"","overlay-opacity":"","overlay-gradient":""}},"ast-content-background-meta":{"desktop":{"background-color":"var(--ast-global-color-5)","background-image":"","background-repeat":"repeat","background-position":"center center","background-size":"auto","background-attachment":"scroll","background-type":"","background-media":"","overlay-type":"","overlay-color":"","overlay-opacity":"","overlay-gradient":""},"tablet":{"background-color":"var(--ast-global-color-5)","background-image":"","background-repeat":"repeat","background-position":"center center","background-size":"auto","background-attachment":"scroll","background-type":"","background-media":"","overlay-type":"","overlay-color":"","overlay-opacity":"","overlay-gradient":""},"mobile":{"background-color":"var(--ast-global-color-5)","background-image":"","background-repeat":"repeat","background-position":"center center","background-size":"auto","background-attachment":"scroll","background-type":"","background-media":"","overlay-type":"","overlay-color":"","overlay-opacity":"","overlay-gradient":""}},"footnotes":""},"class_list":["post-68241","page","type-page","status-publish","hentry"],"acf":[],"yoast_head":"<!-- This site is optimized with the Yoast SEO plugin v27.2 - https:\/\/yoast.com\/product\/yoast-seo-wordpress\/ -->\n<title>Easyscreen : Commencez votre d\u00e9monstration d&#039;affichage dynamique gratuitement.<\/title>\n<meta name=\"description\" content=\"Commencez votre d\u00e9monstration d&#039;affichage dynamique enti\u00e8rement gratuitement. Ouvrez un compte de d\u00e9monstration Easyscreen et d\u00e9couvrez imm\u00e9diatement \u00e0 quel point c&#039;est rapide et simple.\" \/>\n<meta name=\"robots\" content=\"index, follow, max-snippet:-1, max-image-preview:large, max-video-preview:-1\" \/>\n<link rel=\"canonical\" href=\"https:\/\/easyscreen.tv\/fr\/formulaire-de-demo\/\" \/>\n<meta property=\"og:locale\" content=\"fr_FR\" \/>\n<meta property=\"og:type\" content=\"article\" \/>\n<meta property=\"og:title\" content=\"Easyscreen : Commencez votre d\u00e9monstration d&#039;affichage dynamique gratuitement.\" \/>\n<meta property=\"og:description\" content=\"Commencez votre d\u00e9monstration d&#039;affichage dynamique enti\u00e8rement gratuitement. Ouvrez un compte de d\u00e9monstration Easyscreen et d\u00e9couvrez imm\u00e9diatement \u00e0 quel point c&#039;est rapide et simple.\" \/>\n<meta property=\"og:url\" content=\"https:\/\/easyscreen.tv\/fr\/formulaire-de-demo\/\" \/>\n<meta property=\"og:site_name\" content=\"Easyscreen.tv\" \/>\n<meta property=\"article:publisher\" content=\"https:\/\/nl-nl.facebook.com\/easyscreentv\/\" \/>\n<meta property=\"article:modified_time\" content=\"2026-01-28T16:20:03+00:00\" \/>\n<meta property=\"og:image\" content=\"https:\/\/easyscreen.tv\/wp-content\/uploads\/2023\/10\/Toyota-1-1-1.png\" \/>\n<meta name=\"twitter:card\" content=\"summary_large_image\" \/>\n<meta name=\"twitter:site\" content=\"@easyscreen_tv\" \/>\n<script type=\"application\/ld+json\" class=\"yoast-schema-graph\">{\"@context\":\"https:\/\/schema.org\",\"@graph\":[{\"@type\":\"WebPage\",\"@id\":\"https:\/\/easyscreen.tv\/fr\/formulaire-de-demo\/\",\"url\":\"https:\/\/easyscreen.tv\/fr\/formulaire-de-demo\/\",\"name\":\"Easyscreen : Commencez votre d\u00e9monstration d'affichage dynamique gratuitement.\",\"isPartOf\":{\"@id\":\"https:\/\/easyscreen.tv\/#website\"},\"primaryImageOfPage\":{\"@id\":\"https:\/\/easyscreen.tv\/fr\/formulaire-de-demo\/#primaryimage\"},\"image\":{\"@id\":\"https:\/\/easyscreen.tv\/fr\/formulaire-de-demo\/#primaryimage\"},\"thumbnailUrl\":\"https:\/\/easyscreen.tv\/wp-content\/uploads\/2023\/10\/Toyota-1-1-1.png\",\"datePublished\":\"2023-06-09T14:23:15+00:00\",\"dateModified\":\"2026-01-28T16:20:03+00:00\",\"description\":\"Commencez votre d\u00e9monstration d'affichage dynamique enti\u00e8rement gratuitement. Ouvrez un compte de d\u00e9monstration Easyscreen et d\u00e9couvrez imm\u00e9diatement \u00e0 quel point c'est rapide et simple.\",\"breadcrumb\":{\"@id\":\"https:\/\/easyscreen.tv\/fr\/formulaire-de-demo\/#breadcrumb\"},\"inLanguage\":\"fr-FR\",\"potentialAction\":[{\"@type\":\"ReadAction\",\"target\":[\"https:\/\/easyscreen.tv\/fr\/formulaire-de-demo\/\"]}]},{\"@type\":\"ImageObject\",\"inLanguage\":\"fr-FR\",\"@id\":\"https:\/\/easyscreen.tv\/fr\/formulaire-de-demo\/#primaryimage\",\"url\":\"https:\/\/easyscreen.tv\/wp-content\/uploads\/2023\/10\/Toyota-1-1-1.png\",\"contentUrl\":\"https:\/\/easyscreen.tv\/wp-content\/uploads\/2023\/10\/Toyota-1-1-1.png\"},{\"@type\":\"BreadcrumbList\",\"@id\":\"https:\/\/easyscreen.tv\/fr\/formulaire-de-demo\/#breadcrumb\",\"itemListElement\":[{\"@type\":\"ListItem\",\"position\":1,\"name\":\"Portada\",\"item\":\"https:\/\/easyscreen.tv\/fr\/homepage\/\"},{\"@type\":\"ListItem\",\"position\":2,\"name\":\"Demo formulier\"}]},{\"@type\":\"WebSite\",\"@id\":\"https:\/\/easyscreen.tv\/#website\",\"url\":\"https:\/\/easyscreen.tv\/\",\"name\":\"Easyscreen.tv\",\"description\":\"Narrowcasting &amp; Digital Signage\",\"publisher\":{\"@id\":\"https:\/\/easyscreen.tv\/#organization\"},\"potentialAction\":[{\"@type\":\"SearchAction\",\"target\":{\"@type\":\"EntryPoint\",\"urlTemplate\":\"https:\/\/easyscreen.tv\/?s={search_term_string}\"},\"query-input\":{\"@type\":\"PropertyValueSpecification\",\"valueRequired\":true,\"valueName\":\"search_term_string\"}}],\"inLanguage\":\"fr-FR\"},{\"@type\":\"Organization\",\"@id\":\"https:\/\/easyscreen.tv\/#organization\",\"name\":\"Easyscreen\",\"url\":\"https:\/\/easyscreen.tv\/\",\"logo\":{\"@type\":\"ImageObject\",\"inLanguage\":\"fr-FR\",\"@id\":\"https:\/\/easyscreen.tv\/#\/schema\/logo\/image\/\",\"url\":\"https:\/\/easyscreen.tv\/wp-content\/uploads\/2019\/08\/Logo-Easyscreen.png\",\"contentUrl\":\"https:\/\/easyscreen.tv\/wp-content\/uploads\/2019\/08\/Logo-Easyscreen.png\",\"width\":192,\"height\":43,\"caption\":\"Easyscreen\"},\"image\":{\"@id\":\"https:\/\/easyscreen.tv\/#\/schema\/logo\/image\/\"},\"sameAs\":[\"https:\/\/nl-nl.facebook.com\/easyscreentv\/\",\"https:\/\/x.com\/easyscreen_tv\",\"https:\/\/www.instagram.com\/easyscreen_narrowcasting\/\",\"https:\/\/www.linkedin.com\/company\/easyscreentv\/\",\"https:\/\/nl.pinterest.com\/easyscreentv\/\",\"https:\/\/www.youtube.com\/channel\/UC6tdp4wsQyyKsqqP1_WtVUw\"]}]}<\/script>\n<!-- \/ Yoast SEO plugin. -->","yoast_head_json":{"title":"Easyscreen : Commencez votre d\u00e9monstration d'affichage dynamique gratuitement.","description":"Commencez votre d\u00e9monstration d'affichage dynamique enti\u00e8rement gratuitement. Ouvrez un compte de d\u00e9monstration Easyscreen et d\u00e9couvrez imm\u00e9diatement \u00e0 quel point c'est rapide et simple.","robots":{"index":"index","follow":"follow","max-snippet":"max-snippet:-1","max-image-preview":"max-image-preview:large","max-video-preview":"max-video-preview:-1"},"canonical":"https:\/\/easyscreen.tv\/fr\/formulaire-de-demo\/","og_locale":"fr_FR","og_type":"article","og_title":"Easyscreen : Commencez votre d\u00e9monstration d'affichage dynamique gratuitement.","og_description":"Commencez votre d\u00e9monstration d'affichage dynamique enti\u00e8rement gratuitement. Ouvrez un compte de d\u00e9monstration Easyscreen et d\u00e9couvrez imm\u00e9diatement \u00e0 quel point c'est rapide et simple.","og_url":"https:\/\/easyscreen.tv\/fr\/formulaire-de-demo\/","og_site_name":"Easyscreen.tv","article_publisher":"https:\/\/nl-nl.facebook.com\/easyscreentv\/","article_modified_time":"2026-01-28T16:20:03+00:00","og_image":[{"url":"https:\/\/easyscreen.tv\/wp-content\/uploads\/2023\/10\/Toyota-1-1-1.png","type":"","width":"","height":""}],"twitter_card":"summary_large_image","twitter_site":"@easyscreen_tv","schema":{"@context":"https:\/\/schema.org","@graph":[{"@type":"WebPage","@id":"https:\/\/easyscreen.tv\/fr\/formulaire-de-demo\/","url":"https:\/\/easyscreen.tv\/fr\/formulaire-de-demo\/","name":"Easyscreen : Commencez votre d\u00e9monstration d'affichage dynamique gratuitement.","isPartOf":{"@id":"https:\/\/easyscreen.tv\/#website"},"primaryImageOfPage":{"@id":"https:\/\/easyscreen.tv\/fr\/formulaire-de-demo\/#primaryimage"},"image":{"@id":"https:\/\/easyscreen.tv\/fr\/formulaire-de-demo\/#primaryimage"},"thumbnailUrl":"https:\/\/easyscreen.tv\/wp-content\/uploads\/2023\/10\/Toyota-1-1-1.png","datePublished":"2023-06-09T14:23:15+00:00","dateModified":"2026-01-28T16:20:03+00:00","description":"Commencez votre d\u00e9monstration d'affichage dynamique enti\u00e8rement gratuitement. Ouvrez un compte de d\u00e9monstration Easyscreen et d\u00e9couvrez imm\u00e9diatement \u00e0 quel point c'est rapide et simple.","breadcrumb":{"@id":"https:\/\/easyscreen.tv\/fr\/formulaire-de-demo\/#breadcrumb"},"inLanguage":"fr-FR","potentialAction":[{"@type":"ReadAction","target":["https:\/\/easyscreen.tv\/fr\/formulaire-de-demo\/"]}]},{"@type":"ImageObject","inLanguage":"fr-FR","@id":"https:\/\/easyscreen.tv\/fr\/formulaire-de-demo\/#primaryimage","url":"https:\/\/easyscreen.tv\/wp-content\/uploads\/2023\/10\/Toyota-1-1-1.png","contentUrl":"https:\/\/easyscreen.tv\/wp-content\/uploads\/2023\/10\/Toyota-1-1-1.png"},{"@type":"BreadcrumbList","@id":"https:\/\/easyscreen.tv\/fr\/formulaire-de-demo\/#breadcrumb","itemListElement":[{"@type":"ListItem","position":1,"name":"Portada","item":"https:\/\/easyscreen.tv\/fr\/homepage\/"},{"@type":"ListItem","position":2,"name":"Demo formulier"}]},{"@type":"WebSite","@id":"https:\/\/easyscreen.tv\/#website","url":"https:\/\/easyscreen.tv\/","name":"Easyscreen.tv","description":"Narrowcasting &amp; Digital Signage","publisher":{"@id":"https:\/\/easyscreen.tv\/#organization"},"potentialAction":[{"@type":"SearchAction","target":{"@type":"EntryPoint","urlTemplate":"https:\/\/easyscreen.tv\/?s={search_term_string}"},"query-input":{"@type":"PropertyValueSpecification","valueRequired":true,"valueName":"search_term_string"}}],"inLanguage":"fr-FR"},{"@type":"Organization","@id":"https:\/\/easyscreen.tv\/#organization","name":"Easyscreen","url":"https:\/\/easyscreen.tv\/","logo":{"@type":"ImageObject","inLanguage":"fr-FR","@id":"https:\/\/easyscreen.tv\/#\/schema\/logo\/image\/","url":"https:\/\/easyscreen.tv\/wp-content\/uploads\/2019\/08\/Logo-Easyscreen.png","contentUrl":"https:\/\/easyscreen.tv\/wp-content\/uploads\/2019\/08\/Logo-Easyscreen.png","width":192,"height":43,"caption":"Easyscreen"},"image":{"@id":"https:\/\/easyscreen.tv\/#\/schema\/logo\/image\/"},"sameAs":["https:\/\/nl-nl.facebook.com\/easyscreentv\/","https:\/\/x.com\/easyscreen_tv","https:\/\/www.instagram.com\/easyscreen_narrowcasting\/","https:\/\/www.linkedin.com\/company\/easyscreentv\/","https:\/\/nl.pinterest.com\/easyscreentv\/","https:\/\/www.youtube.com\/channel\/UC6tdp4wsQyyKsqqP1_WtVUw"]}]}},"_links":{"self":[{"href":"https:\/\/easyscreen.tv\/fr\/wp-json\/wp\/v2\/pages\/68241","targetHints":{"allow":["GET"]}}],"collection":[{"href":"https:\/\/easyscreen.tv\/fr\/wp-json\/wp\/v2\/pages"}],"about":[{"href":"https:\/\/easyscreen.tv\/fr\/wp-json\/wp\/v2\/types\/page"}],"author":[{"embeddable":true,"href":"https:\/\/easyscreen.tv\/fr\/wp-json\/wp\/v2\/users\/28"}],"replies":[{"embeddable":true,"href":"https:\/\/easyscreen.tv\/fr\/wp-json\/wp\/v2\/comments?post=68241"}],"version-history":[{"count":17,"href":"https:\/\/easyscreen.tv\/fr\/wp-json\/wp\/v2\/pages\/68241\/revisions"}],"predecessor-version":[{"id":87060,"href":"https:\/\/easyscreen.tv\/fr\/wp-json\/wp\/v2\/pages\/68241\/revisions\/87060"}],"wp:attachment":[{"href":"https:\/\/easyscreen.tv\/fr\/wp-json\/wp\/v2\/media?parent=68241"}],"curies":[{"name":"wp","href":"https:\/\/api.w.org\/{rel}","templated":true}]}}