{"id":68249,"date":"2023-10-18T20:17:11","date_gmt":"2023-10-18T19:17:11","guid":{"rendered":"https:\/\/easyscreen.tv\/thanks-demo-account\/"},"modified":"2024-10-15T11:14:23","modified_gmt":"2024-10-15T10:14:23","slug":"remerciement-compte-de-demo-page","status":"publish","type":"page","link":"https:\/\/easyscreen.tv\/fr\/remerciement-compte-de-demo-page\/","title":{"rendered":"Thank you page &#8211; demo account"},"content":{"rendered":"\t\t<div data-elementor-type=\"wp-page\" data-elementor-id=\"68249\" class=\"elementor elementor-68249 elementor-53063\" data-elementor-post-type=\"page\">\n\t\t\t\t\t\t<section class=\"elementor-section elementor-top-section elementor-element elementor-element-50cca7b elementor-section-boxed elementor-section-height-default elementor-section-height-default\" data-id=\"50cca7b\" data-element_type=\"section\" data-e-type=\"section\">\n\t\t\t\t\t\t<div class=\"elementor-container elementor-column-gap-default\">\n\t\t\t\t\t<div class=\"elementor-column elementor-col-100 elementor-top-column elementor-element elementor-element-c8b5b9e\" data-id=\"c8b5b9e\" data-element_type=\"column\" data-e-type=\"column\">\n\t\t\t<div class=\"elementor-widget-wrap elementor-element-populated\">\n\t\t\t\t\t\t<div class=\"elementor-element elementor-element-0145c90 elementor-widget elementor-widget-heading\" data-id=\"0145c90\" data-element_type=\"widget\" data-e-type=\"widget\" data-widget_type=\"heading.default\">\n\t\t\t\t<div class=\"elementor-widget-container\">\n\t\t\t\t\t<h2 class=\"elementor-heading-title elementor-size-default\">Merci pour votre demande de d\u00e9monstration !<\/h2>\t\t\t\t<\/div>\n\t\t\t\t<\/div>\n\t\t\t\t<div class=\"elementor-element elementor-element-71e52a2 elementor-widget elementor-widget-text-editor\" data-id=\"71e52a2\" data-element_type=\"widget\" data-e-type=\"widget\" data-widget_type=\"text-editor.default\">\n\t\t\t\t<div class=\"elementor-widget-container\">\n\t\t\t\t\t\t\t\t\t<section class=\"text-center\"><div class=\"container\"><div class=\"row\"><div class=\"col-sm-10 col-md-8\"><p class=\"lead\" style=\"text-align: center;\">Nous utilisons vos donn\u00e9es pour vous envoyer l&rsquo;identifiant de d\u00e9monstration et<br \/>\u00e9ventuellement pour vous contacter. Vous recevrez vos identifiants dans les minutes<br \/>qui suivent. Vous n&rsquo;avez rien re\u00e7u ? V\u00e9rifiez votre bo\u00eete \u00e0 spam.<\/p><\/div><\/div><\/div><\/section><footer class=\"footer-6 unpad--bottom\"><div class=\"container\"><div class=\"row\"><div class=\"col-sm-6 col-md-3 col-xs-12\"><div id=\"nav_menu-6\" class=\"widget widget_nav_menu sidebar__element\">\u00a0<\/div><\/div><\/div><\/div><\/footer>\t\t\t\t\t\t\t\t<\/div>\n\t\t\t\t<\/div>\n\t\t\t\t\t<\/div>\n\t\t<\/div>\n\t\t\t\t\t<\/div>\n\t\t<\/section>\n\t\t\t\t<\/div>\n\t\t","protected":false},"excerpt":{"rendered":"<p>Merci pour votre demande de d\u00e9monstration ! Nous utilisons vos donn\u00e9es pour vous envoyer l&rsquo;identifiant de d\u00e9monstration et\u00e9ventuellement pour vous contacter. Vous recevrez vos identifiants dans les minutesqui suivent. Vous n&rsquo;avez rien re\u00e7u ? V\u00e9rifiez votre bo\u00eete \u00e0 spam. \u00a0<\/p>\n","protected":false},"author":28,"featured_media":0,"parent":0,"menu_order":0,"comment_status":"closed","ping_status":"closed","template":"","meta":{"_acf_changed":false,"content-type":"","site-sidebar-layout":"no-sidebar","site-content-layout":"page-builder","ast-site-content-layout":"full-width-container","site-content-style":"default","site-sidebar-style":"default","ast-global-header-display":"","ast-banner-title-visibility":"","ast-main-header-display":"","ast-hfb-above-header-display":"","ast-hfb-below-header-display":"","ast-hfb-mobile-header-display":"","site-post-title":"disabled","ast-breadcrumbs-content":"","ast-featured-img":"disabled","footer-sml-layout":"","ast-disable-related-posts":"","theme-transparent-header-meta":"","adv-header-id-meta":"","stick-header-meta":"","header-above-stick-meta":"","header-main-stick-meta":"","header-below-stick-meta":"","astra-migrate-meta-layouts":"set","ast-page-background-enabled":"default","ast-page-background-meta":{"desktop":{"background-color":"var(--ast-global-color-4)","background-image":"","background-repeat":"repeat","background-position":"center center","background-size":"auto","background-attachment":"scroll","background-type":"","background-media":"","overlay-type":"","overlay-color":"","overlay-opacity":"","overlay-gradient":""},"tablet":{"background-color":"","background-image":"","background-repeat":"repeat","background-position":"center center","background-size":"auto","background-attachment":"scroll","background-type":"","background-media":"","overlay-type":"","overlay-color":"","overlay-opacity":"","overlay-gradient":""},"mobile":{"background-color":"","background-image":"","background-repeat":"repeat","background-position":"center center","background-size":"auto","background-attachment":"scroll","background-type":"","background-media":"","overlay-type":"","overlay-color":"","overlay-opacity":"","overlay-gradient":""}},"ast-content-background-meta":{"desktop":{"background-color":"var(--ast-global-color-5)","background-image":"","background-repeat":"repeat","background-position":"center center","background-size":"auto","background-attachment":"scroll","background-type":"","background-media":"","overlay-type":"","overlay-color":"","overlay-opacity":"","overlay-gradient":""},"tablet":{"background-color":"var(--ast-global-color-5)","background-image":"","background-repeat":"repeat","background-position":"center center","background-size":"auto","background-attachment":"scroll","background-type":"","background-media":"","overlay-type":"","overlay-color":"","overlay-opacity":"","overlay-gradient":""},"mobile":{"background-color":"var(--ast-global-color-5)","background-image":"","background-repeat":"repeat","background-position":"center center","background-size":"auto","background-attachment":"scroll","background-type":"","background-media":"","overlay-type":"","overlay-color":"","overlay-opacity":"","overlay-gradient":""}},"footnotes":""},"class_list":["post-68249","page","type-page","status-publish","hentry"],"acf":[],"yoast_head":"<!-- This site is optimized with the Yoast SEO plugin v27.2 - https:\/\/yoast.com\/product\/yoast-seo-wordpress\/ -->\n<title>Thank you page - demo account - Easyscreen.tv<\/title>\n<meta name=\"robots\" content=\"index, follow, max-snippet:-1, max-image-preview:large, max-video-preview:-1\" \/>\n<link rel=\"canonical\" href=\"https:\/\/easyscreen.tv\/fr\/remerciement-compte-de-demo-page\/\" \/>\n<meta property=\"og:locale\" content=\"fr_FR\" \/>\n<meta property=\"og:type\" content=\"article\" \/>\n<meta property=\"og:title\" content=\"Thank you page - demo account - Easyscreen.tv\" \/>\n<meta property=\"og:description\" content=\"Merci pour votre demande de d\u00e9monstration ! Nous utilisons vos donn\u00e9es pour vous envoyer l&rsquo;identifiant de d\u00e9monstration et\u00e9ventuellement pour vous contacter. Vous recevrez vos identifiants dans les minutesqui suivent. Vous n&rsquo;avez rien re\u00e7u ? V\u00e9rifiez votre bo\u00eete \u00e0 spam. \u00a0\" \/>\n<meta property=\"og:url\" content=\"https:\/\/easyscreen.tv\/fr\/remerciement-compte-de-demo-page\/\" \/>\n<meta property=\"og:site_name\" content=\"Easyscreen.tv\" \/>\n<meta property=\"article:publisher\" content=\"https:\/\/nl-nl.facebook.com\/easyscreentv\/\" \/>\n<meta property=\"article:modified_time\" content=\"2024-10-15T10:14:23+00:00\" \/>\n<meta name=\"twitter:card\" content=\"summary_large_image\" \/>\n<meta name=\"twitter:site\" content=\"@easyscreen_tv\" \/>\n<script type=\"application\/ld+json\" class=\"yoast-schema-graph\">{\"@context\":\"https:\/\/schema.org\",\"@graph\":[{\"@type\":\"WebPage\",\"@id\":\"https:\/\/easyscreen.tv\/fr\/remerciement-compte-de-demo-page\/\",\"url\":\"https:\/\/easyscreen.tv\/fr\/remerciement-compte-de-demo-page\/\",\"name\":\"Thank you page - demo account - Easyscreen.tv\",\"isPartOf\":{\"@id\":\"https:\/\/easyscreen.tv\/#website\"},\"datePublished\":\"2023-10-18T19:17:11+00:00\",\"dateModified\":\"2024-10-15T10:14:23+00:00\",\"breadcrumb\":{\"@id\":\"https:\/\/easyscreen.tv\/fr\/remerciement-compte-de-demo-page\/#breadcrumb\"},\"inLanguage\":\"fr-FR\",\"potentialAction\":[{\"@type\":\"ReadAction\",\"target\":[\"https:\/\/easyscreen.tv\/fr\/remerciement-compte-de-demo-page\/\"]}]},{\"@type\":\"BreadcrumbList\",\"@id\":\"https:\/\/easyscreen.tv\/fr\/remerciement-compte-de-demo-page\/#breadcrumb\",\"itemListElement\":[{\"@type\":\"ListItem\",\"position\":1,\"name\":\"Portada\",\"item\":\"https:\/\/easyscreen.tv\/fr\/homepage\/\"},{\"@type\":\"ListItem\",\"position\":2,\"name\":\"Thank you page &#8211; demo account\"}]},{\"@type\":\"WebSite\",\"@id\":\"https:\/\/easyscreen.tv\/#website\",\"url\":\"https:\/\/easyscreen.tv\/\",\"name\":\"Easyscreen.tv\",\"description\":\"Narrowcasting &amp; Digital Signage\",\"publisher\":{\"@id\":\"https:\/\/easyscreen.tv\/#organization\"},\"potentialAction\":[{\"@type\":\"SearchAction\",\"target\":{\"@type\":\"EntryPoint\",\"urlTemplate\":\"https:\/\/easyscreen.tv\/?s={search_term_string}\"},\"query-input\":{\"@type\":\"PropertyValueSpecification\",\"valueRequired\":true,\"valueName\":\"search_term_string\"}}],\"inLanguage\":\"fr-FR\"},{\"@type\":\"Organization\",\"@id\":\"https:\/\/easyscreen.tv\/#organization\",\"name\":\"Easyscreen\",\"url\":\"https:\/\/easyscreen.tv\/\",\"logo\":{\"@type\":\"ImageObject\",\"inLanguage\":\"fr-FR\",\"@id\":\"https:\/\/easyscreen.tv\/#\/schema\/logo\/image\/\",\"url\":\"https:\/\/easyscreen.tv\/wp-content\/uploads\/2019\/08\/Logo-Easyscreen.png\",\"contentUrl\":\"https:\/\/easyscreen.tv\/wp-content\/uploads\/2019\/08\/Logo-Easyscreen.png\",\"width\":192,\"height\":43,\"caption\":\"Easyscreen\"},\"image\":{\"@id\":\"https:\/\/easyscreen.tv\/#\/schema\/logo\/image\/\"},\"sameAs\":[\"https:\/\/nl-nl.facebook.com\/easyscreentv\/\",\"https:\/\/x.com\/easyscreen_tv\",\"https:\/\/www.instagram.com\/easyscreen_narrowcasting\/\",\"https:\/\/www.linkedin.com\/company\/easyscreentv\/\",\"https:\/\/nl.pinterest.com\/easyscreentv\/\",\"https:\/\/www.youtube.com\/channel\/UC6tdp4wsQyyKsqqP1_WtVUw\"]}]}<\/script>\n<!-- \/ Yoast SEO plugin. -->","yoast_head_json":{"title":"Thank you page - demo account - Easyscreen.tv","robots":{"index":"index","follow":"follow","max-snippet":"max-snippet:-1","max-image-preview":"max-image-preview:large","max-video-preview":"max-video-preview:-1"},"canonical":"https:\/\/easyscreen.tv\/fr\/remerciement-compte-de-demo-page\/","og_locale":"fr_FR","og_type":"article","og_title":"Thank you page - demo account - Easyscreen.tv","og_description":"Merci pour votre demande de d\u00e9monstration ! Nous utilisons vos donn\u00e9es pour vous envoyer l&rsquo;identifiant de d\u00e9monstration et\u00e9ventuellement pour vous contacter. Vous recevrez vos identifiants dans les minutesqui suivent. Vous n&rsquo;avez rien re\u00e7u ? V\u00e9rifiez votre bo\u00eete \u00e0 spam. \u00a0","og_url":"https:\/\/easyscreen.tv\/fr\/remerciement-compte-de-demo-page\/","og_site_name":"Easyscreen.tv","article_publisher":"https:\/\/nl-nl.facebook.com\/easyscreentv\/","article_modified_time":"2024-10-15T10:14:23+00:00","twitter_card":"summary_large_image","twitter_site":"@easyscreen_tv","schema":{"@context":"https:\/\/schema.org","@graph":[{"@type":"WebPage","@id":"https:\/\/easyscreen.tv\/fr\/remerciement-compte-de-demo-page\/","url":"https:\/\/easyscreen.tv\/fr\/remerciement-compte-de-demo-page\/","name":"Thank you page - demo account - Easyscreen.tv","isPartOf":{"@id":"https:\/\/easyscreen.tv\/#website"},"datePublished":"2023-10-18T19:17:11+00:00","dateModified":"2024-10-15T10:14:23+00:00","breadcrumb":{"@id":"https:\/\/easyscreen.tv\/fr\/remerciement-compte-de-demo-page\/#breadcrumb"},"inLanguage":"fr-FR","potentialAction":[{"@type":"ReadAction","target":["https:\/\/easyscreen.tv\/fr\/remerciement-compte-de-demo-page\/"]}]},{"@type":"BreadcrumbList","@id":"https:\/\/easyscreen.tv\/fr\/remerciement-compte-de-demo-page\/#breadcrumb","itemListElement":[{"@type":"ListItem","position":1,"name":"Portada","item":"https:\/\/easyscreen.tv\/fr\/homepage\/"},{"@type":"ListItem","position":2,"name":"Thank you page &#8211; demo account"}]},{"@type":"WebSite","@id":"https:\/\/easyscreen.tv\/#website","url":"https:\/\/easyscreen.tv\/","name":"Easyscreen.tv","description":"Narrowcasting &amp; Digital Signage","publisher":{"@id":"https:\/\/easyscreen.tv\/#organization"},"potentialAction":[{"@type":"SearchAction","target":{"@type":"EntryPoint","urlTemplate":"https:\/\/easyscreen.tv\/?s={search_term_string}"},"query-input":{"@type":"PropertyValueSpecification","valueRequired":true,"valueName":"search_term_string"}}],"inLanguage":"fr-FR"},{"@type":"Organization","@id":"https:\/\/easyscreen.tv\/#organization","name":"Easyscreen","url":"https:\/\/easyscreen.tv\/","logo":{"@type":"ImageObject","inLanguage":"fr-FR","@id":"https:\/\/easyscreen.tv\/#\/schema\/logo\/image\/","url":"https:\/\/easyscreen.tv\/wp-content\/uploads\/2019\/08\/Logo-Easyscreen.png","contentUrl":"https:\/\/easyscreen.tv\/wp-content\/uploads\/2019\/08\/Logo-Easyscreen.png","width":192,"height":43,"caption":"Easyscreen"},"image":{"@id":"https:\/\/easyscreen.tv\/#\/schema\/logo\/image\/"},"sameAs":["https:\/\/nl-nl.facebook.com\/easyscreentv\/","https:\/\/x.com\/easyscreen_tv","https:\/\/www.instagram.com\/easyscreen_narrowcasting\/","https:\/\/www.linkedin.com\/company\/easyscreentv\/","https:\/\/nl.pinterest.com\/easyscreentv\/","https:\/\/www.youtube.com\/channel\/UC6tdp4wsQyyKsqqP1_WtVUw"]}]}},"_links":{"self":[{"href":"https:\/\/easyscreen.tv\/fr\/wp-json\/wp\/v2\/pages\/68249","targetHints":{"allow":["GET"]}}],"collection":[{"href":"https:\/\/easyscreen.tv\/fr\/wp-json\/wp\/v2\/pages"}],"about":[{"href":"https:\/\/easyscreen.tv\/fr\/wp-json\/wp\/v2\/types\/page"}],"author":[{"embeddable":true,"href":"https:\/\/easyscreen.tv\/fr\/wp-json\/wp\/v2\/users\/28"}],"replies":[{"embeddable":true,"href":"https:\/\/easyscreen.tv\/fr\/wp-json\/wp\/v2\/comments?post=68249"}],"version-history":[{"count":4,"href":"https:\/\/easyscreen.tv\/fr\/wp-json\/wp\/v2\/pages\/68249\/revisions"}],"predecessor-version":[{"id":69483,"href":"https:\/\/easyscreen.tv\/fr\/wp-json\/wp\/v2\/pages\/68249\/revisions\/69483"}],"wp:attachment":[{"href":"https:\/\/easyscreen.tv\/fr\/wp-json\/wp\/v2\/media?parent=68249"}],"curies":[{"name":"wp","href":"https:\/\/api.w.org\/{rel}","templated":true}]}}