{"id":68342,"date":"2023-06-06T10:21:25","date_gmt":"2023-06-06T09:21:25","guid":{"rendered":"https:\/\/easyscreen.tv\/disclaimer\/"},"modified":"2025-06-27T09:41:54","modified_gmt":"2025-06-27T08:41:54","slug":"clause-de-non-responsabilite","status":"publish","type":"page","link":"https:\/\/easyscreen.tv\/fr\/clause-de-non-responsabilite\/","title":{"rendered":"Disclaimer"},"content":{"rendered":"\t\t<div data-elementor-type=\"wp-page\" data-elementor-id=\"68342\" class=\"elementor elementor-68342 elementor-39236\" data-elementor-post-type=\"page\">\n\t\t\t\t\t\t<section class=\"elementor-section elementor-top-section elementor-element elementor-element-4194ea6 elementor-section-boxed elementor-section-height-default elementor-section-height-default\" data-id=\"4194ea6\" data-element_type=\"section\" data-e-type=\"section\">\n\t\t\t\t\t\t<div class=\"elementor-container elementor-column-gap-default\">\n\t\t\t\t\t<div class=\"elementor-column elementor-col-100 elementor-top-column elementor-element elementor-element-db3f204\" data-id=\"db3f204\" data-element_type=\"column\" data-e-type=\"column\">\n\t\t\t<div class=\"elementor-widget-wrap elementor-element-populated\">\n\t\t\t\t\t\t<div class=\"elementor-element elementor-element-9314ca1 elementor-widget elementor-widget-heading\" data-id=\"9314ca1\" data-element_type=\"widget\" data-e-type=\"widget\" data-widget_type=\"heading.default\">\n\t\t\t\t<div class=\"elementor-widget-container\">\n\t\t\t\t\t<h1 class=\"elementor-heading-title elementor-size-default\">Disclaimer<\/h1>\t\t\t\t<\/div>\n\t\t\t\t<\/div>\n\t\t\t\t<div class=\"elementor-element elementor-element-cf1633f elementor-widget elementor-widget-heading\" data-id=\"cf1633f\" data-element_type=\"widget\" data-e-type=\"widget\" data-widget_type=\"heading.default\">\n\t\t\t\t<div class=\"elementor-widget-container\">\n\t\t\t\t\t<h2 class=\"elementor-heading-title elementor-size-default\">Introduction\n<\/h2>\t\t\t\t<\/div>\n\t\t\t\t<\/div>\n\t\t\t\t<div class=\"elementor-element elementor-element-3ab7e3b elementor-widget elementor-widget-text-editor\" data-id=\"3ab7e3b\" data-element_type=\"widget\" data-e-type=\"widget\" data-widget_type=\"text-editor.default\">\n\t\t\t\t<div class=\"elementor-widget-container\">\n\t\t\t\t\t\t\t\t\t<p>Easyscreen met tout en \u0153uvre pour que le contenu de ce site Web soit correct et actualis\u00e9. N\u00e9anmoins, Easyscreen n&rsquo;accepte aucune responsabilit\u00e9 quant au contenu de ce site web ou au contenu des sites web d&rsquo;autres personnes accessibles par un lien hypertexte sur cette page ou d&rsquo;autres pages du site www.<\/p><p>\u00a0<\/p><p>Les images sont prot\u00e9g\u00e9es par le droit d&rsquo;auteur. L&rsquo;utilisation non autoris\u00e9e, la multiplication et la distribution \u00e0 des tiers, en tout ou en partie, sont interdites sans notre autorisation \u00e9crite.<\/p><p>\u00a0<\/p><p class=\"lead\">\u00a0<\/p>\t\t\t\t\t\t\t\t<\/div>\n\t\t\t\t<\/div>\n\t\t\t\t<div class=\"elementor-element elementor-element-d1c2e3b elementor-widget elementor-widget-heading\" data-id=\"d1c2e3b\" data-element_type=\"widget\" data-e-type=\"widget\" data-widget_type=\"heading.default\">\n\t\t\t\t<div class=\"elementor-widget-container\">\n\t\t\t\t\t<h2 class=\"elementor-heading-title elementor-size-default\">Utiliser Easyscreen<\/h2>\t\t\t\t<\/div>\n\t\t\t\t<\/div>\n\t\t\t\t<div class=\"elementor-element elementor-element-19032c5 elementor-widget elementor-widget-text-editor\" data-id=\"19032c5\" data-element_type=\"widget\" data-e-type=\"widget\" data-widget_type=\"text-editor.default\">\n\t\t\t\t<div class=\"elementor-widget-container\">\n\t\t\t\t\t\t\t\t\t<p>Easyscreen (nom commercial de Notice Branded Media BV) n&rsquo;est pas responsable du contenu affich\u00e9 via le logiciel et le lecteur Easyscreen. Easyscreen ne peut garantir l&rsquo;exactitude, l&rsquo;exhaustivit\u00e9 ou l&rsquo;utilit\u00e9 du contenu, ni en assumer la responsabilit\u00e9.<\/p><p>\u00a0<\/p><p>En utilisant le player Easyscreen, le client accepte d&rsquo;\u00eatre responsable du contenu affich\u00e9 par le logiciel et le lecteur Easyscreen et accepte d&rsquo;indemniser Easyscreen pour toute r\u00e9clamation bas\u00e9e sur le contenu affich\u00e9. En aucun cas, Easyscreen ne pourra \u00eatre tenu pour responsable des dommages directs et\/ou indirects r\u00e9sultant du contenu affich\u00e9 au moyen du player Easyscreen, y compris, mais sans s&rsquo;y limiter, le manque \u00e0 gagner, l&rsquo;interruption des activit\u00e9s et la perte de donn\u00e9es.<\/p><p>\u00a0<\/p><p>En obtenant un produit ou un service d&rsquo;Easyscreen, ce produit ou ce service est fourni \u00ab\u00a0en l&rsquo;\u00e9tat\u00a0\u00bb sans autre garantie que celle convenue par \u00e9crit avec le client, expresse ou implicite, et l&rsquo;utilisation de ce produit ou de ce service se fait enti\u00e8rement aux risques et p\u00e9rils du client.<\/p><p>\u00a0<\/p><p>En utilisant le player et le logiciel d&rsquo;Easyscreen, le client accepte les conditions g\u00e9n\u00e9rales d&rsquo;utilisation de Branded Media BV.<\/p><p>\u00a0<\/p><p class=\"lead\">\u00a0<\/p><p class=\"lead\">\u00a0<\/p><p class=\"lead\">\u00a0<\/p>\t\t\t\t\t\t\t\t<\/div>\n\t\t\t\t<\/div>\n\t\t\t\t<div class=\"elementor-element elementor-element-4484238 elementor-widget elementor-widget-heading\" data-id=\"4484238\" data-element_type=\"widget\" data-e-type=\"widget\" data-widget_type=\"heading.default\">\n\t\t\t\t<div class=\"elementor-widget-container\">\n\t\t\t\t\t<h2 class=\"elementor-heading-title elementor-size-default\">Licence d'utilisation Easyscreen<\/h2>\t\t\t\t<\/div>\n\t\t\t\t<\/div>\n\t\t\t\t<div class=\"elementor-element elementor-element-332a02d elementor-widget elementor-widget-text-editor\" data-id=\"332a02d\" data-element_type=\"widget\" data-e-type=\"widget\" data-widget_type=\"text-editor.default\">\n\t\t\t\t<div class=\"elementor-widget-container\">\n\t\t\t\t\t\t\t\t\t<p>Easyscreen accorde au client un droit non exclusif et non transf\u00e9rable d&rsquo;utiliser les services offerts dans le cadre d&rsquo;un abonnement pour la dur\u00e9e de l&rsquo;abonnement, sous r\u00e9serve des conditions et limitations de l&rsquo;abonnement et des Conditions g\u00e9n\u00e9rales d&rsquo;utilisation. Le client accepte ce droit d&rsquo;utilisation non exclusif.<\/p><p>\u00a0<\/p><p>Le client ne peut utiliser les services que dans le cadre des activit\u00e9s normales de l&rsquo;entreprise, mais cette utilisation ne peut conduire \u00e0 une quelconque forme d&rsquo;exploitation de ces services &#8211; \u00e0 des fins commerciales ou autres &#8211; par le client ou un tiers client.<\/p><p>\u00a0<\/p><p>Le client n&rsquo;est pas autoris\u00e9 \u00e0 rendre public le logiciel et\/ou les services de quelque mani\u00e8re que ce soit, \u00e0 copier ou autrement copier ou modifier le service, sauf dans la mesure o\u00f9 cela est n\u00e9cessaire pour l&rsquo;utilisation des services eux-m\u00eames ou si une autorisation \u00e9crite explicite est donn\u00e9e au pr\u00e9alable par Easyscreen.<\/p><p>\u00a0<\/p><p>Le client d\u00e9clare et garantit \u00e0 Easyscreen de ne pas utiliser le logiciel et\/ou les services \u00e0 des fins ill\u00e9gales, immorales ou interdites par les pr\u00e9sents termes, conditions et annonces. Ceci s&rsquo;applique \u00e9galement au contenu qui est utilis\u00e9 et\/ou rendu public par le client ou par l&rsquo;interm\u00e9diaire du client \u00e0 l&rsquo;aide du logiciel et\/ou des services.<\/p>\t\t\t\t\t\t\t\t<\/div>\n\t\t\t\t<\/div>\n\t\t\t\t<div class=\"elementor-element elementor-element-2a67bbd elementor-widget elementor-widget-heading\" data-id=\"2a67bbd\" data-element_type=\"widget\" data-e-type=\"widget\" data-widget_type=\"heading.default\">\n\t\t\t\t<div class=\"elementor-widget-container\">\n\t\t\t\t\t<h2 class=\"elementor-heading-title elementor-size-default\">Droits de propri\u00e9t\u00e9 intellectuelle<\/h2>\t\t\t\t<\/div>\n\t\t\t\t<\/div>\n\t\t\t\t<div class=\"elementor-element elementor-element-b66f84e elementor-widget elementor-widget-text-editor\" data-id=\"b66f84e\" data-element_type=\"widget\" data-e-type=\"widget\" data-widget_type=\"text-editor.default\">\n\t\t\t\t<div class=\"elementor-widget-container\">\n\t\t\t\t\t\t\t\t\t<p>Sauf accord \u00e9crit contraire, tous les droits de propri\u00e9t\u00e9 intellectuelle relatifs \u00e0 M-Cube S.p.A. ou aux services fournis par M-Cube S.p.A. appartiennent \u00e0 tout moment \u00e0 M-Cube S.p.A., \u00e0 ses fournisseurs ou \u00e0 toute autre partie d\u00e9sign\u00e9e par M-Cube S.p.A. \u00e0 cette fin.<\/p>\n<p><\/p>\n<p>Il est express\u00e9ment interdit au client, en l&rsquo;absence d&rsquo;autorisation \u00e9crite de M-Cube S.p.A. , de publier, distribuer, dupliquer ou exploiter de toute autre mani\u00e8re le logiciel et\/ou les services, le tout au sens le plus large.&nbsp;<span style=\"font-style: inherit; font-weight: inherit; color: var( --e-global-color-text ); background-color: var(--ast-global-color-5);\">M-Cube S.p.A. ne peut en aucun cas \u00eatre tenu responsable de la violation d&rsquo;un quelconque droit de propri\u00e9t\u00e9 intellectuelle ou industrielle.<\/span><\/p>\n<p><\/p>\n<p><br><\/p>\t\t\t\t\t\t\t\t<\/div>\n\t\t\t\t<\/div>\n\t\t\t\t\t<\/div>\n\t\t<\/div>\n\t\t\t\t\t<\/div>\n\t\t<\/section>\n\t\t\t\t<\/div>\n\t\t","protected":false},"excerpt":{"rendered":"<p>Disclaimer Introduction Easyscreen met tout en \u0153uvre pour que le contenu de ce site Web soit correct et actualis\u00e9. N\u00e9anmoins, Easyscreen n&rsquo;accepte aucune responsabilit\u00e9 quant au contenu de ce site web ou au contenu des sites web d&rsquo;autres personnes accessibles par un lien hypertexte sur cette page ou d&rsquo;autres pages du site www. \u00a0 Les [&hellip;]<\/p>\n","protected":false},"author":28,"featured_media":0,"parent":0,"menu_order":0,"comment_status":"closed","ping_status":"closed","template":"","meta":{"_acf_changed":false,"content-type":"","site-sidebar-layout":"no-sidebar","site-content-layout":"page-builder","ast-site-content-layout":"default","site-content-style":"default","site-sidebar-style":"default","ast-global-header-display":"","ast-banner-title-visibility":"","ast-main-header-display":"","ast-hfb-above-header-display":"","ast-hfb-below-header-display":"","ast-hfb-mobile-header-display":"","site-post-title":"disabled","ast-breadcrumbs-content":"","ast-featured-img":"disabled","footer-sml-layout":"","ast-disable-related-posts":"","theme-transparent-header-meta":"","adv-header-id-meta":"","stick-header-meta":"","header-above-stick-meta":"","header-main-stick-meta":"","header-below-stick-meta":"","astra-migrate-meta-layouts":"set","ast-page-background-enabled":"default","ast-page-background-meta":{"desktop":{"background-color":"var(--ast-global-color-4)","background-image":"","background-repeat":"repeat","background-position":"center center","background-size":"auto","background-attachment":"scroll","background-type":"","background-media":"","overlay-type":"","overlay-color":"","overlay-opacity":"","overlay-gradient":""},"tablet":{"background-color":"","background-image":"","background-repeat":"repeat","background-position":"center center","background-size":"auto","background-attachment":"scroll","background-type":"","background-media":"","overlay-type":"","overlay-color":"","overlay-opacity":"","overlay-gradient":""},"mobile":{"background-color":"","background-image":"","background-repeat":"repeat","background-position":"center center","background-size":"auto","background-attachment":"scroll","background-type":"","background-media":"","overlay-type":"","overlay-color":"","overlay-opacity":"","overlay-gradient":""}},"ast-content-background-meta":{"desktop":{"background-color":"var(--ast-global-color-5)","background-image":"","background-repeat":"repeat","background-position":"center center","background-size":"auto","background-attachment":"scroll","background-type":"","background-media":"","overlay-type":"","overlay-color":"","overlay-opacity":"","overlay-gradient":""},"tablet":{"background-color":"var(--ast-global-color-5)","background-image":"","background-repeat":"repeat","background-position":"center center","background-size":"auto","background-attachment":"scroll","background-type":"","background-media":"","overlay-type":"","overlay-color":"","overlay-opacity":"","overlay-gradient":""},"mobile":{"background-color":"var(--ast-global-color-5)","background-image":"","background-repeat":"repeat","background-position":"center center","background-size":"auto","background-attachment":"scroll","background-type":"","background-media":"","overlay-type":"","overlay-color":"","overlay-opacity":"","overlay-gradient":""}},"footnotes":""},"class_list":["post-68342","page","type-page","status-publish","hentry"],"acf":[],"yoast_head":"<!-- This site is optimized with the Yoast SEO plugin v27.2 - https:\/\/yoast.com\/product\/yoast-seo-wordpress\/ -->\n<title>Easyscreen : Avertissement et informations compl\u00e9mentaires sur l\u2019utilisation d\u2019Easyscreen.<\/title>\n<meta name=\"description\" content=\"Captivez votre audience avec nos mod\u00e8les pr\u00e9con\u00e7us exceptionnels. Cr\u00e9ez un programme d\u2019affichage dynamique vari\u00e9 et complet.\" \/>\n<meta name=\"robots\" content=\"index, follow, max-snippet:-1, max-image-preview:large, max-video-preview:-1\" \/>\n<link rel=\"canonical\" href=\"https:\/\/easyscreen.tv\/fr\/clause-de-non-responsabilite\/\" \/>\n<meta property=\"og:locale\" content=\"fr_FR\" \/>\n<meta property=\"og:type\" content=\"article\" \/>\n<meta property=\"og:title\" content=\"Easyscreen : Avertissement et informations compl\u00e9mentaires sur l\u2019utilisation d\u2019Easyscreen.\" \/>\n<meta property=\"og:description\" content=\"Captivez votre audience avec nos mod\u00e8les pr\u00e9con\u00e7us exceptionnels. Cr\u00e9ez un programme d\u2019affichage dynamique vari\u00e9 et complet.\" \/>\n<meta property=\"og:url\" content=\"https:\/\/easyscreen.tv\/fr\/clause-de-non-responsabilite\/\" \/>\n<meta property=\"og:site_name\" content=\"Easyscreen.tv\" \/>\n<meta property=\"article:publisher\" content=\"https:\/\/nl-nl.facebook.com\/easyscreentv\/\" \/>\n<meta property=\"article:modified_time\" content=\"2025-06-27T08:41:54+00:00\" \/>\n<meta name=\"twitter:card\" content=\"summary_large_image\" \/>\n<meta name=\"twitter:site\" content=\"@easyscreen_tv\" \/>\n<meta name=\"twitter:label1\" content=\"Dur\u00e9e de lecture estim\u00e9e\" \/>\n\t<meta name=\"twitter:data1\" content=\"3 minutes\" \/>\n<script type=\"application\/ld+json\" class=\"yoast-schema-graph\">{\"@context\":\"https:\/\/schema.org\",\"@graph\":[{\"@type\":\"WebPage\",\"@id\":\"https:\/\/easyscreen.tv\/fr\/clause-de-non-responsabilite\/\",\"url\":\"https:\/\/easyscreen.tv\/fr\/clause-de-non-responsabilite\/\",\"name\":\"Easyscreen : Avertissement et informations compl\u00e9mentaires sur l\u2019utilisation d\u2019Easyscreen.\",\"isPartOf\":{\"@id\":\"https:\/\/easyscreen.tv\/#website\"},\"datePublished\":\"2023-06-06T09:21:25+00:00\",\"dateModified\":\"2025-06-27T08:41:54+00:00\",\"description\":\"Captivez votre audience avec nos mod\u00e8les pr\u00e9con\u00e7us exceptionnels. Cr\u00e9ez un programme d\u2019affichage dynamique vari\u00e9 et complet.\",\"breadcrumb\":{\"@id\":\"https:\/\/easyscreen.tv\/fr\/clause-de-non-responsabilite\/#breadcrumb\"},\"inLanguage\":\"fr-FR\",\"potentialAction\":[{\"@type\":\"ReadAction\",\"target\":[\"https:\/\/easyscreen.tv\/fr\/clause-de-non-responsabilite\/\"]}]},{\"@type\":\"BreadcrumbList\",\"@id\":\"https:\/\/easyscreen.tv\/fr\/clause-de-non-responsabilite\/#breadcrumb\",\"itemListElement\":[{\"@type\":\"ListItem\",\"position\":1,\"name\":\"Portada\",\"item\":\"https:\/\/easyscreen.tv\/fr\/homepage\/\"},{\"@type\":\"ListItem\",\"position\":2,\"name\":\"Disclaimer\"}]},{\"@type\":\"WebSite\",\"@id\":\"https:\/\/easyscreen.tv\/#website\",\"url\":\"https:\/\/easyscreen.tv\/\",\"name\":\"Easyscreen.tv\",\"description\":\"Narrowcasting &amp; Digital Signage\",\"publisher\":{\"@id\":\"https:\/\/easyscreen.tv\/#organization\"},\"potentialAction\":[{\"@type\":\"SearchAction\",\"target\":{\"@type\":\"EntryPoint\",\"urlTemplate\":\"https:\/\/easyscreen.tv\/?s={search_term_string}\"},\"query-input\":{\"@type\":\"PropertyValueSpecification\",\"valueRequired\":true,\"valueName\":\"search_term_string\"}}],\"inLanguage\":\"fr-FR\"},{\"@type\":\"Organization\",\"@id\":\"https:\/\/easyscreen.tv\/#organization\",\"name\":\"Easyscreen\",\"url\":\"https:\/\/easyscreen.tv\/\",\"logo\":{\"@type\":\"ImageObject\",\"inLanguage\":\"fr-FR\",\"@id\":\"https:\/\/easyscreen.tv\/#\/schema\/logo\/image\/\",\"url\":\"https:\/\/easyscreen.tv\/wp-content\/uploads\/2019\/08\/Logo-Easyscreen.png\",\"contentUrl\":\"https:\/\/easyscreen.tv\/wp-content\/uploads\/2019\/08\/Logo-Easyscreen.png\",\"width\":192,\"height\":43,\"caption\":\"Easyscreen\"},\"image\":{\"@id\":\"https:\/\/easyscreen.tv\/#\/schema\/logo\/image\/\"},\"sameAs\":[\"https:\/\/nl-nl.facebook.com\/easyscreentv\/\",\"https:\/\/x.com\/easyscreen_tv\",\"https:\/\/www.instagram.com\/easyscreen_narrowcasting\/\",\"https:\/\/www.linkedin.com\/company\/easyscreentv\/\",\"https:\/\/nl.pinterest.com\/easyscreentv\/\",\"https:\/\/www.youtube.com\/channel\/UC6tdp4wsQyyKsqqP1_WtVUw\"]}]}<\/script>\n<!-- \/ Yoast SEO plugin. -->","yoast_head_json":{"title":"Easyscreen : Avertissement et informations compl\u00e9mentaires sur l\u2019utilisation d\u2019Easyscreen.","description":"Captivez votre audience avec nos mod\u00e8les pr\u00e9con\u00e7us exceptionnels. Cr\u00e9ez un programme d\u2019affichage dynamique vari\u00e9 et complet.","robots":{"index":"index","follow":"follow","max-snippet":"max-snippet:-1","max-image-preview":"max-image-preview:large","max-video-preview":"max-video-preview:-1"},"canonical":"https:\/\/easyscreen.tv\/fr\/clause-de-non-responsabilite\/","og_locale":"fr_FR","og_type":"article","og_title":"Easyscreen : Avertissement et informations compl\u00e9mentaires sur l\u2019utilisation d\u2019Easyscreen.","og_description":"Captivez votre audience avec nos mod\u00e8les pr\u00e9con\u00e7us exceptionnels. Cr\u00e9ez un programme d\u2019affichage dynamique vari\u00e9 et complet.","og_url":"https:\/\/easyscreen.tv\/fr\/clause-de-non-responsabilite\/","og_site_name":"Easyscreen.tv","article_publisher":"https:\/\/nl-nl.facebook.com\/easyscreentv\/","article_modified_time":"2025-06-27T08:41:54+00:00","twitter_card":"summary_large_image","twitter_site":"@easyscreen_tv","twitter_misc":{"Dur\u00e9e de lecture estim\u00e9e":"3 minutes"},"schema":{"@context":"https:\/\/schema.org","@graph":[{"@type":"WebPage","@id":"https:\/\/easyscreen.tv\/fr\/clause-de-non-responsabilite\/","url":"https:\/\/easyscreen.tv\/fr\/clause-de-non-responsabilite\/","name":"Easyscreen : Avertissement et informations compl\u00e9mentaires sur l\u2019utilisation d\u2019Easyscreen.","isPartOf":{"@id":"https:\/\/easyscreen.tv\/#website"},"datePublished":"2023-06-06T09:21:25+00:00","dateModified":"2025-06-27T08:41:54+00:00","description":"Captivez votre audience avec nos mod\u00e8les pr\u00e9con\u00e7us exceptionnels. Cr\u00e9ez un programme d\u2019affichage dynamique vari\u00e9 et complet.","breadcrumb":{"@id":"https:\/\/easyscreen.tv\/fr\/clause-de-non-responsabilite\/#breadcrumb"},"inLanguage":"fr-FR","potentialAction":[{"@type":"ReadAction","target":["https:\/\/easyscreen.tv\/fr\/clause-de-non-responsabilite\/"]}]},{"@type":"BreadcrumbList","@id":"https:\/\/easyscreen.tv\/fr\/clause-de-non-responsabilite\/#breadcrumb","itemListElement":[{"@type":"ListItem","position":1,"name":"Portada","item":"https:\/\/easyscreen.tv\/fr\/homepage\/"},{"@type":"ListItem","position":2,"name":"Disclaimer"}]},{"@type":"WebSite","@id":"https:\/\/easyscreen.tv\/#website","url":"https:\/\/easyscreen.tv\/","name":"Easyscreen.tv","description":"Narrowcasting &amp; Digital Signage","publisher":{"@id":"https:\/\/easyscreen.tv\/#organization"},"potentialAction":[{"@type":"SearchAction","target":{"@type":"EntryPoint","urlTemplate":"https:\/\/easyscreen.tv\/?s={search_term_string}"},"query-input":{"@type":"PropertyValueSpecification","valueRequired":true,"valueName":"search_term_string"}}],"inLanguage":"fr-FR"},{"@type":"Organization","@id":"https:\/\/easyscreen.tv\/#organization","name":"Easyscreen","url":"https:\/\/easyscreen.tv\/","logo":{"@type":"ImageObject","inLanguage":"fr-FR","@id":"https:\/\/easyscreen.tv\/#\/schema\/logo\/image\/","url":"https:\/\/easyscreen.tv\/wp-content\/uploads\/2019\/08\/Logo-Easyscreen.png","contentUrl":"https:\/\/easyscreen.tv\/wp-content\/uploads\/2019\/08\/Logo-Easyscreen.png","width":192,"height":43,"caption":"Easyscreen"},"image":{"@id":"https:\/\/easyscreen.tv\/#\/schema\/logo\/image\/"},"sameAs":["https:\/\/nl-nl.facebook.com\/easyscreentv\/","https:\/\/x.com\/easyscreen_tv","https:\/\/www.instagram.com\/easyscreen_narrowcasting\/","https:\/\/www.linkedin.com\/company\/easyscreentv\/","https:\/\/nl.pinterest.com\/easyscreentv\/","https:\/\/www.youtube.com\/channel\/UC6tdp4wsQyyKsqqP1_WtVUw"]}]}},"_links":{"self":[{"href":"https:\/\/easyscreen.tv\/fr\/wp-json\/wp\/v2\/pages\/68342","targetHints":{"allow":["GET"]}}],"collection":[{"href":"https:\/\/easyscreen.tv\/fr\/wp-json\/wp\/v2\/pages"}],"about":[{"href":"https:\/\/easyscreen.tv\/fr\/wp-json\/wp\/v2\/types\/page"}],"author":[{"embeddable":true,"href":"https:\/\/easyscreen.tv\/fr\/wp-json\/wp\/v2\/users\/28"}],"replies":[{"embeddable":true,"href":"https:\/\/easyscreen.tv\/fr\/wp-json\/wp\/v2\/comments?post=68342"}],"version-history":[{"count":4,"href":"https:\/\/easyscreen.tv\/fr\/wp-json\/wp\/v2\/pages\/68342\/revisions"}],"predecessor-version":[{"id":68602,"href":"https:\/\/easyscreen.tv\/fr\/wp-json\/wp\/v2\/pages\/68342\/revisions\/68602"}],"wp:attachment":[{"href":"https:\/\/easyscreen.tv\/fr\/wp-json\/wp\/v2\/media?parent=68342"}],"curies":[{"name":"wp","href":"https:\/\/api.w.org\/{rel}","templated":true}]}}