{"id":39251,"date":"2023-06-06T10:21:25","date_gmt":"2023-06-06T09:21:25","guid":{"rendered":"https:\/\/easyscreen.tv\/disclaimer\/"},"modified":"2026-03-11T15:24:27","modified_gmt":"2026-03-11T14:24:27","slug":"avvertenze","status":"publish","type":"page","link":"https:\/\/easyscreen.tv\/it\/avvertenze\/","title":{"rendered":"Disclaimer"},"content":{"rendered":"\t\t<div data-elementor-type=\"wp-page\" data-elementor-id=\"39251\" class=\"elementor elementor-39251 elementor-39236\" data-elementor-post-type=\"page\">\n\t\t\t\t\t\t<section class=\"elementor-section elementor-top-section elementor-element elementor-element-4194ea6 elementor-section-boxed elementor-section-height-default elementor-section-height-default\" data-id=\"4194ea6\" data-element_type=\"section\" data-e-type=\"section\">\n\t\t\t\t\t\t<div class=\"elementor-container elementor-column-gap-default\">\n\t\t\t\t\t<div class=\"elementor-column elementor-col-100 elementor-top-column elementor-element elementor-element-db3f204\" data-id=\"db3f204\" data-element_type=\"column\" data-e-type=\"column\">\n\t\t\t<div class=\"elementor-widget-wrap elementor-element-populated\">\n\t\t\t\t\t\t<div class=\"elementor-element elementor-element-874b57f elementor-widget elementor-widget-heading\" data-id=\"874b57f\" data-element_type=\"widget\" data-e-type=\"widget\" data-widget_type=\"heading.default\">\n\t\t\t\t<div class=\"elementor-widget-container\">\n\t\t\t\t\t<h1 class=\"elementor-heading-title elementor-size-default\">Disclaimer<\/h1>\t\t\t\t<\/div>\n\t\t\t\t<\/div>\n\t\t\t\t<div class=\"elementor-element elementor-element-cf1633f elementor-widget elementor-widget-heading\" data-id=\"cf1633f\" data-element_type=\"widget\" data-e-type=\"widget\" data-widget_type=\"heading.default\">\n\t\t\t\t<div class=\"elementor-widget-container\">\n\t\t\t\t\t<h2 class=\"elementor-heading-title elementor-size-default\">Introduzione\n<\/h2>\t\t\t\t<\/div>\n\t\t\t\t<\/div>\n\t\t\t\t<div class=\"elementor-element elementor-element-3ab7e3b elementor-widget elementor-widget-text-editor\" data-id=\"3ab7e3b\" data-element_type=\"widget\" data-e-type=\"widget\" data-widget_type=\"text-editor.default\">\n\t\t\t\t<div class=\"elementor-widget-container\">\n\t\t\t\t\t\t\t\t\t<p class=\"lead\">Easyscreen fa del suo meglio per mantenere i contenuti di questo sito web corretti e aggiornati. Tuttavia, non si assume nessuna responsabilit\u00e0 sul contenuto di questo sito web ne del contenuto di altri che possano essere raggiunti tramite hyperlink o altre pagine www.<\/p>\n<p class=\"lead\">Le riprese sono protette da copyright. Un uso non autorizzato, copia o distribuzione per intero o in parte non \u00e8 consentito senza autorizzazione scritta.<\/p>\t\t\t\t\t\t\t\t<\/div>\n\t\t\t\t<\/div>\n\t\t\t\t<div class=\"elementor-element elementor-element-d1c2e3b elementor-widget elementor-widget-heading\" data-id=\"d1c2e3b\" data-element_type=\"widget\" data-e-type=\"widget\" data-widget_type=\"heading.default\">\n\t\t\t\t<div class=\"elementor-widget-container\">\n\t\t\t\t\t<h2 class=\"elementor-heading-title elementor-size-default\">Utilizzo Easyscreen\n\n<\/h2>\t\t\t\t<\/div>\n\t\t\t\t<\/div>\n\t\t\t\t<div class=\"elementor-element elementor-element-19032c5 elementor-widget elementor-widget-text-editor\" data-id=\"19032c5\" data-element_type=\"widget\" data-e-type=\"widget\" data-widget_type=\"text-editor.default\">\n\t\t\t\t<div class=\"elementor-widget-container\">\n\t\t\t\t\t\t\t\t\t<p class=\"lead\">Easyscreen (denominazione commerciale di M-Cube NL Digital Engagement B.V. ) non \u00e8 responsabile per i contenuti mostrati attraverso i lettori multimediali e software Easyscreen. Easyscreen non pu\u00f2 garantire la correttezza, completezza o utilizzo dei contenuti e non si assume nessuna responsabilit\u00e0 per essi.<\/p><p class=\"lead\">I clienti accettano la responsabilit\u00e0 dei contenuti mostrati con il software e il lettore Easyscreen e accettano di risarcire Easyscreen in relazione a qualsiasi reclamo basato sul contenuto visualizzato. In nessuna eventualit\u00e0 Easyscreen sar\u00e0 ritenuto responsabile per alcun danno diretto o indiretto causato dai contenuti mostrati tramite il lettore Easyscreen, inclusi, senza limitazione, perdita di profitti, interruzione dell&#8217;attivit\u00e0 e perdita di dati.<\/p><p class=\"lead\">Ottenendo un prodotto o servizio da Easyscreen,tale prodotto o servizio \u00e8 fornito &#8220;cos\u00ec com&#8217;\u00e8&#8221; senza alcuna garanzia diversa da quella concordata per iscritto con il cliente, espressa o implicita, e l&#8217;uso del tale prodotto o servizio \u00e8 interamente a rischio del cliente.<\/p><p class=\"lead\">Utilizzando un lettore o software Easyscreen, il cliente aderisce alle Condizioni Generali di M-Cube NL Digital Engagement B.V.<\/p>\t\t\t\t\t\t\t\t<\/div>\n\t\t\t\t<\/div>\n\t\t\t\t<div class=\"elementor-element elementor-element-4484238 elementor-widget elementor-widget-heading\" data-id=\"4484238\" data-element_type=\"widget\" data-e-type=\"widget\" data-widget_type=\"heading.default\">\n\t\t\t\t<div class=\"elementor-widget-container\">\n\t\t\t\t\t<h2 class=\"elementor-heading-title elementor-size-default\">Easyscreen licenza utente\n\n<\/h2>\t\t\t\t<\/div>\n\t\t\t\t<\/div>\n\t\t\t\t<div class=\"elementor-element elementor-element-332a02d elementor-widget elementor-widget-text-editor\" data-id=\"332a02d\" data-element_type=\"widget\" data-e-type=\"widget\" data-widget_type=\"text-editor.default\">\n\t\t\t\t<div class=\"elementor-widget-container\">\n\t\t\t\t\t\t\t\t\t<p class=\"lead\">Easyscreen garantisce al cliente un diritto non esclusivo e non trasferibile di utilizzare i servizi offerti nel quadro di una sottoscrizione per la durata dei termini della sottoscrizione, soggetto alle condizioni e nei limiti dell&#8217;abbonamento e ai Termini Generali e Condizioni d&#8217;uso. Il clienti accetta il diritto di utilizzo non esclusivo.<\/p>\n\n<p class=\"lead\">The customer can only use the Services for the normal business activities within the company, but this use cannot be such that it leads to any form of exploitation of these services &#8211; whether for commercial purposes or otherwise &#8211; by the customer or a customer third party.<\/p>\n\n<p class=\"lead\">The customer is not permitted to make the software and \/ or services in any way public, copy or otherwise copy or modify the service, except insofar as necessary for the use of the services themselves or if explicit written authorisation is given beforehand by Easyscreen.<\/p>\n\n<p class=\"lead\">Il cliente dichiara e garantisce ad Easyscreen di non utilizzare il software e\/o i servizi per nessuno scopo che sia illegale o immorale o proibito da questi termini e condizioni. Questo vale anche per i contenuti che vengono utilizzati e resi pubblici dagli utenti.<\/p>\t\t\t\t\t\t\t\t<\/div>\n\t\t\t\t<\/div>\n\t\t\t\t<div class=\"elementor-element elementor-element-2a67bbd elementor-widget elementor-widget-heading\" data-id=\"2a67bbd\" data-element_type=\"widget\" data-e-type=\"widget\" data-widget_type=\"heading.default\">\n\t\t\t\t<div class=\"elementor-widget-container\">\n\t\t\t\t\t<h2 class=\"elementor-heading-title elementor-size-default\">Diritti per la propriet\u00e0 intellettuale\n<\/h2>\t\t\t\t<\/div>\n\t\t\t\t<\/div>\n\t\t\t\t<div class=\"elementor-element elementor-element-b66f84e elementor-widget elementor-widget-text-editor\" data-id=\"b66f84e\" data-element_type=\"widget\" data-e-type=\"widget\" data-widget_type=\"text-editor.default\">\n\t\t\t\t<div class=\"elementor-widget-container\">\n\t\t\t\t\t\t\t\t\t<p class=\"lead\">Salvo diverso accordo scritto, tutti i diritti sulla propriet\u00e0 intellettuale relativi a Easyscreen o servizi forniti da Easyscreen rimangono ad Easyscreen in ogni momento, a ai suoi fornitori o al alcuna altra parte designata da Easyscreen per quello scopo. \n<\/p>\n\n<p class=\"lead\">Il cliente accetta l&#8217;espresso divieto, salvo diverso accordo scritto di Easyscreen, di pubblicare, distribuire, duplicare o anche sfruttare il software e\/o i servizi, tutto nel senso pi\u00f9 ampio.<\/p>\n\n<p class=\"lead\">Easyscreen non sar\u00e0 responsabile in nessun caso per alcuna violazione dei diritti di propriet\u00e0 intellettuale o industriale. <\/p>\t\t\t\t\t\t\t\t<\/div>\n\t\t\t\t<\/div>\n\t\t\t\t\t<\/div>\n\t\t<\/div>\n\t\t\t\t\t<\/div>\n\t\t<\/section>\n\t\t\t\t<\/div>\n\t\t","protected":false},"excerpt":{"rendered":"<p>Disclaimer Introduzione Easyscreen fa del suo meglio per mantenere i contenuti di questo sito web corretti e aggiornati. Tuttavia, non si assume nessuna responsabilit\u00e0 sul contenuto di questo sito web ne del contenuto di altri che possano essere raggiunti tramite hyperlink o altre pagine www. Le riprese sono protette da copyright. Un uso non autorizzato, [&hellip;]<\/p>\n","protected":false},"author":28,"featured_media":0,"parent":0,"menu_order":0,"comment_status":"closed","ping_status":"closed","template":"","meta":{"_acf_changed":false,"content-type":"","site-sidebar-layout":"no-sidebar","site-content-layout":"page-builder","ast-site-content-layout":"default","site-content-style":"default","site-sidebar-style":"default","ast-global-header-display":"","ast-banner-title-visibility":"","ast-main-header-display":"","ast-hfb-above-header-display":"","ast-hfb-below-header-display":"","ast-hfb-mobile-header-display":"","site-post-title":"disabled","ast-breadcrumbs-content":"","ast-featured-img":"disabled","footer-sml-layout":"","ast-disable-related-posts":"","theme-transparent-header-meta":"","adv-header-id-meta":"","stick-header-meta":"","header-above-stick-meta":"","header-main-stick-meta":"","header-below-stick-meta":"","astra-migrate-meta-layouts":"default","ast-page-background-enabled":"default","ast-page-background-meta":{"desktop":{"background-color":"var(--ast-global-color-4)","background-image":"","background-repeat":"repeat","background-position":"center center","background-size":"auto","background-attachment":"scroll","background-type":"","background-media":"","overlay-type":"","overlay-color":"","overlay-opacity":"","overlay-gradient":""},"tablet":{"background-color":"","background-image":"","background-repeat":"repeat","background-position":"center center","background-size":"auto","background-attachment":"scroll","background-type":"","background-media":"","overlay-type":"","overlay-color":"","overlay-opacity":"","overlay-gradient":""},"mobile":{"background-color":"","background-image":"","background-repeat":"repeat","background-position":"center center","background-size":"auto","background-attachment":"scroll","background-type":"","background-media":"","overlay-type":"","overlay-color":"","overlay-opacity":"","overlay-gradient":""}},"ast-content-background-meta":{"desktop":{"background-color":"var(--ast-global-color-5)","background-image":"","background-repeat":"repeat","background-position":"center center","background-size":"auto","background-attachment":"scroll","background-type":"","background-media":"","overlay-type":"","overlay-color":"","overlay-opacity":"","overlay-gradient":""},"tablet":{"background-color":"var(--ast-global-color-5)","background-image":"","background-repeat":"repeat","background-position":"center center","background-size":"auto","background-attachment":"scroll","background-type":"","background-media":"","overlay-type":"","overlay-color":"","overlay-opacity":"","overlay-gradient":""},"mobile":{"background-color":"var(--ast-global-color-5)","background-image":"","background-repeat":"repeat","background-position":"center center","background-size":"auto","background-attachment":"scroll","background-type":"","background-media":"","overlay-type":"","overlay-color":"","overlay-opacity":"","overlay-gradient":""}},"footnotes":""},"class_list":["post-39251","page","type-page","status-publish","hentry"],"acf":[],"yoast_head":"<!-- This site is optimized with the Yoast SEO plugin v27.2 - https:\/\/yoast.com\/product\/yoast-seo-wordpress\/ -->\n<title>Easyscreen: Avvertenze e informazioni sull&#039;uso di Easyscreen<\/title>\n<meta name=\"description\" content=\"Qui troverai tutte le informazioni e avvertenze su licenze, diritti e molto altro. Grazie per aver scelto Easyscreen.\" \/>\n<meta name=\"robots\" content=\"index, follow, max-snippet:-1, max-image-preview:large, max-video-preview:-1\" \/>\n<link rel=\"canonical\" href=\"https:\/\/easyscreen.tv\/it\/avvertenze\/\" \/>\n<meta property=\"og:locale\" content=\"it_IT\" \/>\n<meta property=\"og:type\" content=\"article\" \/>\n<meta property=\"og:title\" content=\"Easyscreen: Avvertenze e informazioni sull&#039;uso di Easyscreen\" \/>\n<meta property=\"og:description\" content=\"Qui troverai tutte le informazioni e avvertenze su licenze, diritti e molto altro. Grazie per aver scelto Easyscreen.\" \/>\n<meta property=\"og:url\" content=\"https:\/\/easyscreen.tv\/it\/avvertenze\/\" \/>\n<meta property=\"og:site_name\" content=\"Easyscreen.tv\" \/>\n<meta property=\"article:publisher\" content=\"https:\/\/nl-nl.facebook.com\/easyscreentv\/\" \/>\n<meta property=\"article:modified_time\" content=\"2026-03-11T14:24:27+00:00\" \/>\n<meta name=\"twitter:card\" content=\"summary_large_image\" \/>\n<meta name=\"twitter:site\" content=\"@easyscreen_tv\" \/>\n<meta name=\"twitter:label1\" content=\"Tempo di lettura stimato\" \/>\n\t<meta name=\"twitter:data1\" content=\"3 minuti\" \/>\n<script type=\"application\/ld+json\" class=\"yoast-schema-graph\">{\"@context\":\"https:\/\/schema.org\",\"@graph\":[{\"@type\":\"WebPage\",\"@id\":\"https:\/\/easyscreen.tv\/it\/avvertenze\/\",\"url\":\"https:\/\/easyscreen.tv\/it\/avvertenze\/\",\"name\":\"Easyscreen: Avvertenze e informazioni sull'uso di Easyscreen\",\"isPartOf\":{\"@id\":\"https:\/\/easyscreen.tv\/#website\"},\"datePublished\":\"2023-06-06T09:21:25+00:00\",\"dateModified\":\"2026-03-11T14:24:27+00:00\",\"description\":\"Qui troverai tutte le informazioni e avvertenze su licenze, diritti e molto altro. Grazie per aver scelto Easyscreen.\",\"breadcrumb\":{\"@id\":\"https:\/\/easyscreen.tv\/it\/avvertenze\/#breadcrumb\"},\"inLanguage\":\"it-IT\",\"potentialAction\":[{\"@type\":\"ReadAction\",\"target\":[\"https:\/\/easyscreen.tv\/it\/avvertenze\/\"]}]},{\"@type\":\"BreadcrumbList\",\"@id\":\"https:\/\/easyscreen.tv\/it\/avvertenze\/#breadcrumb\",\"itemListElement\":[{\"@type\":\"ListItem\",\"position\":1,\"name\":\"Portada\",\"item\":\"https:\/\/easyscreen.tv\/it\/homepage\/\"},{\"@type\":\"ListItem\",\"position\":2,\"name\":\"Disclaimer\"}]},{\"@type\":\"WebSite\",\"@id\":\"https:\/\/easyscreen.tv\/#website\",\"url\":\"https:\/\/easyscreen.tv\/\",\"name\":\"Easyscreen.tv\",\"description\":\"Narrowcasting &amp; Digital Signage\",\"publisher\":{\"@id\":\"https:\/\/easyscreen.tv\/#organization\"},\"potentialAction\":[{\"@type\":\"SearchAction\",\"target\":{\"@type\":\"EntryPoint\",\"urlTemplate\":\"https:\/\/easyscreen.tv\/?s={search_term_string}\"},\"query-input\":{\"@type\":\"PropertyValueSpecification\",\"valueRequired\":true,\"valueName\":\"search_term_string\"}}],\"inLanguage\":\"it-IT\"},{\"@type\":\"Organization\",\"@id\":\"https:\/\/easyscreen.tv\/#organization\",\"name\":\"Easyscreen\",\"url\":\"https:\/\/easyscreen.tv\/\",\"logo\":{\"@type\":\"ImageObject\",\"inLanguage\":\"it-IT\",\"@id\":\"https:\/\/easyscreen.tv\/#\/schema\/logo\/image\/\",\"url\":\"https:\/\/easyscreen.tv\/wp-content\/uploads\/2019\/08\/Logo-Easyscreen.png\",\"contentUrl\":\"https:\/\/easyscreen.tv\/wp-content\/uploads\/2019\/08\/Logo-Easyscreen.png\",\"width\":192,\"height\":43,\"caption\":\"Easyscreen\"},\"image\":{\"@id\":\"https:\/\/easyscreen.tv\/#\/schema\/logo\/image\/\"},\"sameAs\":[\"https:\/\/nl-nl.facebook.com\/easyscreentv\/\",\"https:\/\/x.com\/easyscreen_tv\",\"https:\/\/www.instagram.com\/easyscreen_narrowcasting\/\",\"https:\/\/www.linkedin.com\/company\/easyscreentv\/\",\"https:\/\/nl.pinterest.com\/easyscreentv\/\",\"https:\/\/www.youtube.com\/channel\/UC6tdp4wsQyyKsqqP1_WtVUw\"]}]}<\/script>\n<!-- \/ Yoast SEO plugin. -->","yoast_head_json":{"title":"Easyscreen: Avvertenze e informazioni sull'uso di Easyscreen","description":"Qui troverai tutte le informazioni e avvertenze su licenze, diritti e molto altro. Grazie per aver scelto Easyscreen.","robots":{"index":"index","follow":"follow","max-snippet":"max-snippet:-1","max-image-preview":"max-image-preview:large","max-video-preview":"max-video-preview:-1"},"canonical":"https:\/\/easyscreen.tv\/it\/avvertenze\/","og_locale":"it_IT","og_type":"article","og_title":"Easyscreen: Avvertenze e informazioni sull'uso di Easyscreen","og_description":"Qui troverai tutte le informazioni e avvertenze su licenze, diritti e molto altro. Grazie per aver scelto Easyscreen.","og_url":"https:\/\/easyscreen.tv\/it\/avvertenze\/","og_site_name":"Easyscreen.tv","article_publisher":"https:\/\/nl-nl.facebook.com\/easyscreentv\/","article_modified_time":"2026-03-11T14:24:27+00:00","twitter_card":"summary_large_image","twitter_site":"@easyscreen_tv","twitter_misc":{"Tempo di lettura stimato":"3 minuti"},"schema":{"@context":"https:\/\/schema.org","@graph":[{"@type":"WebPage","@id":"https:\/\/easyscreen.tv\/it\/avvertenze\/","url":"https:\/\/easyscreen.tv\/it\/avvertenze\/","name":"Easyscreen: Avvertenze e informazioni sull'uso di Easyscreen","isPartOf":{"@id":"https:\/\/easyscreen.tv\/#website"},"datePublished":"2023-06-06T09:21:25+00:00","dateModified":"2026-03-11T14:24:27+00:00","description":"Qui troverai tutte le informazioni e avvertenze su licenze, diritti e molto altro. Grazie per aver scelto Easyscreen.","breadcrumb":{"@id":"https:\/\/easyscreen.tv\/it\/avvertenze\/#breadcrumb"},"inLanguage":"it-IT","potentialAction":[{"@type":"ReadAction","target":["https:\/\/easyscreen.tv\/it\/avvertenze\/"]}]},{"@type":"BreadcrumbList","@id":"https:\/\/easyscreen.tv\/it\/avvertenze\/#breadcrumb","itemListElement":[{"@type":"ListItem","position":1,"name":"Portada","item":"https:\/\/easyscreen.tv\/it\/homepage\/"},{"@type":"ListItem","position":2,"name":"Disclaimer"}]},{"@type":"WebSite","@id":"https:\/\/easyscreen.tv\/#website","url":"https:\/\/easyscreen.tv\/","name":"Easyscreen.tv","description":"Narrowcasting &amp; Digital Signage","publisher":{"@id":"https:\/\/easyscreen.tv\/#organization"},"potentialAction":[{"@type":"SearchAction","target":{"@type":"EntryPoint","urlTemplate":"https:\/\/easyscreen.tv\/?s={search_term_string}"},"query-input":{"@type":"PropertyValueSpecification","valueRequired":true,"valueName":"search_term_string"}}],"inLanguage":"it-IT"},{"@type":"Organization","@id":"https:\/\/easyscreen.tv\/#organization","name":"Easyscreen","url":"https:\/\/easyscreen.tv\/","logo":{"@type":"ImageObject","inLanguage":"it-IT","@id":"https:\/\/easyscreen.tv\/#\/schema\/logo\/image\/","url":"https:\/\/easyscreen.tv\/wp-content\/uploads\/2019\/08\/Logo-Easyscreen.png","contentUrl":"https:\/\/easyscreen.tv\/wp-content\/uploads\/2019\/08\/Logo-Easyscreen.png","width":192,"height":43,"caption":"Easyscreen"},"image":{"@id":"https:\/\/easyscreen.tv\/#\/schema\/logo\/image\/"},"sameAs":["https:\/\/nl-nl.facebook.com\/easyscreentv\/","https:\/\/x.com\/easyscreen_tv","https:\/\/www.instagram.com\/easyscreen_narrowcasting\/","https:\/\/www.linkedin.com\/company\/easyscreentv\/","https:\/\/nl.pinterest.com\/easyscreentv\/","https:\/\/www.youtube.com\/channel\/UC6tdp4wsQyyKsqqP1_WtVUw"]}]}},"_links":{"self":[{"href":"https:\/\/easyscreen.tv\/it\/wp-json\/wp\/v2\/pages\/39251","targetHints":{"allow":["GET"]}}],"collection":[{"href":"https:\/\/easyscreen.tv\/it\/wp-json\/wp\/v2\/pages"}],"about":[{"href":"https:\/\/easyscreen.tv\/it\/wp-json\/wp\/v2\/types\/page"}],"author":[{"embeddable":true,"href":"https:\/\/easyscreen.tv\/it\/wp-json\/wp\/v2\/users\/28"}],"replies":[{"embeddable":true,"href":"https:\/\/easyscreen.tv\/it\/wp-json\/wp\/v2\/comments?post=39251"}],"version-history":[{"count":11,"href":"https:\/\/easyscreen.tv\/it\/wp-json\/wp\/v2\/pages\/39251\/revisions"}],"predecessor-version":[{"id":89653,"href":"https:\/\/easyscreen.tv\/it\/wp-json\/wp\/v2\/pages\/39251\/revisions\/89653"}],"wp:attachment":[{"href":"https:\/\/easyscreen.tv\/it\/wp-json\/wp\/v2\/media?parent=39251"}],"curies":[{"name":"wp","href":"https:\/\/api.w.org\/{rel}","templated":true}]}}